{"id":153303,"date":"2021-01-15T12:36:22","date_gmt":"2021-01-15T12:36:22","guid":{"rendered":"https:\/\/codengine3.ch\/?product=import-placeholder-for-204203"},"modified":"2021-01-15T14:30:51","modified_gmt":"2021-01-15T14:30:51","slug":"stille","status":"publish","type":"product","link":"https:\/\/pizbube.ch\/en\/shop\/stille\/","title":{"rendered":"Stille"},"content":{"rendered":"<p>Bilder zu Landschaften: Furka, Pr\u00e4ttigau, Engadin&#8230; Wir erleben das st\u00e4ndige<br \/>\nWunder einer stillen Pr\u00e4senz. Als einzige Zeit verbleibt das Wetter und das<br \/>\nwechselnde Licht der Landschaft. 55 S. Farbfotos, Text von G. Magnaguagno<\/p>","protected":false},"excerpt":{"rendered":"<p>Bilder zu Landschaften: Furka, Pr\u00e4ttigau, Engadin&#8230; Wir erleben das st\u00e4ndige Wunder einer stillen Pr\u00e4senz. Als einzige Zeit verbleibt das Wetter und das wechselnde Licht der Landschaft. 55 S. Farbfotos, Text von G. Magnaguagno<\/p>","protected":false},"featured_media":31993,"template":"","meta":[],"product_brand":[],"product_cat":[21580],"product_tag":[],"class_list":{"0":"post-153303","1":"product","2":"type-product","3":"status-publish","4":"has-post-thumbnail","6":"product_cat-kunst-kultur","7":"pa_autor-haeusermann","8":"pa_erscheinungsjahr-21763","9":"pa_region-schweiz","10":"pa_sprache-de","12":"first","13":"instock","14":"taxable","15":"shipping-taxable","16":"purchasable","17":"product-type-simple"},"_links":{"self":[{"href":"https:\/\/pizbube.ch\/en\/wp-json\/wp\/v2\/product\/153303","targetHints":{"allow":["GET"]}}],"collection":[{"href":"https:\/\/pizbube.ch\/en\/wp-json\/wp\/v2\/product"}],"about":[{"href":"https:\/\/pizbube.ch\/en\/wp-json\/wp\/v2\/types\/product"}],"wp:featuredmedia":[{"embeddable":true,"href":"https:\/\/pizbube.ch\/en\/wp-json\/wp\/v2\/media\/31993"}],"wp:attachment":[{"href":"https:\/\/pizbube.ch\/en\/wp-json\/wp\/v2\/media?parent=153303"}],"wp:term":[{"taxonomy":"product_brand","embeddable":true,"href":"https:\/\/pizbube.ch\/en\/wp-json\/wp\/v2\/product_brand?post=153303"},{"taxonomy":"product_cat","embeddable":true,"href":"https:\/\/pizbube.ch\/en\/wp-json\/wp\/v2\/product_cat?post=153303"},{"taxonomy":"product_tag","embeddable":true,"href":"https:\/\/pizbube.ch\/en\/wp-json\/wp\/v2\/product_tag?post=153303"}],"curies":[{"name":"wp","href":"https:\/\/api.w.org\/{rel}","templated":true}]}}