{"id":153305,"date":"2021-01-15T12:36:22","date_gmt":"2021-01-15T12:36:22","guid":{"rendered":"https:\/\/codengine3.ch\/?product=import-placeholder-for-202453"},"modified":"2021-01-15T12:36:25","modified_gmt":"2021-01-15T12:36:25","slug":"le-topo-de-la-vanoise","status":"publish","type":"product","link":"https:\/\/pizbube.ch\/en\/shop\/le-topo-de-la-vanoise\/","title":{"rendered":"Le Topo de la Vanoise"},"content":{"rendered":"<p>Itin\u00e9raires de haute- montagne: rocher, neige et Glace.<br \/>\nDe la face nord de l&#8217;Epena \u00e0 l&#8217;aiguille des glaciers, tous les nouveaux<br \/>\nitin\u00e9raires ouverts ces derni\u00e8res ann\u00e9es sont pr\u00e9sent\u00e9s.  <\/p>\n<p>Cet ouvrage vous propose Un inventaire tr\u00e9s complet des possibilit\u00e9s<br \/>\nd&#8217;escalade et de haute montagne des massifs de la Vanoise, du Beaufortain, et<br \/>\nd&#8217;une partie du massif du Mont Blanc. Photos \u00e0 l&#8217;appui, les itin\u00e9raires sont<br \/>\nd\u00e9crits de fa\u00e7on claire et pr\u00e9cise. De la balade sur glacier tr\u00e9s facile \u00e0 la<br \/>\ncourse de rocher de haut niveau, rien ne manque pour faire de ce livre le<br \/>\ncompagnon indispensable \u00e0 tous les amateurs de montagne en Vanoise.  <\/p>\n<p>Cette \u00e9dition r\u00e9actualis\u00e9e compte 80 itin\u00e9raires suppl\u00e9mentaires par rapport \u00e0<br \/>\nl&#8217;\u00e9dition pr\u00e9cedente.<br \/>\nLes Auteurs James Merel et Philippe Deslandes, tous deux guides de haute<br \/>\nmontagne au bureau de Bourg Saint Maurice les Arcs, ouvreurs de superbes<br \/>\nitin\u00e9raires rocheux dans le massif  <\/p>","protected":false},"excerpt":{"rendered":"<p>Itin\u00e9raires de haute- montagne: rocher, neige et Glace. De la face nord de l&#8217;Epena \u00e0 l&#8217;aiguille des glaciers, tous les nouveaux itin\u00e9raires ouverts ces derni\u00e8res ann\u00e9es sont pr\u00e9sent\u00e9s. Cet ouvrage vous propose Un inventaire tr\u00e9s complet des possibilit\u00e9s d&#8217;escalade et de haute montagne des massifs de la Vanoise, du Beaufortain, et d&#8217;une partie du massif [&#8230;]\n","protected":false},"featured_media":29840,"template":"","meta":[],"product_brand":[],"product_cat":[21544],"product_tag":[],"class_list":{"0":"post-153305","1":"product","2":"type-product","3":"status-publish","4":"has-post-thumbnail","6":"product_cat-fuehrerliteratur-alpin-sommer","7":"pa_autor-deslandes-merel","8":"pa_erscheinungsjahr-21842","9":"pa_region-frankreich","10":"pa_sprache-fr","12":"first","13":"instock","14":"taxable","15":"shipping-taxable","16":"purchasable","17":"product-type-simple"},"_links":{"self":[{"href":"https:\/\/pizbube.ch\/en\/wp-json\/wp\/v2\/product\/153305","targetHints":{"allow":["GET"]}}],"collection":[{"href":"https:\/\/pizbube.ch\/en\/wp-json\/wp\/v2\/product"}],"about":[{"href":"https:\/\/pizbube.ch\/en\/wp-json\/wp\/v2\/types\/product"}],"wp:featuredmedia":[{"embeddable":true,"href":"https:\/\/pizbube.ch\/en\/wp-json\/wp\/v2\/media\/29840"}],"wp:attachment":[{"href":"https:\/\/pizbube.ch\/en\/wp-json\/wp\/v2\/media?parent=153305"}],"wp:term":[{"taxonomy":"product_brand","embeddable":true,"href":"https:\/\/pizbube.ch\/en\/wp-json\/wp\/v2\/product_brand?post=153305"},{"taxonomy":"product_cat","embeddable":true,"href":"https:\/\/pizbube.ch\/en\/wp-json\/wp\/v2\/product_cat?post=153305"},{"taxonomy":"product_tag","embeddable":true,"href":"https:\/\/pizbube.ch\/en\/wp-json\/wp\/v2\/product_tag?post=153305"}],"curies":[{"name":"wp","href":"https:\/\/api.w.org\/{rel}","templated":true}]}}