{"id":153306,"date":"2021-01-15T12:36:22","date_gmt":"2021-01-15T12:36:22","guid":{"rendered":"https:\/\/codengine3.ch\/?product=import-placeholder-for-206394"},"modified":"2024-07-26T09:06:19","modified_gmt":"2024-07-26T07:06:19","slug":"alpinisme-vanoise-haute-maurienne","status":"publish","type":"product","link":"https:\/\/pizbube.ch\/en\/shop\/alpinisme-vanoise-haute-maurienne\/","title":{"rendered":"Alpinisme Vanoise Haute-Maurienne"},"content":{"rendered":"<p>Et amont de Modane &#8211; Savoie, France<\/p>\n<p>Photo-topo d&#8217;alpinisme en Maurienne, mis \u00e0 jour 2010.<br \/>\n135 sommets,<br \/>\n76 itin\u00e9raires glaciaires,<br \/>\n86 itin\u00e9raires d&#8217;escalade.<br \/>\nTrac\u00e9s des itin\u00e9raires sur photos couleur<\/p>\n<p>Grande Casse, Ciamarella, Parrach\u00e9e, Albaron&#8230;<\/p>","protected":false},"excerpt":{"rendered":"<p>Et amont de Modane &#8211; Savoie, France Photo-topo d&#8217;alpinisme en Maurienne, mis \u00e0 jour 2010. 135 sommets, 76 itin\u00e9raires glaciaires, 86 itin\u00e9raires d&#8217;escalade. Trac\u00e9s des itin\u00e9raires sur photos couleur Grande Casse, Ciamarella, Parrach\u00e9e, Albaron&#8230;<\/p>","protected":false},"featured_media":35416,"template":"","meta":[],"product_brand":[],"product_cat":[21544],"product_tag":[],"class_list":{"0":"post-153306","1":"product","2":"type-product","3":"status-publish","4":"has-post-thumbnail","6":"product_cat-fuehrerliteratur-alpin-sommer","7":"pa_autor-col","8":"pa_erscheinungsjahr-21830","9":"pa_region-frankreich","10":"pa_sprache-fr","12":"first","13":"onbackorder","14":"taxable","15":"shipping-taxable","16":"purchasable","17":"product-type-simple"},"_links":{"self":[{"href":"https:\/\/pizbube.ch\/en\/wp-json\/wp\/v2\/product\/153306","targetHints":{"allow":["GET"]}}],"collection":[{"href":"https:\/\/pizbube.ch\/en\/wp-json\/wp\/v2\/product"}],"about":[{"href":"https:\/\/pizbube.ch\/en\/wp-json\/wp\/v2\/types\/product"}],"wp:featuredmedia":[{"embeddable":true,"href":"https:\/\/pizbube.ch\/en\/wp-json\/wp\/v2\/media\/35416"}],"wp:attachment":[{"href":"https:\/\/pizbube.ch\/en\/wp-json\/wp\/v2\/media?parent=153306"}],"wp:term":[{"taxonomy":"product_brand","embeddable":true,"href":"https:\/\/pizbube.ch\/en\/wp-json\/wp\/v2\/product_brand?post=153306"},{"taxonomy":"product_cat","embeddable":true,"href":"https:\/\/pizbube.ch\/en\/wp-json\/wp\/v2\/product_cat?post=153306"},{"taxonomy":"product_tag","embeddable":true,"href":"https:\/\/pizbube.ch\/en\/wp-json\/wp\/v2\/product_tag?post=153306"}],"curies":[{"name":"wp","href":"https:\/\/api.w.org\/{rel}","templated":true}]}}