{"id":153307,"date":"2021-01-15T12:36:22","date_gmt":"2021-01-15T12:36:22","guid":{"rendered":"https:\/\/codengine3.ch\/?product=import-placeholder-for-203128"},"modified":"2021-01-15T12:54:22","modified_gmt":"2021-01-15T12:54:22","slug":"falaises-et-via-ferrata-de-tarentaise","status":"publish","type":"product","link":"https:\/\/pizbube.ch\/en\/shop\/falaises-et-via-ferrata-de-tarentaise\/","title":{"rendered":"Falaises et Via Ferrata de Tarentaise"},"content":{"rendered":"<p>45 sites d\u00e9crits, 8 via ferrata en Vanoise et Beaufortain.  <\/p>\n<p>Un ouvrage tr\u00e8s complet reprenant la diversit\u00e9 extraordinaire des sites<br \/>\nd&#8217;escalade et des via ferrata de Tarentaise.  <\/p>","protected":false},"excerpt":{"rendered":"<p>45 sites d\u00e9crits, 8 via ferrata en Vanoise et Beaufortain. Un ouvrage tr\u00e8s complet reprenant la diversit\u00e9 extraordinaire des sites d&#8217;escalade et des via ferrata de Tarentaise.<\/p>","protected":false},"featured_media":30661,"template":"","meta":[],"product_brand":[],"product_cat":[21539],"product_tag":[],"class_list":{"0":"post-153307","1":"product","2":"type-product","3":"status-publish","4":"has-post-thumbnail","6":"product_cat-fuehrerliteratur-sportklettern-bouldern","7":"pa_autor-deslandes-merel","8":"pa_erscheinungsjahr-22292","9":"pa_region-frankreich","10":"pa_sprache-fr","12":"first","13":"instock","14":"taxable","15":"shipping-taxable","16":"purchasable","17":"product-type-simple"},"_links":{"self":[{"href":"https:\/\/pizbube.ch\/en\/wp-json\/wp\/v2\/product\/153307","targetHints":{"allow":["GET"]}}],"collection":[{"href":"https:\/\/pizbube.ch\/en\/wp-json\/wp\/v2\/product"}],"about":[{"href":"https:\/\/pizbube.ch\/en\/wp-json\/wp\/v2\/types\/product"}],"wp:featuredmedia":[{"embeddable":true,"href":"https:\/\/pizbube.ch\/en\/wp-json\/wp\/v2\/media\/30661"}],"wp:attachment":[{"href":"https:\/\/pizbube.ch\/en\/wp-json\/wp\/v2\/media?parent=153307"}],"wp:term":[{"taxonomy":"product_brand","embeddable":true,"href":"https:\/\/pizbube.ch\/en\/wp-json\/wp\/v2\/product_brand?post=153307"},{"taxonomy":"product_cat","embeddable":true,"href":"https:\/\/pizbube.ch\/en\/wp-json\/wp\/v2\/product_cat?post=153307"},{"taxonomy":"product_tag","embeddable":true,"href":"https:\/\/pizbube.ch\/en\/wp-json\/wp\/v2\/product_tag?post=153307"}],"curies":[{"name":"wp","href":"https:\/\/api.w.org\/{rel}","templated":true}]}}