{"id":153308,"date":"2021-01-15T12:36:22","date_gmt":"2021-01-15T12:36:22","guid":{"rendered":"https:\/\/codengine3.ch\/?product=import-placeholder-for-204862"},"modified":"2021-01-15T14:36:51","modified_gmt":"2021-01-15T14:36:51","slug":"escalade-en-maurienne","status":"publish","type":"product","link":"https:\/\/pizbube.ch\/en\/shop\/escalade-en-maurienne\/","title":{"rendered":"ESCALADE EN MAURIENNE"},"content":{"rendered":"<p>Topoguide; TOPO ESCALADE SAVOIE, Ce topos recense plus de 1500 voies de tous<br \/>\nniveaux en Maurienne. Les secteurs: Lauzi\u00e8res, Cerces, Belledonne Nord, Croix<br \/>\ndes T\u00eates et Vanoise. Comprend 196 grandes voies et 1332 voies en falaises (46<br \/>\nsites et 83.300 m d&#8217;escalade) et 5 sites de blocs.<br \/>\npr\u00e9sentation tr\u00e8s claire. Le trac\u00e9 des voies est fait sur des photos noir &#038;<br \/>\nblanc de tr\u00e8s bonne qualit\u00e9. Tr\u00e8s complet.<\/p>","protected":false},"excerpt":{"rendered":"<p>Topoguide; TOPO ESCALADE SAVOIE, Ce topos recense plus de 1500 voies de tous niveaux en Maurienne. Les secteurs: Lauzi\u00e8res, Cerces, Belledonne Nord, Croix des T\u00eates et Vanoise. Comprend 196 grandes voies et 1332 voies en falaises (46 sites et 83.300 m d&#8217;escalade) et 5 sites de blocs. pr\u00e9sentation tr\u00e8s claire. Le trac\u00e9 des voies est [&#8230;]\n","protected":false},"featured_media":33400,"template":"","meta":[],"product_brand":[],"product_cat":[21539],"product_tag":[],"class_list":{"0":"post-153308","1":"product","2":"type-product","3":"status-publish","4":"has-post-thumbnail","6":"product_cat-fuehrerliteratur-sportklettern-bouldern","7":"pa_autor-col","8":"pa_erscheinungsjahr-21776","9":"pa_region-frankreich","10":"pa_sprache-fr","12":"first","13":"instock","14":"taxable","15":"shipping-taxable","16":"purchasable","17":"product-type-simple"},"_links":{"self":[{"href":"https:\/\/pizbube.ch\/en\/wp-json\/wp\/v2\/product\/153308","targetHints":{"allow":["GET"]}}],"collection":[{"href":"https:\/\/pizbube.ch\/en\/wp-json\/wp\/v2\/product"}],"about":[{"href":"https:\/\/pizbube.ch\/en\/wp-json\/wp\/v2\/types\/product"}],"wp:featuredmedia":[{"embeddable":true,"href":"https:\/\/pizbube.ch\/en\/wp-json\/wp\/v2\/media\/33400"}],"wp:attachment":[{"href":"https:\/\/pizbube.ch\/en\/wp-json\/wp\/v2\/media?parent=153308"}],"wp:term":[{"taxonomy":"product_brand","embeddable":true,"href":"https:\/\/pizbube.ch\/en\/wp-json\/wp\/v2\/product_brand?post=153308"},{"taxonomy":"product_cat","embeddable":true,"href":"https:\/\/pizbube.ch\/en\/wp-json\/wp\/v2\/product_cat?post=153308"},{"taxonomy":"product_tag","embeddable":true,"href":"https:\/\/pizbube.ch\/en\/wp-json\/wp\/v2\/product_tag?post=153308"}],"curies":[{"name":"wp","href":"https:\/\/api.w.org\/{rel}","templated":true}]}}