{"id":153309,"date":"2021-01-15T12:36:22","date_gmt":"2021-01-15T12:36:22","guid":{"rendered":"https:\/\/codengine3.ch\/?product=import-placeholder-for-205287"},"modified":"2021-01-15T14:40:07","modified_gmt":"2021-01-15T14:40:07","slug":"tarentaise","status":"publish","type":"product","link":"https:\/\/pizbube.ch\/en\/shop\/tarentaise\/","title":{"rendered":"Tarentaise"},"content":{"rendered":"<p>Randonn\u00e9es en Vanoise et Beaufortain  <\/p>\n<p>Pour beaucoup, la Tarentaise, haute vall\u00e9e de l&#8217;Is\u00e8re, est d&#8217;abord la capitale<br \/>\nmondiale du ski, avec les Trois Vall\u00e9es, Les Arcs, La Plagne, Val d&#8217;Is\u00e8re,<br \/>\nTignes &#8211; Mais les amateurs de montagne sauvage appr\u00e9cient davantage les<br \/>\nlongues et pittoresques vall\u00e9es qui s&#8217;ouvrent en \u00e9ventail de chaque c\u00f4t\u00e9 de<br \/>\nl&#8217;Is\u00e8re, se faufilant dans le Beaufortain d&#8217;un c\u00f4t\u00e9, et dans le Parc national<br \/>\nde la Vanoise de l&#8217;autre, jusque sous la Grande Casse (3 855 m), point<br \/>\nculminant de la Savoie. Cach\u00e9s au regard, tous ces vallons, lacs, hameaux,<br \/>\nruines, cols s\u00e9culaires, sommets enneig\u00e9s, cascades et bouillonnants torrents<br \/>\nnous enchantent \u00e0 chaque d\u00e9tour et forment le monde tarin \u00e0 part enti\u00e8re. Cet<br \/>\nouvrage pr\u00e9sente les randonn\u00e9es classiques qui permettent d&#8217;\u00e9voluer en toute<br \/>\ns\u00e9r\u00e9nit\u00e9 dans quelques-uns des plus beaux paysages des Alpes.  <\/p>","protected":false},"excerpt":{"rendered":"<p>Randonn\u00e9es en Vanoise et Beaufortain Pour beaucoup, la Tarentaise, haute vall\u00e9e de l&#8217;Is\u00e8re, est d&#8217;abord la capitale mondiale du ski, avec les Trois Vall\u00e9es, Les Arcs, La Plagne, Val d&#8217;Is\u00e8re, Tignes &#8211; Mais les amateurs de montagne sauvage appr\u00e9cient davantage les longues et pittoresques vall\u00e9es qui s&#8217;ouvrent en \u00e9ventail de chaque c\u00f4t\u00e9 de l&#8217;Is\u00e8re, se [&#8230;]\n","protected":false},"featured_media":33952,"template":"","meta":[],"product_brand":[],"product_cat":[21542],"product_tag":[],"class_list":{"0":"post-153309","1":"product","2":"type-product","3":"status-publish","4":"has-post-thumbnail","6":"product_cat-sachbuecher-dokumentationen","7":"pa_autor-couzy","8":"pa_erscheinungsjahr-21591","9":"pa_region-frankreich","10":"pa_sprache-fr","12":"first","13":"instock","14":"taxable","15":"shipping-taxable","16":"purchasable","17":"product-type-simple"},"_links":{"self":[{"href":"https:\/\/pizbube.ch\/en\/wp-json\/wp\/v2\/product\/153309","targetHints":{"allow":["GET"]}}],"collection":[{"href":"https:\/\/pizbube.ch\/en\/wp-json\/wp\/v2\/product"}],"about":[{"href":"https:\/\/pizbube.ch\/en\/wp-json\/wp\/v2\/types\/product"}],"wp:featuredmedia":[{"embeddable":true,"href":"https:\/\/pizbube.ch\/en\/wp-json\/wp\/v2\/media\/33952"}],"wp:attachment":[{"href":"https:\/\/pizbube.ch\/en\/wp-json\/wp\/v2\/media?parent=153309"}],"wp:term":[{"taxonomy":"product_brand","embeddable":true,"href":"https:\/\/pizbube.ch\/en\/wp-json\/wp\/v2\/product_brand?post=153309"},{"taxonomy":"product_cat","embeddable":true,"href":"https:\/\/pizbube.ch\/en\/wp-json\/wp\/v2\/product_cat?post=153309"},{"taxonomy":"product_tag","embeddable":true,"href":"https:\/\/pizbube.ch\/en\/wp-json\/wp\/v2\/product_tag?post=153309"}],"curies":[{"name":"wp","href":"https:\/\/api.w.org\/{rel}","templated":true}]}}