{"id":153310,"date":"2021-01-15T12:36:22","date_gmt":"2021-01-15T12:36:22","guid":{"rendered":"https:\/\/codengine3.ch\/?product=import-placeholder-for-203515"},"modified":"2025-03-01T09:18:18","modified_gmt":"2025-03-01T08:18:18","slug":"vanoise","status":"publish","type":"product","link":"https:\/\/pizbube.ch\/en\/shop\/vanoise\/","title":{"rendered":"Vanoise: Tarentaise \u2013 Nationalpark Vanoise \u2013 Maurienne, 54 Touren"},"content":{"rendered":"<p align=\"justify\">54 Wanderungen in einer vielf\u00e4ltigen Landschaft zwischen Almen und Gletschern<\/p>\n<p align=\"justify\">Gipfel, weit \u00fcber die 3000er-Marke hinaus, Gletscher, glasklare Bergseen und ein gewaltiges Panorama, das bei jedem Schritt begeistern wird: Das bieten so nur die Westalpen. Der Nationalpark Vanoise in den franz\u00f6sischen Alpen punktet mit unersch\u00f6pflichen und vor allem atemberaubenden Wanderm\u00f6glichkeiten. Der Rother Wanderf\u00fchrer \u00bbVanoise\u00ab l\u00e4dt mit 54 Touren und als einziger deutschsprachiger Wanderf\u00fchrer ein, diese faszinierende Bergwelt zu erleben.<\/p>\n<p>Das Vanoise-Massiv liegt in den franz\u00f6sischen Savoyen, in der N\u00e4he der Olympiastadt Albertville. Bekannte Orte sind auch Les Trois Vall\u00e9es, Les Arcs und Val d\u2019Is\u00e8re. Doch im Grunde genommen ist das Vanoise-Massiv hierzulande unbekannt. Dabei l\u00e4sst sich hier eine Gebirgswelt entdecken, die ihresgleichen sucht. \u00dcber hundert Gipfel sind h\u00f6her als 3000 Meter. Durch das Hochgebirge streifen \u00fcber 2000 Steinb\u00f6cke und \u00fcppig ist die Pflanzenwelt mit vielen seltenen Blumen. Eine Auswahl von einfachen bis anspruchsvollen Bergouren f\u00fchrt in diese herrliche, abgeschiedene Bergregion. Fans von Mehrtagestouren sei die mehrt\u00e4gige \u00bbTour des Glaciers de la Vanoise\u00ab rund um das Gletscherplateau empfohlen. Bezaubernd ist auch Randgebiet au\u00dferhalb des Nationalparks. Auf leichten bis mittelschweren Panorama- und Seenrouten lassen sich hier viele, oft einsame Traumtouren entdecken.<\/p>\n<p>Die 54 Wanderungen in diesem Wanderf\u00fchrer werden mit allen wichtigen Informationen, zuverl\u00e4ssigen Routenbeschreibungen, H\u00f6henprofilen sowie Wanderk\u00e4rtchen mit eingezeichnetem Routenverlauf vorgestellt. GPS-Tracks stehen zum Download bereit. Ein kleines deutsch-franz\u00f6sisches Berglexikon hilft bei der Verst\u00e4ndigung. Die Fotos der Autorin und Fotojournalistin Iris K\u00fcrschner liefern einen hervorragenden Eindruck der Wanderungen und machen Lust, die vielf\u00e4ltige Landschaft des Nationalparks Vanoise zu erkunden.<\/p>\n<p align=\"justify\">3. aktualis. und erweiterte Auflage 2025<br \/>\n176 Seiten mit 123 Farbabbildungen<br \/>\n54 Wanderk\u00e4rtchen im Ma\u00dfstab 1:50.000, 1:75.000 und 1:100.000, zwei \u00dcbersichtskarten im Ma\u00dfstab 1: 500.000 und 1:1.100.000<br \/>\nFormat 11,5 x 16,5 cm<br \/>\nkartoniert mit Polytex-Laminierung<\/p>","protected":false},"excerpt":{"rendered":"<p>54 Wanderungen in einer vielf\u00e4ltigen Landschaft zwischen Almen und Gletschern Gipfel, weit \u00fcber die 3000er-Marke hinaus, Gletscher, glasklare Bergseen und ein gewaltiges Panorama, das bei jedem Schritt begeistern wird: Das bieten so nur die Westalpen. Der Nationalpark Vanoise in den franz\u00f6sischen Alpen punktet mit unersch\u00f6pflichen und vor allem atemberaubenden Wanderm\u00f6glichkeiten. Der Rother Wanderf\u00fchrer \u00bbVanoise\u00ab l\u00e4dt [&#8230;]\n","protected":false},"featured_media":178735,"template":"","meta":[],"product_brand":[],"product_cat":[21605],"product_tag":[],"class_list":{"0":"post-153310","1":"product","2":"type-product","3":"status-publish","4":"has-post-thumbnail","6":"product_cat-wanderfuehrer-trekking","7":"pa_autor-kuerschner","8":"pa_erscheinungsjahr-27415","9":"pa_region-frankreich","10":"pa_sprache-de","12":"first","13":"instock","14":"taxable","15":"shipping-taxable","16":"purchasable","17":"product-type-simple"},"_links":{"self":[{"href":"https:\/\/pizbube.ch\/en\/wp-json\/wp\/v2\/product\/153310","targetHints":{"allow":["GET"]}}],"collection":[{"href":"https:\/\/pizbube.ch\/en\/wp-json\/wp\/v2\/product"}],"about":[{"href":"https:\/\/pizbube.ch\/en\/wp-json\/wp\/v2\/types\/product"}],"wp:featuredmedia":[{"embeddable":true,"href":"https:\/\/pizbube.ch\/en\/wp-json\/wp\/v2\/media\/178735"}],"wp:attachment":[{"href":"https:\/\/pizbube.ch\/en\/wp-json\/wp\/v2\/media?parent=153310"}],"wp:term":[{"taxonomy":"product_brand","embeddable":true,"href":"https:\/\/pizbube.ch\/en\/wp-json\/wp\/v2\/product_brand?post=153310"},{"taxonomy":"product_cat","embeddable":true,"href":"https:\/\/pizbube.ch\/en\/wp-json\/wp\/v2\/product_cat?post=153310"},{"taxonomy":"product_tag","embeddable":true,"href":"https:\/\/pizbube.ch\/en\/wp-json\/wp\/v2\/product_tag?post=153310"}],"curies":[{"name":"wp","href":"https:\/\/api.w.org\/{rel}","templated":true}]}}