{"id":153311,"date":"2021-01-15T12:36:22","date_gmt":"2021-01-15T12:36:22","guid":{"rendered":"https:\/\/codengine3.ch\/?product=import-placeholder-for-205823"},"modified":"2021-01-15T14:44:10","modified_gmt":"2021-01-15T14:44:10","slug":"entre-alpages-et-glaciers","status":"publish","type":"product","link":"https:\/\/pizbube.ch\/en\/shop\/entre-alpages-et-glaciers\/","title":{"rendered":"Entre alpages et glaciers"},"content":{"rendered":"<p>Vanoise &#8211; Beaufortin<br \/>\nCe guide vous propose de d\u00e9couvrir au-del\u00e0 des alpages (et avant les glaciers<br \/>\n!) les sommets, les cols qui ne n\u00e9cessitent pas d&#8217;\u00e9quipement d&#8217;alpiniste et<br \/>\nsont \u00e0 la port\u00e9e des randonneurs souvent h\u00e9sitants (\u00e0 juste titre) \u00e0<br \/>\nl&#8217;aventure loin des itin\u00e9raires balis\u00e9s.  <\/p>\n<p>C&#8217;est l&#8217;ouvrage de r\u00e9f\u00e9rence que les marcheurs attendaient, mis au point avec<br \/>\nbeaucoup de s\u00e9rieux et de comp\u00e9tence. Tous les sommets les cols propos\u00e9s ont<br \/>\n\u00e9t\u00e9 reconnus par les auteurs.  <\/p>\n<p>Vous reviendrez \u00e9merveill\u00e9s par les cimes parcourues et les panoramas<br \/>\ncontempl\u00e9s qui vont v\u00e9ritablement vous faire red\u00e9couvrir la randonn\u00e9e<br \/>\np\u00e9destre.<br \/>\nEn plus dans cette nouvelle \u00e9dition couleur<br \/>\n&#8211; 57 cols d\u00e9crits<br \/>\n&#8211; 30 id\u00e9es VTT<br \/>\n&#8211; Une photo par itin\u00e9raire  <\/p>\n<p>Nouvelle \u00e9dition 2009  <\/p>","protected":false},"excerpt":{"rendered":"<p>Vanoise &#8211; Beaufortin Ce guide vous propose de d\u00e9couvrir au-del\u00e0 des alpages (et avant les glaciers !) les sommets, les cols qui ne n\u00e9cessitent pas d&#8217;\u00e9quipement d&#8217;alpiniste et sont \u00e0 la port\u00e9e des randonneurs souvent h\u00e9sitants (\u00e0 juste titre) \u00e0 l&#8217;aventure loin des itin\u00e9raires balis\u00e9s. C&#8217;est l&#8217;ouvrage de r\u00e9f\u00e9rence que les marcheurs attendaient, mis au [&#8230;]\n","protected":false},"featured_media":34651,"template":"","meta":[],"product_brand":[],"product_cat":[21605],"product_tag":[],"class_list":{"0":"post-153311","1":"product","2":"type-product","3":"status-publish","4":"has-post-thumbnail","6":"product_cat-wanderfuehrer-trekking","7":"pa_autor-merel","8":"pa_erscheinungsjahr-21693","9":"pa_region-frankreich","10":"pa_sprache-fr","12":"first","13":"instock","14":"taxable","15":"shipping-taxable","16":"purchasable","17":"product-type-simple"},"_links":{"self":[{"href":"https:\/\/pizbube.ch\/en\/wp-json\/wp\/v2\/product\/153311","targetHints":{"allow":["GET"]}}],"collection":[{"href":"https:\/\/pizbube.ch\/en\/wp-json\/wp\/v2\/product"}],"about":[{"href":"https:\/\/pizbube.ch\/en\/wp-json\/wp\/v2\/types\/product"}],"wp:featuredmedia":[{"embeddable":true,"href":"https:\/\/pizbube.ch\/en\/wp-json\/wp\/v2\/media\/34651"}],"wp:attachment":[{"href":"https:\/\/pizbube.ch\/en\/wp-json\/wp\/v2\/media?parent=153311"}],"wp:term":[{"taxonomy":"product_brand","embeddable":true,"href":"https:\/\/pizbube.ch\/en\/wp-json\/wp\/v2\/product_brand?post=153311"},{"taxonomy":"product_cat","embeddable":true,"href":"https:\/\/pizbube.ch\/en\/wp-json\/wp\/v2\/product_cat?post=153311"},{"taxonomy":"product_tag","embeddable":true,"href":"https:\/\/pizbube.ch\/en\/wp-json\/wp\/v2\/product_tag?post=153311"}],"curies":[{"name":"wp","href":"https:\/\/api.w.org\/{rel}","templated":true}]}}