{"id":153313,"date":"2021-01-15T12:36:22","date_gmt":"2021-01-15T12:36:22","guid":{"rendered":"https:\/\/codengine3.ch\/?product=import-placeholder-for-203957"},"modified":"2021-01-15T14:28:16","modified_gmt":"2021-01-15T14:28:16","slug":"montagnes-sacrees","status":"publish","type":"product","link":"https:\/\/pizbube.ch\/en\/shop\/montagnes-sacrees\/","title":{"rendered":"MONTAGNES SACR\u00c9ES"},"content":{"rendered":"<p>Pour cet ouvrage, Elisabeth Foch a s\u00e9lectionn\u00e9 75 images coups de coeur de<br \/>\nphotographes professionnels du monde entier, passionn\u00e9s comme elle par les<br \/>\nmontagnes, des images o\u00f9 se r\u00e9v\u00e8le la rencontre qui s&#8217;op\u00e8re parfois entre les<br \/>\nmontagnes et ceux qui les contemplent, des images qui nous emm\u00e8nent dans<br \/>\ndiff\u00e9rentes parties du monde, sagesses ou religions. Chaque image fait l&#8217;objet<br \/>\nd&#8217;un texte expliquant l&#8217;histoire ou les histoires attach\u00e9es \u00e0 cette montagne,<br \/>\ndes anecdotes concernant le photographe et son histoire personnelle avec cette<br \/>\nmontagne. Elisabeth Foch traite aussi dans quatre textes intercalaires des<br \/>\nth\u00e8mes li\u00e9s \u00e0 la montagne et qui lui sont chers : le culte des hauteurs, la<br \/>\nmarche, des signes que les montagnes nous envoient et de la spiritualit\u00e9 qui<br \/>\nna\u00eet de cette rencontre.<\/p>","protected":false},"excerpt":{"rendered":"<p>Pour cet ouvrage, Elisabeth Foch a s\u00e9lectionn\u00e9 75 images coups de coeur de photographes professionnels du monde entier, passionn\u00e9s comme elle par les montagnes, des images o\u00f9 se r\u00e9v\u00e8le la rencontre qui s&#8217;op\u00e8re parfois entre les montagnes et ceux qui les contemplent, des images qui nous emm\u00e8nent dans diff\u00e9rentes parties du monde, sagesses ou religions. [&#8230;]\n","protected":false},"featured_media":31675,"template":"","meta":[],"product_brand":[],"product_cat":[21542],"product_tag":[],"class_list":{"0":"post-153313","1":"product","2":"type-product","3":"status-publish","4":"has-post-thumbnail","6":"product_cat-sachbuecher-dokumentationen","7":"pa_autor-foch","8":"pa_erscheinungsjahr-21776","9":"pa_region-frankreich","10":"pa_sprache-fr","12":"first","13":"instock","14":"taxable","15":"shipping-taxable","16":"purchasable","17":"product-type-simple"},"_links":{"self":[{"href":"https:\/\/pizbube.ch\/en\/wp-json\/wp\/v2\/product\/153313","targetHints":{"allow":["GET"]}}],"collection":[{"href":"https:\/\/pizbube.ch\/en\/wp-json\/wp\/v2\/product"}],"about":[{"href":"https:\/\/pizbube.ch\/en\/wp-json\/wp\/v2\/types\/product"}],"wp:featuredmedia":[{"embeddable":true,"href":"https:\/\/pizbube.ch\/en\/wp-json\/wp\/v2\/media\/31675"}],"wp:attachment":[{"href":"https:\/\/pizbube.ch\/en\/wp-json\/wp\/v2\/media?parent=153313"}],"wp:term":[{"taxonomy":"product_brand","embeddable":true,"href":"https:\/\/pizbube.ch\/en\/wp-json\/wp\/v2\/product_brand?post=153313"},{"taxonomy":"product_cat","embeddable":true,"href":"https:\/\/pizbube.ch\/en\/wp-json\/wp\/v2\/product_cat?post=153313"},{"taxonomy":"product_tag","embeddable":true,"href":"https:\/\/pizbube.ch\/en\/wp-json\/wp\/v2\/product_tag?post=153313"}],"curies":[{"name":"wp","href":"https:\/\/api.w.org\/{rel}","templated":true}]}}