{"id":153315,"date":"2021-01-15T12:36:23","date_gmt":"2021-01-15T12:36:23","guid":{"rendered":"https:\/\/codengine3.ch\/?product=import-placeholder-for-206813"},"modified":"2022-05-18T18:23:58","modified_gmt":"2022-05-18T16:23:58","slug":"fotografie-berge-landschaft-outdoor-action","status":"publish","type":"product","link":"https:\/\/pizbube.ch\/en\/shop\/fotografie-berge-landschaft-outdoor-action\/","title":{"rendered":"Fotografie Berge &#8211; Landschaft &#8211; Outdoor &#8211; Action"},"content":{"rendered":"<p>Das Fotografieren im Outdoor-Bereich hat viele Facetten, die Einsatzbereiche<br \/>\nsind mitunter extrem. Die Digitalfotografie ist dabei heute nicht mehr<br \/>\nwegzudenken. Ehrlich und kritisch vermittelt Bernd Ritschel Wissen um die<br \/>\nvielen verschiedenen Herangehensweisen, erkl\u00e4rt die Technik und bietet viele<br \/>\nInformationen zu Ausr\u00fcstung und Bildbearbeitung. Ein gro\u00dfes Kapitel nehmen<br \/>\nnat\u00fcrlich die prakti-schen Tipps zum Fotografieren in der Natur ein: wie setzt<br \/>\nman Gipfel gekonnt in Szene? Was sind die besten Lichtverh\u00e4ltnisse? Wie l\u00e4sst<br \/>\nsich Bewegung \u00bbeinfrieren\u00ab? Wie fotografiert man bei K\u00e4lte und Eis, wie bei<br \/>\nHitze und staubigen Sand?<\/p>\n<p>Ritschel nimmt Ber\u00fchrungs\u00e4ngste mit der Technik und versteht es, Anf\u00e4nger zu<br \/>\nbegeistern. Aber auch routinierte Fotografen werden mit diesem Buch ihr Know-<br \/>\nHow erweitern k\u00f6nnen und dem perfekten Bild noch n\u00e4her gef\u00fchrt.<br \/>\nBernd Ritschel, seit mehr als 20 Jahren Profifotograf, verbringt jede freie<br \/>\nMinute in den Bergen. Gut 80 Fernreisen f\u00fchrten ihn in fast alle Gebirge<br \/>\ndieser Erde. Egal ob Gipfel \u00fcber 7000 Meter, die winter-liche Arktis oder<br \/>\ntropische Berge im Regenwald, die Kamera ist immer mit dabei. Das Ergebnis<br \/>\nsind \u00fcber 20 Bildb\u00e4nde und zahlreiche Ver\u00f6ffentlichungen in den gro\u00dfen<br \/>\nMagazinen.<\/p>\n<p>In seinen Fotoworkshops gibt er sein Wissen erfolgreich weiter. Seine<br \/>\nErlebnisse und sein pers\u00f6nlicher Arbeitsbe-reich in der Berg- und Outdoor-<br \/>\nFotografie sind auch in diesem Buch ein zentrales Thema. Im Zusam-menspiel aus<br \/>\nWissen und eigener Erfahrung versteht er es, gro\u00dfe Fachkenntnis zu vermitteln<br \/>\nund \u00bbden Funken \u00fcberspringen zu lassen\u00ab. So entstand ein praxisorientiertes<br \/>\nWerk \u00fcber die Fotografie drau\u00dfen, das nicht nur die Theorie vermittelt,<br \/>\nsondern den Leser auch am Erfahrungsschatz eines Profifotografen teilhaben<br \/>\nl\u00e4sst.<br \/>\nDas Standardwerk f\u00fcr alle, die gerne drau\u00dfen fotografieren.<\/p>\n<p>3. \u00fcberarbeitete Auflage 2016,<br \/>\n232 Seiten mit 200 Farbabbildungen<\/p>","protected":false},"excerpt":{"rendered":"<ul>\n<li><a href=\"https:\/\/pizbube.ch\/wp-content\/uploads\/attachments\/a_022\/73B78927AE0813305B4D44610898FBD1.pdf\" target=\"_blank\" rel=\"noopener\">PDF: fotografie_inhalt.pdf<\/a><\/li>\n<\/ul>","protected":false},"featured_media":162014,"template":"","meta":[],"product_brand":[],"product_cat":[21538],"product_tag":[],"class_list":{"0":"post-153315","1":"product","2":"type-product","3":"status-publish","4":"has-post-thumbnail","6":"product_cat-lehrbuecher","7":"pa_autor-ritschel","8":"pa_erscheinungsjahr-21571","9":"pa_region-orientierung-wetter-ausbildung","10":"pa_sprache-de","12":"first","13":"instock","14":"taxable","15":"shipping-taxable","16":"purchasable","17":"product-type-simple"},"_links":{"self":[{"href":"https:\/\/pizbube.ch\/en\/wp-json\/wp\/v2\/product\/153315","targetHints":{"allow":["GET"]}}],"collection":[{"href":"https:\/\/pizbube.ch\/en\/wp-json\/wp\/v2\/product"}],"about":[{"href":"https:\/\/pizbube.ch\/en\/wp-json\/wp\/v2\/types\/product"}],"wp:featuredmedia":[{"embeddable":true,"href":"https:\/\/pizbube.ch\/en\/wp-json\/wp\/v2\/media\/162014"}],"wp:attachment":[{"href":"https:\/\/pizbube.ch\/en\/wp-json\/wp\/v2\/media?parent=153315"}],"wp:term":[{"taxonomy":"product_brand","embeddable":true,"href":"https:\/\/pizbube.ch\/en\/wp-json\/wp\/v2\/product_brand?post=153315"},{"taxonomy":"product_cat","embeddable":true,"href":"https:\/\/pizbube.ch\/en\/wp-json\/wp\/v2\/product_cat?post=153315"},{"taxonomy":"product_tag","embeddable":true,"href":"https:\/\/pizbube.ch\/en\/wp-json\/wp\/v2\/product_tag?post=153315"}],"curies":[{"name":"wp","href":"https:\/\/api.w.org\/{rel}","templated":true}]}}