{"id":153316,"date":"2021-01-15T12:36:23","date_gmt":"2021-01-15T12:36:23","guid":{"rendered":"https:\/\/codengine3.ch\/?product=import-placeholder-for-208304"},"modified":"2021-02-03T21:59:59","modified_gmt":"2021-02-03T20:59:59","slug":"fotografieren-in-den-alpen","status":"publish","type":"product","link":"https:\/\/pizbube.ch\/en\/shop\/fotografieren-in-den-alpen\/","title":{"rendered":"Fotografieren in den Alpen"},"content":{"rendered":"<p>Zugspitze, Matterhorn, Gro\u00dfglockner und Co. fotografieren  <\/p>\n<p>Schroffe Felsw\u00e4nde und spiegelklare Bergseen, bl\u00fchende Almwiesen und<br \/>\neinladende H\u00fctten: Kommen Sie mit auf eine Entdeckungsreise quer durch die<br \/>\nAlpen! Iris K\u00fcrschner und Dieter Haas f\u00fchren Sie zu den spektakul\u00e4ren<br \/>\nFotospots und den fotografischen Highlights jenseits der Postkartenmotive.<br \/>\nN\u00fctzliche Foto-Tipps, Tourempfehlungen, Land und Leute &#8211; alles inklusive. Mit<br \/>\nden beliebtesten Alpenregionen in \u00d6sterreich, S\u00fcdtirol, Deutschland und der<br \/>\nSchweiz.<\/p>\n<p>Der Druck dieses Buches im Ultra HD Print sorgt f\u00fcr besonders brillante<br \/>\nFarben, feinste Bilddetails und einen gestochen scharfen Kontrast der Fotos.<\/p>\n<p>Mit diesem Buch ist ein gro\u00dfartiger Wurf gelungen: Iris K\u00fcrschner nimmt<br \/>\nFotobegeisterte auf eine Reise in die Alpen. Neben fotopraktischen Tipps teilt<br \/>\nsie Hintergr\u00fcndiges zu den Regionen und macht Tourenvorschl\u00e4ge zu alpinen<br \/>\nFoto-Hotspots sowie -Geheimtipps. So ist der reich bebilderte und hochwertig<br \/>\naufgemachte W\u00e4lzer, um dessen stimmige Fotobearbeitung sich Dieter Haas<br \/>\ngek\u00fcmmert hat, Fotobuch, Reisef\u00fchrer und Tourguide in einem.  <\/p>","protected":false},"excerpt":{"rendered":"<ul>\n<li><a href=\"https:\/\/pizbube.ch\/wp-content\/uploads\/attachments\/a_029\/D438568E9D9E27D178218272A3A8CEBA.pdf\" target=\"_blank\" rel=\"noopener\">PDF: Fotografieren in den Alpen_Leseprobe<\/a><\/li>\n<\/ul>","protected":false},"featured_media":39936,"template":"","meta":[],"product_brand":[],"product_cat":[21542],"product_tag":[],"class_list":{"0":"post-153316","1":"product","2":"type-product","3":"status-publish","4":"has-post-thumbnail","6":"product_cat-sachbuecher-dokumentationen","7":"pa_autor-kuerschner-haas","8":"pa_erscheinungsjahr-21574","9":"pa_region-orientierung-wetter-ausbildung","10":"pa_sprache-de","12":"first","13":"instock","14":"taxable","15":"shipping-taxable","16":"purchasable","17":"product-type-simple"},"_links":{"self":[{"href":"https:\/\/pizbube.ch\/en\/wp-json\/wp\/v2\/product\/153316","targetHints":{"allow":["GET"]}}],"collection":[{"href":"https:\/\/pizbube.ch\/en\/wp-json\/wp\/v2\/product"}],"about":[{"href":"https:\/\/pizbube.ch\/en\/wp-json\/wp\/v2\/types\/product"}],"wp:featuredmedia":[{"embeddable":true,"href":"https:\/\/pizbube.ch\/en\/wp-json\/wp\/v2\/media\/39936"}],"wp:attachment":[{"href":"https:\/\/pizbube.ch\/en\/wp-json\/wp\/v2\/media?parent=153316"}],"wp:term":[{"taxonomy":"product_brand","embeddable":true,"href":"https:\/\/pizbube.ch\/en\/wp-json\/wp\/v2\/product_brand?post=153316"},{"taxonomy":"product_cat","embeddable":true,"href":"https:\/\/pizbube.ch\/en\/wp-json\/wp\/v2\/product_cat?post=153316"},{"taxonomy":"product_tag","embeddable":true,"href":"https:\/\/pizbube.ch\/en\/wp-json\/wp\/v2\/product_tag?post=153316"}],"curies":[{"name":"wp","href":"https:\/\/api.w.org\/{rel}","templated":true}]}}