{"id":153317,"date":"2021-01-15T12:36:23","date_gmt":"2021-01-15T12:36:23","guid":{"rendered":"https:\/\/codengine3.ch\/?product=import-placeholder-for-202458"},"modified":"2021-01-15T12:36:27","modified_gmt":"2021-01-15T12:36:27","slug":"die-schoensten-huettentouren-in-den-alpen","status":"publish","type":"product","link":"https:\/\/pizbube.ch\/en\/shop\/die-schoensten-huettentouren-in-den-alpen\/","title":{"rendered":"Die sch\u00f6nsten H\u00fcttentouren in den Alpen"},"content":{"rendered":"<p>H\u00fctten. N\u00fctzlich. Heimelig. Manchmal \u00fcberf\u00fcllt. Immer bergend. Sie stehen vor<br \/>\nden ber\u00fchmtesten Bergen der Alpen wie dem Mont Blanc, dem Matterhorn, der<br \/>\nMarmolada oder dem Watzmann. Ziele f\u00fcr sich. Wertvoll wie Gipfeltouren. 50<br \/>\nGenusstouren zwischen Mont Blanc und Dachstein. 110 farb. Fotos, Abb.,<br \/>\n\u00dcbersichtskarte, Detailkarten.  <\/p>","protected":false},"excerpt":{"rendered":"<p>H\u00fctten. N\u00fctzlich. Heimelig. Manchmal \u00fcberf\u00fcllt. Immer bergend. Sie stehen vor den ber\u00fchmtesten Bergen der Alpen wie dem Mont Blanc, dem Matterhorn, der Marmolada oder dem Watzmann. Ziele f\u00fcr sich. Wertvoll wie Gipfeltouren. 50 Genusstouren zwischen Mont Blanc und Dachstein. 110 farb. Fotos, Abb., \u00dcbersichtskarte, Detailkarten.<\/p>","protected":false},"featured_media":29845,"template":"","meta":[],"product_brand":[],"product_cat":[21605],"product_tag":[],"class_list":{"0":"post-153317","1":"product","2":"type-product","3":"status-publish","4":"has-post-thumbnail","6":"product_cat-wanderfuehrer-trekking","7":"pa_autor-witt","8":"pa_erscheinungsjahr-22242","9":"pa_region-schweiz","10":"pa_sprache-de","12":"first","13":"outofstock","14":"taxable","15":"shipping-taxable","16":"purchasable","17":"product-type-simple"},"_links":{"self":[{"href":"https:\/\/pizbube.ch\/en\/wp-json\/wp\/v2\/product\/153317","targetHints":{"allow":["GET"]}}],"collection":[{"href":"https:\/\/pizbube.ch\/en\/wp-json\/wp\/v2\/product"}],"about":[{"href":"https:\/\/pizbube.ch\/en\/wp-json\/wp\/v2\/types\/product"}],"wp:featuredmedia":[{"embeddable":true,"href":"https:\/\/pizbube.ch\/en\/wp-json\/wp\/v2\/media\/29845"}],"wp:attachment":[{"href":"https:\/\/pizbube.ch\/en\/wp-json\/wp\/v2\/media?parent=153317"}],"wp:term":[{"taxonomy":"product_brand","embeddable":true,"href":"https:\/\/pizbube.ch\/en\/wp-json\/wp\/v2\/product_brand?post=153317"},{"taxonomy":"product_cat","embeddable":true,"href":"https:\/\/pizbube.ch\/en\/wp-json\/wp\/v2\/product_cat?post=153317"},{"taxonomy":"product_tag","embeddable":true,"href":"https:\/\/pizbube.ch\/en\/wp-json\/wp\/v2\/product_tag?post=153317"}],"curies":[{"name":"wp","href":"https:\/\/api.w.org\/{rel}","templated":true}]}}