{"id":153319,"date":"2021-01-15T12:36:24","date_gmt":"2021-01-15T12:36:24","guid":{"rendered":"https:\/\/codengine3.ch\/?product=import-placeholder-for-205580"},"modified":"2022-01-26T09:22:52","modified_gmt":"2022-01-26T08:22:52","slug":"snow-trail-map-02-muenstertal-1-50-000","status":"publish","type":"product","link":"https:\/\/pizbube.ch\/en\/shop\/snow-trail-map-02-muenstertal-1-50-000\/","title":{"rendered":"Snow Trail Map 02: M\u00fcnstertal 1: 50 000"},"content":{"rendered":"<p>Reiss- und wasserfeste Schneeschuhkarte f\u00fcr das M\u00fcnstertal und Livigno. Die<br \/>\nKarte enth\u00e4lt die besten Schneeschuh-Routen, abgestuft in einfache und alpine<br \/>\nStrecken. Als Kartenbasis dienen die Originalkarten von Siwsstopo im Massstab<br \/>\n1:50&#8217;000. Neben den Routen sind alle Wildruhezonen (Betretungsverbot, ausser<br \/>\nauf Korridoren) und Wildschutzzonen (Betretung sollte vermieden werden)<br \/>\neingezeichnet. Hangneigungen \u00fcber 30 Grad sind rot eingef\u00e4rbt.<\/p>\n<p>R\u00fcckseite:<br \/>\nF\u00fcnf ausf\u00fchrlich beschriebene Touren, visualisert mit einem H\u00f6henprofil und<br \/>\nAngaben zu L\u00e4nge und Wanderzeit.<br \/>\nAusf\u00fchrliche Lawinen-Informationen<br \/>\nWichtige Adressen der Region (\u00dcbernachtungsm\u00f6glichkeiten, Schneeschuh-<br \/>\nVermietungen, Touren-Anbieter und Tourismusb\u00fcros)<\/p>\n<p>Gebiet:<br \/>\nDie Karte deckt das Gebiet von Zernez \u00fcber den Ofenpass ins M\u00fcnstertal und das<br \/>\nGebiet um S-charl ab, sowie die Region bei Livigno.<\/p>","protected":false},"excerpt":{"rendered":"<p>Reiss- und wasserfeste Schneeschuhkarte f\u00fcr das M\u00fcnstertal und Livigno. Die Karte enth\u00e4lt die besten Schneeschuh-Routen, abgestuft in einfache und alpine Strecken. Als Kartenbasis dienen die Originalkarten von Siwsstopo im Massstab 1:50&#8217;000. Neben den Routen sind alle Wildruhezonen (Betretungsverbot, ausser auf Korridoren) und Wildschutzzonen (Betretung sollte vermieden werden) eingezeichnet. Hangneigungen \u00fcber 30 Grad sind rot eingef\u00e4rbt. [&#8230;]\n","protected":false},"featured_media":26375,"template":"","meta":[],"product_brand":[],"product_cat":[21543],"product_tag":[],"class_list":{"0":"post-153319","1":"product","2":"type-product","3":"status-publish","4":"has-post-thumbnail","6":"product_cat-landkarten","7":"pa_autor-ssp","8":"pa_erscheinungsjahr-21621","9":"pa_region-schweiz","10":"pa_sprache-de","12":"first","13":"outofstock","14":"taxable","15":"shipping-taxable","16":"purchasable","17":"product-type-simple"},"_links":{"self":[{"href":"https:\/\/pizbube.ch\/en\/wp-json\/wp\/v2\/product\/153319","targetHints":{"allow":["GET"]}}],"collection":[{"href":"https:\/\/pizbube.ch\/en\/wp-json\/wp\/v2\/product"}],"about":[{"href":"https:\/\/pizbube.ch\/en\/wp-json\/wp\/v2\/types\/product"}],"wp:featuredmedia":[{"embeddable":true,"href":"https:\/\/pizbube.ch\/en\/wp-json\/wp\/v2\/media\/26375"}],"wp:attachment":[{"href":"https:\/\/pizbube.ch\/en\/wp-json\/wp\/v2\/media?parent=153319"}],"wp:term":[{"taxonomy":"product_brand","embeddable":true,"href":"https:\/\/pizbube.ch\/en\/wp-json\/wp\/v2\/product_brand?post=153319"},{"taxonomy":"product_cat","embeddable":true,"href":"https:\/\/pizbube.ch\/en\/wp-json\/wp\/v2\/product_cat?post=153319"},{"taxonomy":"product_tag","embeddable":true,"href":"https:\/\/pizbube.ch\/en\/wp-json\/wp\/v2\/product_tag?post=153319"}],"curies":[{"name":"wp","href":"https:\/\/api.w.org\/{rel}","templated":true}]}}