{"id":153320,"date":"2021-01-15T12:36:24","date_gmt":"2021-01-15T12:36:24","guid":{"rendered":"https:\/\/codengine3.ch\/?product=import-placeholder-for-202463"},"modified":"2021-01-15T12:36:28","modified_gmt":"2021-01-15T12:36:28","slug":"surselva-bw-1","status":"publish","type":"product","link":"https:\/\/pizbube.ch\/en\/shop\/surselva-bw-1\/","title":{"rendered":"Surselva BW 1"},"content":{"rendered":"<p>Flims, Ilanz, Val Lumnezia, Vals, Disentis: Dieser BAW Wanderf\u00fchrer begleitet<br \/>\nSie mit 30 detaillierten Routenbeschreibungen und -k\u00e4rtchen, Wegh\u00f6henprofilen,<br \/>\nDistenz- und Zeit\u00fcbersichten, Hinweisen auf Gastst\u00e4tten, Fotos,<br \/>\n\u00dcbersichtskarte Graub\u00fcndens, Liniennetz des \u00f6ffentlichen Verkehrs und vielen<br \/>\nweiteren n\u00fctzlichen Tipps.  <\/p>","protected":false},"excerpt":{"rendered":"<p>Flims, Ilanz, Val Lumnezia, Vals, Disentis: Dieser BAW Wanderf\u00fchrer begleitet Sie mit 30 detaillierten Routenbeschreibungen und -k\u00e4rtchen, Wegh\u00f6henprofilen, Distenz- und Zeit\u00fcbersichten, Hinweisen auf Gastst\u00e4tten, Fotos, \u00dcbersichtskarte Graub\u00fcndens, Liniennetz des \u00f6ffentlichen Verkehrs und vielen weiteren n\u00fctzlichen Tipps.<\/p>","protected":false},"featured_media":29851,"template":"","meta":[],"product_brand":[],"product_cat":[21605],"product_tag":[],"class_list":{"0":"post-153320","1":"product","2":"type-product","3":"status-publish","4":"has-post-thumbnail","6":"product_cat-wanderfuehrer-trekking","7":"pa_autor-ardueser-lampert","8":"pa_erscheinungsjahr-21842","9":"pa_region-schweiz","10":"pa_sprache-de","12":"first","13":"instock","14":"taxable","15":"shipping-taxable","16":"purchasable","17":"product-type-simple"},"_links":{"self":[{"href":"https:\/\/pizbube.ch\/en\/wp-json\/wp\/v2\/product\/153320","targetHints":{"allow":["GET"]}}],"collection":[{"href":"https:\/\/pizbube.ch\/en\/wp-json\/wp\/v2\/product"}],"about":[{"href":"https:\/\/pizbube.ch\/en\/wp-json\/wp\/v2\/types\/product"}],"wp:featuredmedia":[{"embeddable":true,"href":"https:\/\/pizbube.ch\/en\/wp-json\/wp\/v2\/media\/29851"}],"wp:attachment":[{"href":"https:\/\/pizbube.ch\/en\/wp-json\/wp\/v2\/media?parent=153320"}],"wp:term":[{"taxonomy":"product_brand","embeddable":true,"href":"https:\/\/pizbube.ch\/en\/wp-json\/wp\/v2\/product_brand?post=153320"},{"taxonomy":"product_cat","embeddable":true,"href":"https:\/\/pizbube.ch\/en\/wp-json\/wp\/v2\/product_cat?post=153320"},{"taxonomy":"product_tag","embeddable":true,"href":"https:\/\/pizbube.ch\/en\/wp-json\/wp\/v2\/product_tag?post=153320"}],"curies":[{"name":"wp","href":"https:\/\/api.w.org\/{rel}","templated":true}]}}