{"id":153321,"date":"2021-01-15T12:36:24","date_gmt":"2021-01-15T12:36:24","guid":{"rendered":"https:\/\/codengine3.ch\/?product=import-placeholder-for-205187"},"modified":"2026-03-05T10:49:42","modified_gmt":"2026-03-05T09:49:42","slug":"surselva-skitourenfuehrer","status":"publish","type":"product","link":"https:\/\/pizbube.ch\/en\/shop\/surselva-skitourenfuehrer\/","title":{"rendered":"Surselva Skitourenf\u00fchrer"},"content":{"rendered":"<p>Laax &#8211; Flims &#8211; Disentis &#8211; Vals &#8211; Safiental &#8211; San Bernardino &#8211; Avers \/ Juf. 50<br \/>\nSkitouren.<\/p>\n<p>Das B\u00fcndner Oberland um Vorder- und vom Hinterrhein ist in Deutschland noch<br \/>\nein echter Geheimtipp. Dabei ist die Surselva &#8211; wie ein wesentlicher Teil der<br \/>\nRegion im R\u00e4toromanischen bezeichnet wird &#8211; ein Skitourengebiet, wie man es<br \/>\nsich besser nicht vorstellen kann.<\/p>\n<p>Das Spektrum der Routen reicht von leichten, lawinensicheren Routen auf<br \/>\naussichtsreichen Almr\u00fccken bis hin zu den anspruchsvollen Gletschertouren zum<br \/>\nT\u00f6di oder Oberalpstock. Aufgrund der allgemein gro\u00dfen Ausgangsh\u00f6he &#8211; viele der<br \/>\nSkitouren beginnen oberhalb von 1500 Metern &#8211; liegt zumeist vom Fr\u00fchwinter bis<br \/>\nins sp\u00e4te Fr\u00fchjahr genug Schnee um seine B\u00f6gen in die wei\u00dfen H\u00e4nge zu<br \/>\nzeichnen. Wundersch\u00f6ne Bergd\u00f6rfer und gem\u00fctliche H\u00fctten runden das Bild einer<br \/>\n\u00e4u\u00dferst empfehlenswerten Skitourenregion ab.<\/p>\n<p>60 Farbfotos, 50 Karten. 143 S.<br \/>\n2., aktual. Auflg. 2016<\/p>","protected":false},"excerpt":{"rendered":"<ul>\n<li><a href=\"https:\/\/pizbube.ch\/wp-content\/uploads\/attachments\/a_028\/C71F85A19BD70D6A6B6821D16859DF74.pdf\" target=\"_blank\" rel=\"noopener\">PDF: Surselva Skitouren Inhaltsverzeichnis<\/a><\/li>\n<\/ul>","protected":false},"featured_media":183342,"template":"","meta":[],"product_brand":[],"product_cat":[21540],"product_tag":[],"class_list":{"0":"post-153321","1":"product","2":"type-product","3":"status-publish","4":"has-post-thumbnail","6":"product_cat-fuehrerliteratur-alpin-winter","7":"pa_autor-proettel","8":"pa_erscheinungsjahr-21571","9":"pa_region-schweiz","10":"pa_sprache-de","12":"first","13":"outofstock","14":"taxable","15":"shipping-taxable","16":"purchasable","17":"product-type-simple"},"_links":{"self":[{"href":"https:\/\/pizbube.ch\/en\/wp-json\/wp\/v2\/product\/153321","targetHints":{"allow":["GET"]}}],"collection":[{"href":"https:\/\/pizbube.ch\/en\/wp-json\/wp\/v2\/product"}],"about":[{"href":"https:\/\/pizbube.ch\/en\/wp-json\/wp\/v2\/types\/product"}],"wp:featuredmedia":[{"embeddable":true,"href":"https:\/\/pizbube.ch\/en\/wp-json\/wp\/v2\/media\/183342"}],"wp:attachment":[{"href":"https:\/\/pizbube.ch\/en\/wp-json\/wp\/v2\/media?parent=153321"}],"wp:term":[{"taxonomy":"product_brand","embeddable":true,"href":"https:\/\/pizbube.ch\/en\/wp-json\/wp\/v2\/product_brand?post=153321"},{"taxonomy":"product_cat","embeddable":true,"href":"https:\/\/pizbube.ch\/en\/wp-json\/wp\/v2\/product_cat?post=153321"},{"taxonomy":"product_tag","embeddable":true,"href":"https:\/\/pizbube.ch\/en\/wp-json\/wp\/v2\/product_tag?post=153321"}],"curies":[{"name":"wp","href":"https:\/\/api.w.org\/{rel}","templated":true}]}}