{"id":153322,"date":"2021-01-15T12:36:24","date_gmt":"2021-01-15T12:36:24","guid":{"rendered":"https:\/\/codengine3.ch\/?product=import-placeholder-for-206120"},"modified":"2021-01-15T14:46:31","modified_gmt":"2021-01-15T14:46:31","slug":"kletterfuehrer-segnesboden","status":"publish","type":"product","link":"https:\/\/pizbube.ch\/en\/shop\/kletterfuehrer-segnesboden\/","title":{"rendered":"Kletterf\u00fchrer Segnesboden"},"content":{"rendered":"<p>Der Klettergarten Segnesboden<br \/>\nDer Klettergarten ist vor allem f\u00fcr Familien und Einsteiger geeignet.<br \/>\nEr liegt im majest\u00e4tischen Hochtal auf knapp 2&#8217;100 Meter H\u00f6he. Der stabile<br \/>\nKalkfels ist ideal zum Klettern und auf dem Areal finden Sie alles, was Sie<br \/>\nf\u00fcr ein gelungenes Bergabenteuer ben\u00f6tigen.  <\/p>\n<p>Der Klettergarten besteht aus f\u00fcnf Sektionen: Ost a\/b\/c und West a\/b.<br \/>\nInnerhalb von diesen f\u00fcnf Sektoren finden Sie 31 verschiedene Routen in<br \/>\nSchwierigkeitsgraden von 2a bis 6b. Die Routenl\u00e4ngen variieren von 10 bis 100<br \/>\nMeter.  <\/p>","protected":false},"excerpt":{"rendered":"<p>Der Klettergarten Segnesboden Der Klettergarten ist vor allem f\u00fcr Familien und Einsteiger geeignet. Er liegt im majest\u00e4tischen Hochtal auf knapp 2&#8217;100 Meter H\u00f6he. Der stabile Kalkfels ist ideal zum Klettern und auf dem Areal finden Sie alles, was Sie f\u00fcr ein gelungenes Bergabenteuer ben\u00f6tigen. Der Klettergarten besteht aus f\u00fcnf Sektionen: Ost a\/b\/c und West a\/b. [&#8230;]\n","protected":false},"featured_media":35042,"template":"","meta":[],"product_brand":[],"product_cat":[21539],"product_tag":[],"class_list":{"0":"post-153322","1":"product","2":"type-product","3":"status-publish","4":"has-post-thumbnail","6":"product_cat-fuehrerliteratur-sportklettern-bouldern","7":"pa_autor-vpk","8":"pa_erscheinungsjahr-21591","9":"pa_region-schweiz","10":"pa_sprache-de","12":"first","13":"instock","14":"taxable","15":"shipping-taxable","16":"purchasable","17":"product-type-simple"},"_links":{"self":[{"href":"https:\/\/pizbube.ch\/en\/wp-json\/wp\/v2\/product\/153322","targetHints":{"allow":["GET"]}}],"collection":[{"href":"https:\/\/pizbube.ch\/en\/wp-json\/wp\/v2\/product"}],"about":[{"href":"https:\/\/pizbube.ch\/en\/wp-json\/wp\/v2\/types\/product"}],"wp:featuredmedia":[{"embeddable":true,"href":"https:\/\/pizbube.ch\/en\/wp-json\/wp\/v2\/media\/35042"}],"wp:attachment":[{"href":"https:\/\/pizbube.ch\/en\/wp-json\/wp\/v2\/media?parent=153322"}],"wp:term":[{"taxonomy":"product_brand","embeddable":true,"href":"https:\/\/pizbube.ch\/en\/wp-json\/wp\/v2\/product_brand?post=153322"},{"taxonomy":"product_cat","embeddable":true,"href":"https:\/\/pizbube.ch\/en\/wp-json\/wp\/v2\/product_cat?post=153322"},{"taxonomy":"product_tag","embeddable":true,"href":"https:\/\/pizbube.ch\/en\/wp-json\/wp\/v2\/product_tag?post=153322"}],"curies":[{"name":"wp","href":"https:\/\/api.w.org\/{rel}","templated":true}]}}