{"id":153324,"date":"2021-01-15T12:36:29","date_gmt":"2021-01-15T12:36:29","guid":{"rendered":"https:\/\/codengine3.ch\/?product=import-placeholder-for-204213"},"modified":"2021-01-15T14:30:57","modified_gmt":"2021-01-15T14:30:57","slug":"nuit-de-la-glisse-2005-dvd","status":"publish","type":"product","link":"https:\/\/pizbube.ch\/en\/shop\/nuit-de-la-glisse-2005-dvd\/","title":{"rendered":"Nuit de la glisse 2005 DVD"},"content":{"rendered":"<p>La Nuit de la Glisse 2005. Perfect moment, the contact.<br \/>\nVivez le qu\u00eate universelle du Moment Parfait, celle de tous ces riders \u00e0 la<br \/>\nrecherche du contact privil\u00e9gi\u00e9 avec la nature.<br \/>\nd\u00e9couvrez \u00e0 travers des paysages majestueux (Cap Vert, Br\u00e9sil, Maldives,<br \/>\nHawa\u00ef, Alaska, Norv\u00e8ge) de nouvelles disciplines telles que le kayak extr\u00eames<br \/>\nou le wingsuit.<br \/>\nPartagez les valeurs de la Nuit de la Glisse!<br \/>\nBonus in\u00e9dits : retrospective NDG; making du tournage en Alsaka; Session de<br \/>\nt\u00e9l\u00e9mark freeride ; une session freestyle (avec Candide Thovex)<br \/>\nDVD, 98 minutes + 30 minutes de bonus<\/p>","protected":false},"excerpt":{"rendered":"<p>La Nuit de la Glisse 2005. Perfect moment, the contact. Vivez le qu\u00eate universelle du Moment Parfait, celle de tous ces riders \u00e0 la recherche du contact privil\u00e9gi\u00e9 avec la nature. d\u00e9couvrez \u00e0 travers des paysages majestueux (Cap Vert, Br\u00e9sil, Maldives, Hawa\u00ef, Alaska, Norv\u00e8ge) de nouvelles disciplines telles que le kayak extr\u00eames ou le wingsuit. [&#8230;]\n","protected":false},"featured_media":32003,"template":"","meta":[],"product_brand":[],"product_cat":[21628],"product_tag":[],"class_list":{"0":"post-153324","1":"product","2":"type-product","3":"status-publish","4":"has-post-thumbnail","6":"product_cat-video-dvd-multimedia","7":"pa_autor-pm","8":"pa_erscheinungsjahr-21776","9":"pa_region-frankreich","10":"pa_sprache-e","11":"pa_sprache-f","13":"first","14":"instock","15":"taxable","16":"shipping-taxable","17":"purchasable","18":"product-type-simple"},"_links":{"self":[{"href":"https:\/\/pizbube.ch\/en\/wp-json\/wp\/v2\/product\/153324","targetHints":{"allow":["GET"]}}],"collection":[{"href":"https:\/\/pizbube.ch\/en\/wp-json\/wp\/v2\/product"}],"about":[{"href":"https:\/\/pizbube.ch\/en\/wp-json\/wp\/v2\/types\/product"}],"wp:featuredmedia":[{"embeddable":true,"href":"https:\/\/pizbube.ch\/en\/wp-json\/wp\/v2\/media\/32003"}],"wp:attachment":[{"href":"https:\/\/pizbube.ch\/en\/wp-json\/wp\/v2\/media?parent=153324"}],"wp:term":[{"taxonomy":"product_brand","embeddable":true,"href":"https:\/\/pizbube.ch\/en\/wp-json\/wp\/v2\/product_brand?post=153324"},{"taxonomy":"product_cat","embeddable":true,"href":"https:\/\/pizbube.ch\/en\/wp-json\/wp\/v2\/product_cat?post=153324"},{"taxonomy":"product_tag","embeddable":true,"href":"https:\/\/pizbube.ch\/en\/wp-json\/wp\/v2\/product_tag?post=153324"}],"curies":[{"name":"wp","href":"https:\/\/api.w.org\/{rel}","templated":true}]}}