{"id":153325,"date":"2021-01-15T12:36:29","date_gmt":"2021-01-15T12:36:29","guid":{"rendered":"https:\/\/codengine3.ch\/?product=import-placeholder-for-204349"},"modified":"2021-01-15T14:32:14","modified_gmt":"2021-01-15T14:32:14","slug":"das-landschaftsrelief","status":"publish","type":"product","link":"https:\/\/pizbube.ch\/en\/shop\/das-landschaftsrelief\/","title":{"rendered":"Das Landschaftsrelief"},"content":{"rendered":"<p>Symbiose von Wissenschaft und Technik, mit Schweizer Reliefkatalog.<br \/>\nDas massstabsgetreue Relief dient seit der Mitte des 18. Jahrhunderts als<br \/>\nMittel, um Landschaft zu verstehen. Urspr\u00fcnglich vor allem zu milit\u00e4rischen<br \/>\nZwecken gebraucht, hat sich das Landschaftsrelief zum didaktischen Werkzeug im<br \/>\nUnterricht und in Ausstellungen entwickelt. In Fachkreisen schon lange<br \/>\nbekannt, einer breiteren \u00d6ffentlichkeit aber wenig bewusst ist, dass mit Toni<br \/>\nMair der wichtigste Reliefbauer im deutschsprachigen Raum in der Schweiz t\u00e4tig<br \/>\nist. Das Buch schildert die Geschichte des Reliefbaus in der Schweiz und in<br \/>\nangrenzenden Regionen und zeigt die Technik des Reliefbauers heute. Das<br \/>\nSchweizerische Alpine Museum hat den aktuellen Bestand an Reliefs aufgenommen<br \/>\nund pr\u00e4sentiert nach \u00fcber 70 Jahren im Buchanhang eine \u00dcbersicht mit<br \/>\nKurzportr\u00e4ts der einzelnen Reliefs.<\/p>","protected":false},"excerpt":{"rendered":"<p>Symbiose von Wissenschaft und Technik, mit Schweizer Reliefkatalog. Das massstabsgetreue Relief dient seit der Mitte des 18. Jahrhunderts als Mittel, um Landschaft zu verstehen. Urspr\u00fcnglich vor allem zu milit\u00e4rischen Zwecken gebraucht, hat sich das Landschaftsrelief zum didaktischen Werkzeug im Unterricht und in Ausstellungen entwickelt. In Fachkreisen schon lange bekannt, einer breiteren \u00d6ffentlichkeit aber wenig bewusst [&#8230;]\n","protected":false},"featured_media":32189,"template":"","meta":[],"product_brand":[],"product_cat":[21542],"product_tag":[],"class_list":{"0":"post-153325","1":"product","2":"type-product","3":"status-publish","4":"has-post-thumbnail","6":"product_cat-sachbuecher-dokumentationen","7":"pa_autor-mair-grieder","8":"pa_erscheinungsjahr-21763","9":"pa_region-schweiz","10":"pa_sprache-de","12":"first","13":"outofstock","14":"taxable","15":"shipping-taxable","16":"purchasable","17":"product-type-simple"},"_links":{"self":[{"href":"https:\/\/pizbube.ch\/en\/wp-json\/wp\/v2\/product\/153325","targetHints":{"allow":["GET"]}}],"collection":[{"href":"https:\/\/pizbube.ch\/en\/wp-json\/wp\/v2\/product"}],"about":[{"href":"https:\/\/pizbube.ch\/en\/wp-json\/wp\/v2\/types\/product"}],"wp:featuredmedia":[{"embeddable":true,"href":"https:\/\/pizbube.ch\/en\/wp-json\/wp\/v2\/media\/32189"}],"wp:attachment":[{"href":"https:\/\/pizbube.ch\/en\/wp-json\/wp\/v2\/media?parent=153325"}],"wp:term":[{"taxonomy":"product_brand","embeddable":true,"href":"https:\/\/pizbube.ch\/en\/wp-json\/wp\/v2\/product_brand?post=153325"},{"taxonomy":"product_cat","embeddable":true,"href":"https:\/\/pizbube.ch\/en\/wp-json\/wp\/v2\/product_cat?post=153325"},{"taxonomy":"product_tag","embeddable":true,"href":"https:\/\/pizbube.ch\/en\/wp-json\/wp\/v2\/product_tag?post=153325"}],"curies":[{"name":"wp","href":"https:\/\/api.w.org\/{rel}","templated":true}]}}