{"id":153326,"date":"2021-01-15T12:36:29","date_gmt":"2021-01-15T12:36:29","guid":{"rendered":"https:\/\/codengine3.ch\/?product=import-placeholder-for-202466"},"modified":"2022-08-13T14:26:58","modified_gmt":"2022-08-13T12:26:58","slug":"bildhauer-der-berge","status":"publish","type":"product","link":"https:\/\/pizbube.ch\/en\/shop\/bildhauer-der-berge\/","title":{"rendered":"Bildhauer der Berge"},"content":{"rendered":"<p>Ein Bericht \u00fcber alpine Gebirgsmodelle in der Schweiz. Farbfotos, Zeichn.<br \/>\nDie Berge waren und sind eine unersch\u00f6pfliche Inspirationsquelle f\u00fcr Dichter<br \/>\nund Maler. Aber auch Bildhauer sind gegen den Reiz der glitzernden Gipfel<br \/>\nnicht unempfindlich. So gab es im Laufe der Jahre K\u00fcnstler, die sich mit<br \/>\nHingabe und Fleiss der Aufgabe widmeten, Berge und T\u00e4ler dreidimensional<br \/>\nwiederzugeben und darzustellen.<\/p>","protected":false},"excerpt":{"rendered":"<p>Ein Bericht \u00fcber alpine Gebirgsmodelle in der Schweiz. Farbfotos, Zeichn. Die Berge waren und sind eine unersch\u00f6pfliche Inspirationsquelle f\u00fcr Dichter und Maler. Aber auch Bildhauer sind gegen den Reiz der glitzernden Gipfel nicht unempfindlich. So gab es im Laufe der Jahre K\u00fcnstler, die sich mit Hingabe und Fleiss der Aufgabe widmeten, Berge und T\u00e4ler dreidimensional [&#8230;]\n","protected":false},"featured_media":29854,"template":"","meta":[],"product_brand":[],"product_cat":[21580],"product_tag":[],"class_list":{"0":"post-153326","1":"product","2":"type-product","3":"status-publish","4":"has-post-thumbnail","6":"product_cat-kunst-kultur","7":"pa_autor-imhof","8":"pa_erscheinungsjahr-22427","9":"pa_region-schweiz","10":"pa_sprache-de","12":"first","13":"outofstock","14":"taxable","15":"shipping-taxable","16":"purchasable","17":"product-type-simple"},"_links":{"self":[{"href":"https:\/\/pizbube.ch\/en\/wp-json\/wp\/v2\/product\/153326","targetHints":{"allow":["GET"]}}],"collection":[{"href":"https:\/\/pizbube.ch\/en\/wp-json\/wp\/v2\/product"}],"about":[{"href":"https:\/\/pizbube.ch\/en\/wp-json\/wp\/v2\/types\/product"}],"wp:featuredmedia":[{"embeddable":true,"href":"https:\/\/pizbube.ch\/en\/wp-json\/wp\/v2\/media\/29854"}],"wp:attachment":[{"href":"https:\/\/pizbube.ch\/en\/wp-json\/wp\/v2\/media?parent=153326"}],"wp:term":[{"taxonomy":"product_brand","embeddable":true,"href":"https:\/\/pizbube.ch\/en\/wp-json\/wp\/v2\/product_brand?post=153326"},{"taxonomy":"product_cat","embeddable":true,"href":"https:\/\/pizbube.ch\/en\/wp-json\/wp\/v2\/product_cat?post=153326"},{"taxonomy":"product_tag","embeddable":true,"href":"https:\/\/pizbube.ch\/en\/wp-json\/wp\/v2\/product_tag?post=153326"}],"curies":[{"name":"wp","href":"https:\/\/api.w.org\/{rel}","templated":true}]}}