{"id":153328,"date":"2021-01-15T12:36:29","date_gmt":"2021-01-15T12:36:29","guid":{"rendered":"https:\/\/codengine3.ch\/?product=import-placeholder-for-202468"},"modified":"2023-03-29T15:39:19","modified_gmt":"2023-03-29T13:39:19","slug":"escaladas-en-mont-ral-y-la-mussara","status":"publish","type":"product","link":"https:\/\/pizbube.ch\/en\/shop\/escaladas-en-mont-ral-y-la-mussara\/","title":{"rendered":"Escaladas en Mont Ral y La Mussara"},"content":{"rendered":"<p>Topoguidebook: Mont Ral, La Mussara in Catalunya<\/p>\n<p>La MUSSARA:<br \/>\n* les Airasses I (Pouet, Bostorets, C\u00f2smic)<br \/>\n* les Airasses II (Fant\u00e0stic, l`Antaviana, les Tosques, la Quilla, el Parvulari, la Dona, Gessa, el Pen-i-tente, el Caputxino)<br \/>\n* les Campanilles<br \/>\n* la Combrunada (Colomers, l`Abell\u00f3)<br \/>\n* Grau dels racons (Racons, Cova dels Carlins, Paxeco, Celtas Cortos, la Palma)<br \/>\n* Antenes (Tot GRau, Roure, Primitiu, Taronja, la Proa, Espantaocells, Covallonga, Follet, Del Mig, D\u00ededres, Totxo d`en Tuc, Itaca, Patag\u00f2nia)<br \/>\n* la Isabel (lo Mosaic i la Pissarra, Spectre, Canal Negra, Totxo del Siscu, Paret de la Sabina, Torre Ariadna, l`\u00c0tic<br \/>\n* lo Raval (lo Raval)<br \/>\n* lo Soterrani(Agulla Gaud\u00ed, Paret del Su\u00eds, Jardi del Roure, Totxo de l`Andi i la Rampa, el Biombo)<br \/>\n* lo Ravascal (lo Ravascal)<\/p>\n<p>MONT-RAL:<br \/>\n* Can Collons de la Roca<br \/>\n* els Gegants o les Bessones (Totxo Tatxa, can Txus Dena, Terra Negra, l`Arrepenjada, Esper\u00f3 No, el Rovell\u00f3, la Claca, paret del Gr\u00e8vol, els Gegants o les Bessones per dins, els Gegants o les Bessones per davant, el Fus, Cal Boig, el Riu, Trashzone, cal Boix, cal Baix, el Convent, l`Escenari, Totxo Graffiti o la Cova del Soldat, el Terrari)<br \/>\n* Naset de Paisan (l`Agulleta, l`Androna, M\u00e9s f\u00e0cil del m\u00f3n, can Tonada, can Sansi, paret del Capdavall, l`Agulla, la Terrassa)<br \/>\n* la Lloera (la Lloera)<br \/>\nROCA MONERA (Paret de Farena):<br \/>\n* les 8 vies del &#171;bigwall&#187; de les Muntanyes de Prades<\/p>","protected":false},"excerpt":{"rendered":"<p>Topoguidebook: Mont Ral, La Mussara in Catalunya La MUSSARA: * les Airasses I (Pouet, Bostorets, C\u00f2smic) * les Airasses II (Fant\u00e0stic, l`Antaviana, les Tosques, la Quilla, el Parvulari, la Dona, Gessa, el Pen-i-tente, el Caputxino) * les Campanilles * la Combrunada (Colomers, l`Abell\u00f3) * Grau dels racons (Racons, Cova dels Carlins, Paxeco, Celtas Cortos, la [&#8230;]\n","protected":false},"featured_media":29856,"template":"","meta":[],"product_brand":[],"product_cat":[21539],"product_tag":[],"class_list":{"0":"post-153328","1":"product","2":"type-product","3":"status-publish","4":"has-post-thumbnail","6":"product_cat-fuehrerliteratur-sportklettern-bouldern","7":"pa_autor-alfonso-buxo","8":"pa_erscheinungsjahr-22242","9":"pa_region-spanien","10":"pa_sprache-sp","12":"first","13":"outofstock","14":"taxable","15":"shipping-taxable","16":"purchasable","17":"product-type-simple"},"_links":{"self":[{"href":"https:\/\/pizbube.ch\/en\/wp-json\/wp\/v2\/product\/153328","targetHints":{"allow":["GET"]}}],"collection":[{"href":"https:\/\/pizbube.ch\/en\/wp-json\/wp\/v2\/product"}],"about":[{"href":"https:\/\/pizbube.ch\/en\/wp-json\/wp\/v2\/types\/product"}],"wp:featuredmedia":[{"embeddable":true,"href":"https:\/\/pizbube.ch\/en\/wp-json\/wp\/v2\/media\/29856"}],"wp:attachment":[{"href":"https:\/\/pizbube.ch\/en\/wp-json\/wp\/v2\/media?parent=153328"}],"wp:term":[{"taxonomy":"product_brand","embeddable":true,"href":"https:\/\/pizbube.ch\/en\/wp-json\/wp\/v2\/product_brand?post=153328"},{"taxonomy":"product_cat","embeddable":true,"href":"https:\/\/pizbube.ch\/en\/wp-json\/wp\/v2\/product_cat?post=153328"},{"taxonomy":"product_tag","embeddable":true,"href":"https:\/\/pizbube.ch\/en\/wp-json\/wp\/v2\/product_tag?post=153328"}],"curies":[{"name":"wp","href":"https:\/\/api.w.org\/{rel}","templated":true}]}}