{"id":153329,"date":"2021-01-15T12:36:29","date_gmt":"2021-01-15T12:36:29","guid":{"rendered":"https:\/\/codengine3.ch\/?product=import-placeholder-for-202660"},"modified":"2023-09-26T17:45:14","modified_gmt":"2023-09-26T15:45:14","slug":"escaladas-en-arboli","status":"publish","type":"product","link":"https:\/\/pizbube.ch\/en\/shop\/escaladas-en-arboli\/","title":{"rendered":"escaladas en Arboli"},"content":{"rendered":"<p>La guia proporciona informaci\u00f3 de 23 sectors, amb fotos dels diferents sectors<br \/>\ni \u00edndex de totes les vies classificades per dificultat.<br \/>\nTopoguidebook<\/p>\n<p>La Serra de Prades posee un incre\u00edble potencial para la pr\u00e1ctica de la<br \/>\nescalada deportiva. Luis Alfonso y Xavier Bux\u00f3, grandes conocedores de la<br \/>\nzona, sacan al mercado una nueva gu\u00eda dedicada a una de las escuelas m\u00e1s<br \/>\nconocidas: Arbol\u00ed. Detr\u00e1s de su atractiva foto de portada encontrar\u00e9is<br \/>\ninformaci\u00f3n sobre la mayor\u00eda de las zonas y sectores, con datos sobre el<br \/>\nacceso, la orientaci\u00f3n, n\u00famero de la v\u00eda, metros, dificultad, n\u00famero de<br \/>\nseguros y observaciones sobre aquello que se estime necesario, como el<br \/>\nequipamiento.<\/p>\n<p>Una gu\u00eda muy completa con croquis, fotograf\u00edas en color y multitud de datos<br \/>\nt\u00e9cnicos, adem\u00e1s de un dise\u00f1o muy original. Otro dato importante es el<br \/>\nnovedoso y pr\u00e1ctico formato de esta gu\u00eda (pr\u00e1cticamente de bolsillo) que la<br \/>\nconvierte en ideal para ser una fiel compa\u00f1era en esta escuela catalana. Los<br \/>\ntextos est\u00e1n editados en castellano y en catal\u00e1n.<\/p>","protected":false},"excerpt":{"rendered":"<p>La guia proporciona informaci\u00f3 de 23 sectors, amb fotos dels diferents sectors i \u00edndex de totes les vies classificades per dificultat. Topoguidebook La Serra de Prades posee un incre\u00edble potencial para la pr\u00e1ctica de la escalada deportiva. Luis Alfonso y Xavier Bux\u00f3, grandes conocedores de la zona, sacan al mercado una nueva gu\u00eda dedicada a [&#8230;]\n","protected":false},"featured_media":26390,"template":"","meta":[],"product_brand":[],"product_cat":[21539],"product_tag":[],"class_list":{"0":"post-153329","1":"product","2":"type-product","3":"status-publish","4":"has-post-thumbnail","6":"product_cat-fuehrerliteratur-sportklettern-bouldern","7":"pa_autor-alfonso-buxo","8":"pa_erscheinungsjahr-22144","9":"pa_region-spanien","10":"pa_sprache-es","12":"first","13":"instock","14":"taxable","15":"shipping-taxable","16":"purchasable","17":"product-type-simple"},"_links":{"self":[{"href":"https:\/\/pizbube.ch\/en\/wp-json\/wp\/v2\/product\/153329","targetHints":{"allow":["GET"]}}],"collection":[{"href":"https:\/\/pizbube.ch\/en\/wp-json\/wp\/v2\/product"}],"about":[{"href":"https:\/\/pizbube.ch\/en\/wp-json\/wp\/v2\/types\/product"}],"wp:featuredmedia":[{"embeddable":true,"href":"https:\/\/pizbube.ch\/en\/wp-json\/wp\/v2\/media\/26390"}],"wp:attachment":[{"href":"https:\/\/pizbube.ch\/en\/wp-json\/wp\/v2\/media?parent=153329"}],"wp:term":[{"taxonomy":"product_brand","embeddable":true,"href":"https:\/\/pizbube.ch\/en\/wp-json\/wp\/v2\/product_brand?post=153329"},{"taxonomy":"product_cat","embeddable":true,"href":"https:\/\/pizbube.ch\/en\/wp-json\/wp\/v2\/product_cat?post=153329"},{"taxonomy":"product_tag","embeddable":true,"href":"https:\/\/pizbube.ch\/en\/wp-json\/wp\/v2\/product_tag?post=153329"}],"curies":[{"name":"wp","href":"https:\/\/api.w.org\/{rel}","templated":true}]}}