{"id":153330,"date":"2021-01-15T12:36:29","date_gmt":"2021-01-15T12:36:29","guid":{"rendered":"https:\/\/codengine3.ch\/?product=import-placeholder-for-202469"},"modified":"2021-01-15T12:36:33","modified_gmt":"2021-01-15T12:36:33","slug":"eroberung-des-unsichtbaren","status":"publish","type":"product","link":"https:\/\/pizbube.ch\/en\/shop\/eroberung-des-unsichtbaren\/","title":{"rendered":"Eroberung des Unsichtbaren"},"content":{"rendered":"<p>Klettern war sein Leben. Thomas Hrovat bezwang die schwierigsten Routen der<br \/>\nWelt. Erstbegehungen im 10. Schwierigkeitsgrad begr\u00fcndeten seinen Ruf als<br \/>\neiner der besten Freikletterer. Doch von einem Tag auf den anderen \u00e4ndert sich<br \/>\nalles:<br \/>\nDepression, Angst und Panik bestimmen ab nun sein Leben. Er, dem keine Wand zu<br \/>\nsteil war, hat pl\u00f6tzlich angst, sein Zimmer zu verlassen&#8230;<br \/>\nThomas Hrovat erz\u00e4hlt hier erstmals Seinen Aufstieg in die Berge, seinen<br \/>\nAbsturz in die Angst und seinen schwierigen Weg zur\u00fcck ins so genannte normale<br \/>\nLeben. Es ist die erste authentische Geschichte eine extremen Lebens.<\/p>","protected":false},"excerpt":{"rendered":"<p>Klettern war sein Leben. Thomas Hrovat bezwang die schwierigsten Routen der Welt. Erstbegehungen im 10. Schwierigkeitsgrad begr\u00fcndeten seinen Ruf als einer der besten Freikletterer. Doch von einem Tag auf den anderen \u00e4ndert sich alles: Depression, Angst und Panik bestimmen ab nun sein Leben. Er, dem keine Wand zu steil war, hat pl\u00f6tzlich angst, sein Zimmer [&#8230;]\n","protected":false},"featured_media":29857,"template":"","meta":[],"product_brand":[],"product_cat":[21542],"product_tag":[],"class_list":{"0":"post-153330","1":"product","2":"type-product","3":"status-publish","4":"has-post-thumbnail","6":"product_cat-sachbuecher-dokumentationen","7":"pa_autor-hrovat","8":"pa_erscheinungsjahr-22242","9":"pa_region-deutschland","10":"pa_sprache-de","12":"first","13":"outofstock","14":"taxable","15":"shipping-taxable","16":"purchasable","17":"product-type-simple"},"_links":{"self":[{"href":"https:\/\/pizbube.ch\/en\/wp-json\/wp\/v2\/product\/153330","targetHints":{"allow":["GET"]}}],"collection":[{"href":"https:\/\/pizbube.ch\/en\/wp-json\/wp\/v2\/product"}],"about":[{"href":"https:\/\/pizbube.ch\/en\/wp-json\/wp\/v2\/types\/product"}],"wp:featuredmedia":[{"embeddable":true,"href":"https:\/\/pizbube.ch\/en\/wp-json\/wp\/v2\/media\/29857"}],"wp:attachment":[{"href":"https:\/\/pizbube.ch\/en\/wp-json\/wp\/v2\/media?parent=153330"}],"wp:term":[{"taxonomy":"product_brand","embeddable":true,"href":"https:\/\/pizbube.ch\/en\/wp-json\/wp\/v2\/product_brand?post=153330"},{"taxonomy":"product_cat","embeddable":true,"href":"https:\/\/pizbube.ch\/en\/wp-json\/wp\/v2\/product_cat?post=153330"},{"taxonomy":"product_tag","embeddable":true,"href":"https:\/\/pizbube.ch\/en\/wp-json\/wp\/v2\/product_tag?post=153330"}],"curies":[{"name":"wp","href":"https:\/\/api.w.org\/{rel}","templated":true}]}}