{"id":153331,"date":"2021-01-15T12:36:30","date_gmt":"2021-01-15T12:36:30","guid":{"rendered":"https:\/\/codengine3.ch\/?product=import-placeholder-for-204613"},"modified":"2021-01-15T14:34:53","modified_gmt":"2021-01-15T14:34:53","slug":"sturz-in-die-tiefe","status":"publish","type":"product","link":"https:\/\/pizbube.ch\/en\/shop\/sturz-in-die-tiefe\/","title":{"rendered":"Sturz in die Tiefe"},"content":{"rendered":"<p>Wie ich 800 Meter fiel und mich zur\u00fcck ins Leben k\u00e4mpfte<\/p>\n<p>Im April 2014 steht Gela Allmann f\u00fcr ein Fotoshooting auf einem Berg in Island<br \/>\n&#8211; doch kurz darauf ist sie von ihrem Leben als Bergl\u00e4uferin und Sportmodel<br \/>\nweiter entfernt als je zuvor. Nach einem qu\u00e4lend langen Sturz \u00fcber Felsen und<br \/>\nEis sind ihre Knie und die linke Schulter zertr\u00fcmmert, ein R\u00fcckenwirbel und<br \/>\ndas Nasenbein gebrochen sowie die Hauptarterie im rechten Bein gerissen.<\/p>\n<p>In ihrem Buch verarbeitet die Sportlerin die Momente des Fallens bei vollem<br \/>\nBewusstsein und die Angst, geliebte Menschen nie wiederzusehen. Und nimmt uns<br \/>\nmit auf eine lange Reise: von der Bewegungslosigkeit im Krankenbett, den<br \/>\nEtappenzielen w\u00e4hrend der Reha bis zu ihrem ersten Berggipfel nach dem Unfall.<br \/>\nEin au\u00dfergew\u00f6hnliches Schicksal, das Mut macht, f\u00fcr sein Gl\u00fcck zu k\u00e4mpfen.<\/p>","protected":false},"excerpt":{"rendered":"<p>Wie ich 800 Meter fiel und mich zur\u00fcck ins Leben k\u00e4mpfte Im April 2014 steht Gela Allmann f\u00fcr ein Fotoshooting auf einem Berg in Island &#8211; doch kurz darauf ist sie von ihrem Leben als Bergl\u00e4uferin und Sportmodel weiter entfernt als je zuvor. Nach einem qu\u00e4lend langen Sturz \u00fcber Felsen und Eis sind ihre Knie [&#8230;]\n","protected":false},"featured_media":32800,"template":"","meta":[],"product_brand":[],"product_cat":[21542],"product_tag":[],"class_list":{"0":"post-153331","1":"product","2":"type-product","3":"status-publish","4":"has-post-thumbnail","6":"product_cat-sachbuecher-dokumentationen","7":"pa_autor-allmann","8":"pa_erscheinungsjahr-21571","9":"pa_region-deutschland","10":"pa_sprache-de","12":"first","13":"instock","14":"taxable","15":"shipping-taxable","16":"purchasable","17":"product-type-simple"},"_links":{"self":[{"href":"https:\/\/pizbube.ch\/en\/wp-json\/wp\/v2\/product\/153331","targetHints":{"allow":["GET"]}}],"collection":[{"href":"https:\/\/pizbube.ch\/en\/wp-json\/wp\/v2\/product"}],"about":[{"href":"https:\/\/pizbube.ch\/en\/wp-json\/wp\/v2\/types\/product"}],"wp:featuredmedia":[{"embeddable":true,"href":"https:\/\/pizbube.ch\/en\/wp-json\/wp\/v2\/media\/32800"}],"wp:attachment":[{"href":"https:\/\/pizbube.ch\/en\/wp-json\/wp\/v2\/media?parent=153331"}],"wp:term":[{"taxonomy":"product_brand","embeddable":true,"href":"https:\/\/pizbube.ch\/en\/wp-json\/wp\/v2\/product_brand?post=153331"},{"taxonomy":"product_cat","embeddable":true,"href":"https:\/\/pizbube.ch\/en\/wp-json\/wp\/v2\/product_cat?post=153331"},{"taxonomy":"product_tag","embeddable":true,"href":"https:\/\/pizbube.ch\/en\/wp-json\/wp\/v2\/product_tag?post=153331"}],"curies":[{"name":"wp","href":"https:\/\/api.w.org\/{rel}","templated":true}]}}