{"id":153333,"date":"2021-01-15T12:36:30","date_gmt":"2021-01-15T12:36:30","guid":{"rendered":"https:\/\/codengine3.ch\/?product=import-placeholder-for-202475"},"modified":"2021-01-15T12:36:34","modified_gmt":"2021-01-15T12:36:34","slug":"les-montagnes-de-lantarctique","status":"publish","type":"product","link":"https:\/\/pizbube.ch\/en\/shop\/les-montagnes-de-lantarctique\/","title":{"rendered":"Les Montagnes de l&#8217;Antarctique"},"content":{"rendered":"<p>Pour la premi\u00e8re fois, les montagnes et sommets de l&#8217;Antarctique sont r\u00e9unis<br \/>\ndans un livre unique. Un magnifique ouvrage destin\u00e9 non seulement aux<br \/>\nalpinistes et mordus de montagne, mais aussi aux amateurs de voyages<br \/>\nlointains, avides de d\u00e9couvrir les rares contr\u00e9es encore m\u00e9connues de notre<br \/>\nplan\u00e8te.<br \/>\nGrimper en Antarctique est une exp\u00e9rience unique. C&#8217;est un r\u00eave auquel seuls<br \/>\nde rares alpinistes ont eu le privil\u00e8ge d&#8217;acc\u00e9der \u00e0 ce jour. Un r\u00eave que vous<br \/>\npourrez aujourd&#8217;hui carresser, gr\u00e2ce \u00e0 ce tr\u00e8s beau livre abondamment illustr\u00e9<br \/>\net remarquablement document\u00e9.  <\/p>\n<p>Damien Gildea vous entra\u00eenera dans la riche histoire de l&#8217;aventure alpine en<br \/>\nAntarctique, depuis les premi\u00e8res explorations au dix-neuvi\u00e8me si\u00e8cle<br \/>\njusqu&#8217;aux exploits des grimpeurs extr\u00eames d&#8217;aujourd&#8217;hui. Il vous conduira au<br \/>\ncoeur des montagnes les plus impressionnantes et les plus recul\u00e9es du p\u00f4le<br \/>\nSud&#8230;  <\/p>\n<p>D\u00e9couvrir les incroyables montagnes de l&#8217;Antarctique \u00e9mergeant de l&#8217;immensit\u00e9<br \/>\nblanche laissera plus d&#8217;un lecteur v\u00e9ritablement sans voix&#8230; Difficile<br \/>\nd&#8217;imaginer que l&#8217;on est encore sur Terre !<br \/>\nUn livre de r\u00e9f\u00e9rence indispensable dans toute belle biblioth\u00e8que de voyage ou<br \/>\nde montagne !<\/p>","protected":false},"excerpt":{"rendered":"<p>Pour la premi\u00e8re fois, les montagnes et sommets de l&#8217;Antarctique sont r\u00e9unis dans un livre unique. Un magnifique ouvrage destin\u00e9 non seulement aux alpinistes et mordus de montagne, mais aussi aux amateurs de voyages lointains, avides de d\u00e9couvrir les rares contr\u00e9es encore m\u00e9connues de notre plan\u00e8te. Grimper en Antarctique est une exp\u00e9rience unique. C&#8217;est un [&#8230;]\n","protected":false},"featured_media":29865,"template":"","meta":[],"product_brand":[],"product_cat":[21542],"product_tag":[],"class_list":{"0":"post-153333","1":"product","2":"type-product","3":"status-publish","4":"has-post-thumbnail","6":"product_cat-sachbuecher-dokumentationen","7":"pa_autor-gildea","8":"pa_erscheinungsjahr-21830","9":"pa_region-arktis-antarktis-groenland-island","10":"pa_sprache-fr","12":"first","13":"instock","14":"taxable","15":"shipping-taxable","16":"purchasable","17":"product-type-simple"},"_links":{"self":[{"href":"https:\/\/pizbube.ch\/en\/wp-json\/wp\/v2\/product\/153333","targetHints":{"allow":["GET"]}}],"collection":[{"href":"https:\/\/pizbube.ch\/en\/wp-json\/wp\/v2\/product"}],"about":[{"href":"https:\/\/pizbube.ch\/en\/wp-json\/wp\/v2\/types\/product"}],"wp:featuredmedia":[{"embeddable":true,"href":"https:\/\/pizbube.ch\/en\/wp-json\/wp\/v2\/media\/29865"}],"wp:attachment":[{"href":"https:\/\/pizbube.ch\/en\/wp-json\/wp\/v2\/media?parent=153333"}],"wp:term":[{"taxonomy":"product_brand","embeddable":true,"href":"https:\/\/pizbube.ch\/en\/wp-json\/wp\/v2\/product_brand?post=153333"},{"taxonomy":"product_cat","embeddable":true,"href":"https:\/\/pizbube.ch\/en\/wp-json\/wp\/v2\/product_cat?post=153333"},{"taxonomy":"product_tag","embeddable":true,"href":"https:\/\/pizbube.ch\/en\/wp-json\/wp\/v2\/product_tag?post=153333"}],"curies":[{"name":"wp","href":"https:\/\/api.w.org\/{rel}","templated":true}]}}