{"id":153336,"date":"2021-01-15T12:36:36","date_gmt":"2021-01-15T12:36:36","guid":{"rendered":"https:\/\/codengine3.ch\/?product=import-placeholder-for-202963"},"modified":"2021-01-15T12:52:50","modified_gmt":"2021-01-15T12:52:50","slug":"paules-kletterbibel-westharz","status":"publish","type":"product","link":"https:\/\/pizbube.ch\/en\/shop\/paules-kletterbibel-westharz\/","title":{"rendered":"Paules Kletterbibel Westharz"},"content":{"rendered":"<p>Der ultimative Komplettf\u00fchrer f\u00fcr die Felsen des Westharzes. Im Kletterf\u00fchrer<br \/>\nWestharz werden \u00fcber 1000 Kletterwege an 199 Felsen beschrieben.Pr\u00e4zise<br \/>\nAnstiegsskizzen bieten Gew\u00e4hr f\u00fcr das sichere Auffinden der Routen und<br \/>\nvermeidet b\u00f6se \u00dcberraschungen beim Klettern. Der Kletterf\u00fchrer enth\u00e4lt auch<br \/>\nInfos zu Boulder- und Eiskletterzielen sowie Hinweise zur Kletterkonzeption.<\/p>","protected":false},"excerpt":{"rendered":"<p>Der ultimative Komplettf\u00fchrer f\u00fcr die Felsen des Westharzes. Im Kletterf\u00fchrer Westharz werden \u00fcber 1000 Kletterwege an 199 Felsen beschrieben.Pr\u00e4zise Anstiegsskizzen bieten Gew\u00e4hr f\u00fcr das sichere Auffinden der Routen und vermeidet b\u00f6se \u00dcberraschungen beim Klettern. Der Kletterf\u00fchrer enth\u00e4lt auch Infos zu Boulder- und Eiskletterzielen sowie Hinweise zur Kletterkonzeption.<\/p>","protected":false},"featured_media":30460,"template":"","meta":[],"product_brand":[],"product_cat":[21539],"product_tag":[],"class_list":{"0":"post-153336","1":"product","2":"type-product","3":"status-publish","4":"has-post-thumbnail","6":"product_cat-fuehrerliteratur-sportklettern-bouldern","7":"pa_autor-paul","8":"pa_erscheinungsjahr-21763","9":"pa_region-deutschland","10":"pa_sprache-de","12":"first","13":"instock","14":"taxable","15":"shipping-taxable","16":"purchasable","17":"product-type-simple"},"_links":{"self":[{"href":"https:\/\/pizbube.ch\/en\/wp-json\/wp\/v2\/product\/153336","targetHints":{"allow":["GET"]}}],"collection":[{"href":"https:\/\/pizbube.ch\/en\/wp-json\/wp\/v2\/product"}],"about":[{"href":"https:\/\/pizbube.ch\/en\/wp-json\/wp\/v2\/types\/product"}],"wp:featuredmedia":[{"embeddable":true,"href":"https:\/\/pizbube.ch\/en\/wp-json\/wp\/v2\/media\/30460"}],"wp:attachment":[{"href":"https:\/\/pizbube.ch\/en\/wp-json\/wp\/v2\/media?parent=153336"}],"wp:term":[{"taxonomy":"product_brand","embeddable":true,"href":"https:\/\/pizbube.ch\/en\/wp-json\/wp\/v2\/product_brand?post=153336"},{"taxonomy":"product_cat","embeddable":true,"href":"https:\/\/pizbube.ch\/en\/wp-json\/wp\/v2\/product_cat?post=153336"},{"taxonomy":"product_tag","embeddable":true,"href":"https:\/\/pizbube.ch\/en\/wp-json\/wp\/v2\/product_tag?post=153336"}],"curies":[{"name":"wp","href":"https:\/\/api.w.org\/{rel}","templated":true}]}}