{"id":153338,"date":"2021-01-15T12:36:36","date_gmt":"2021-01-15T12:36:36","guid":{"rendered":"https:\/\/codengine3.ch\/?product=import-placeholder-for-202481"},"modified":"2025-10-16T11:05:17","modified_gmt":"2025-10-16T09:05:17","slug":"rund-um-den-comer-see","status":"publish","type":"product","link":"https:\/\/pizbube.ch\/en\/shop\/rund-um-den-comer-see\/","title":{"rendered":"Comer See &#8211; 50 Touren"},"content":{"rendered":"<p>Valchiavenna, Bergell und unteres Veltlin &#8211; Die 50 sch\u00f6nsten Tal- und<br \/>\nH\u00f6henwanderungen zwischen Lecco und Como<\/p>\n<p>Die Gegend um den Comer See ist eines jener landschaftlichen Kleinodien am<br \/>\nS\u00fcdsaum der Alpen, die in idealer Weise die k\u00fchle, strenge Sch\u00f6nheit des<br \/>\nHochgebirges mit der Leichtigkeit und Anmut des S\u00fcdens verbinden. W\u00e4hrend auf<br \/>\nden Bergen, die den kleinsten der oberitalienischen Seen umgeben, noch wei\u00df<br \/>\nder Schnee gl\u00e4nzt, bl\u00fchen unten in der milden Fr\u00fchlingsw\u00e4rme des Tales bereits<br \/>\ndie Magnolien, und die Azaleen verstr\u00f6men ihren verschwenderischen Duft.<\/p>\n<p>Genauso vielseitig und voll gegens\u00e4tzlicher Reize ist auch das vorgestellte<br \/>\nWandergebiet selbst: Es erstreckt sich von der eigentlichen Comer-See-Region<br \/>\nmit den Ausl\u00e4ufern der Bergamasker Alpen \u00fcber das untere Veltlin bis hinauf in<br \/>\ndie urspr\u00fcngliche Berglandschaft des Bergell sowie ins Spl\u00fcgental.<\/p>\n<p>Das Hinterland des Comer Sees wird schnell steil und s\u00fcdalpin, und das hei\u00dft<br \/>\nf\u00fcr den Wanderer oft genug bergauf &#8211; bergab. Was l\u00e4\u00dft sich dabei aber nicht<br \/>\nalles entdecken und erleben, angefangen von einer einmaligen Pflanzenwelt \u00fcber<br \/>\nweltabgeschiedene T\u00e4ler \u2013 man denke nur an das urspr\u00fcngliche Val di Mello \u2013<br \/>\nbis hin zu malerischen kleinen Bergd\u00f6rfchen, von denen Soglio auf seiner<br \/>\nSonnenterrasse sicherlich das bekannteste ist.<\/p>\n<p>Der bekannte Bergbuchautor Eugen E. H\u00fcsler hat mit viel Sachkenntnis und Liebe<br \/>\nzum Gebiet aus der Vielfalt der M\u00f6glichkeiten die 50 sch\u00f6nsten Tal- und<br \/>\nH\u00f6henwanderungen ausgew\u00e4hlt. Da finden sich leichte, entspannende Spazierg\u00e4nge<br \/>\nam Ufer des Sees genauso wie alpin anspruchsvolle Wanderungen in den<br \/>\nHochregionen des Gebirges. Alle Touren sind pr\u00e4zise beschrieben und mit<br \/>\nKartenskizzen versehen. Und Wanderlust machen H\u00fcslers Beschreibungen gleich<br \/>\nauf den ersten Blick!<\/p>\n<p>8. Auflage 2023<br \/>\n144 Seiten mit 75 Farbabbildungen<br \/>\n48 Wanderk\u00e4rtchen im Ma\u00dfstab 1:25:000, 1:50.000, 1:75.000 und 1:100.000, \u00dcbersichtskarten im Ma\u00dfstab 1:400.000, 1:500.000 und 1:850.000<br \/>\nFormat 11,5 x 16,5 cm<br \/>\nkartoniert mit Polytex-Laminierung<\/p>","protected":false},"excerpt":{"rendered":"<p>Valchiavenna, Bergell und unteres Veltlin &#8211; Die 50 sch\u00f6nsten Tal- und H\u00f6henwanderungen zwischen Lecco und Como Die Gegend um den Comer See ist eines jener landschaftlichen Kleinodien am S\u00fcdsaum der Alpen, die in idealer Weise die k\u00fchle, strenge Sch\u00f6nheit des Hochgebirges mit der Leichtigkeit und Anmut des S\u00fcdens verbinden. W\u00e4hrend auf den Bergen, die den [&#8230;]\n","protected":false},"featured_media":157919,"template":"","meta":[],"product_brand":[],"product_cat":[21605],"product_tag":[],"class_list":{"0":"post-153338","1":"product","2":"type-product","3":"status-publish","4":"has-post-thumbnail","6":"product_cat-wanderfuehrer-trekking","7":"pa_autor-huesler","8":"pa_erscheinungsjahr-27129","9":"pa_region-italien","10":"pa_sprache-de","12":"first","13":"instock","14":"taxable","15":"shipping-taxable","16":"purchasable","17":"product-type-simple"},"_links":{"self":[{"href":"https:\/\/pizbube.ch\/en\/wp-json\/wp\/v2\/product\/153338","targetHints":{"allow":["GET"]}}],"collection":[{"href":"https:\/\/pizbube.ch\/en\/wp-json\/wp\/v2\/product"}],"about":[{"href":"https:\/\/pizbube.ch\/en\/wp-json\/wp\/v2\/types\/product"}],"wp:featuredmedia":[{"embeddable":true,"href":"https:\/\/pizbube.ch\/en\/wp-json\/wp\/v2\/media\/157919"}],"wp:attachment":[{"href":"https:\/\/pizbube.ch\/en\/wp-json\/wp\/v2\/media?parent=153338"}],"wp:term":[{"taxonomy":"product_brand","embeddable":true,"href":"https:\/\/pizbube.ch\/en\/wp-json\/wp\/v2\/product_brand?post=153338"},{"taxonomy":"product_cat","embeddable":true,"href":"https:\/\/pizbube.ch\/en\/wp-json\/wp\/v2\/product_cat?post=153338"},{"taxonomy":"product_tag","embeddable":true,"href":"https:\/\/pizbube.ch\/en\/wp-json\/wp\/v2\/product_tag?post=153338"}],"curies":[{"name":"wp","href":"https:\/\/api.w.org\/{rel}","templated":true}]}}