{"id":153340,"date":"2021-01-15T12:36:36","date_gmt":"2021-01-15T12:36:36","guid":{"rendered":"https:\/\/codengine3.ch\/?product=import-placeholder-for-204962"},"modified":"2021-01-15T14:37:37","modified_gmt":"2021-01-15T14:37:37","slug":"wandern-auf-dem-sentiero-del-viandante","status":"publish","type":"product","link":"https:\/\/pizbube.ch\/en\/shop\/wandern-auf-dem-sentiero-del-viandante\/","title":{"rendered":"Wandern auf dem Sentiero del viandante"},"content":{"rendered":"<p>Von Lecco \/ Abbadio Lariana bis Colico an der Ostk\u00fcste des Comersee wandern,<br \/>\nvorbei am malerischen Varenna und an einigen der sch\u00f6nsten Aussichtspunkte<br \/>\nNorditaliens.<br \/>\nTexte, Fotos, Streckenrofile und Aquarelle.<br \/>\nBrosch\u00fcre, 104 Seiten alle in Farbe.<\/p>","protected":false},"excerpt":{"rendered":"<p>Von Lecco \/ Abbadio Lariana bis Colico an der Ostk\u00fcste des Comersee wandern, vorbei am malerischen Varenna und an einigen der sch\u00f6nsten Aussichtspunkte Norditaliens. Texte, Fotos, Streckenrofile und Aquarelle. Brosch\u00fcre, 104 Seiten alle in Farbe.<\/p>","protected":false},"featured_media":33524,"template":"","meta":[],"product_brand":[],"product_cat":[21605],"product_tag":[],"class_list":{"0":"post-153340","1":"product","2":"type-product","3":"status-publish","4":"has-post-thumbnail","6":"product_cat-wanderfuehrer-trekking","7":"pa_autor-marcarini","8":"pa_erscheinungsjahr-21776","9":"pa_region-italien","10":"pa_sprache-de","12":"first","13":"outofstock","14":"taxable","15":"shipping-taxable","16":"purchasable","17":"product-type-simple"},"_links":{"self":[{"href":"https:\/\/pizbube.ch\/en\/wp-json\/wp\/v2\/product\/153340","targetHints":{"allow":["GET"]}}],"collection":[{"href":"https:\/\/pizbube.ch\/en\/wp-json\/wp\/v2\/product"}],"about":[{"href":"https:\/\/pizbube.ch\/en\/wp-json\/wp\/v2\/types\/product"}],"wp:featuredmedia":[{"embeddable":true,"href":"https:\/\/pizbube.ch\/en\/wp-json\/wp\/v2\/media\/33524"}],"wp:attachment":[{"href":"https:\/\/pizbube.ch\/en\/wp-json\/wp\/v2\/media?parent=153340"}],"wp:term":[{"taxonomy":"product_brand","embeddable":true,"href":"https:\/\/pizbube.ch\/en\/wp-json\/wp\/v2\/product_brand?post=153340"},{"taxonomy":"product_cat","embeddable":true,"href":"https:\/\/pizbube.ch\/en\/wp-json\/wp\/v2\/product_cat?post=153340"},{"taxonomy":"product_tag","embeddable":true,"href":"https:\/\/pizbube.ch\/en\/wp-json\/wp\/v2\/product_tag?post=153340"}],"curies":[{"name":"wp","href":"https:\/\/api.w.org\/{rel}","templated":true}]}}