{"id":153341,"date":"2021-01-15T12:36:36","date_gmt":"2021-01-15T12:36:36","guid":{"rendered":"https:\/\/codengine3.ch\/?product=import-placeholder-for-204963"},"modified":"2021-01-15T14:37:37","modified_gmt":"2021-01-15T14:37:37","slug":"wandern-auf-der-strada-regina","status":"publish","type":"product","link":"https:\/\/pizbube.ch\/en\/shop\/wandern-auf-der-strada-regina\/","title":{"rendered":"Wandern auf der Strada Regina"},"content":{"rendered":"<p>Zehn Wandervorschl\u00e4ge am Ufer des Comer Sees.  <\/p>\n<p>Die Antica Strada Regina ist ein alter Weg zwischen Como und Chiavenna, den in<br \/>\nfr\u00fcheren Zeiten H\u00e4ndler, Bauern und Gewerbetreibende als Nord-S\u00fcd-Verbindung<br \/>\ngenutzt haben. Heute ist der Sentiero eine willkommende Wandergelegenheit auf<br \/>\nantiken Steinpfaden am Westufer des Comer Sees, auf Trampelpfaden, teilweise<br \/>\nauch auf Stra\u00dfen, die allerdings wenig befahren sind.<br \/>\nDer attraktive Weg ist eine erlebnisreiche Unternehmung f\u00fcr die ganze Familie  <\/p>\n<p>Texte, Fotos, Streckenrofile und Aquarelle. Ein Wanderf\u00fchrer der anderen Art.<br \/>\nBis ins kleinste Detail sehr informativ.<br \/>\nEnth\u00e4lt viele detailierte Informationen und Beschreibungen \u00fcber Wege,<br \/>\nSehensw\u00fcrdigkeiten, Ortschaften<br \/>\n104 Seiten alle in Farbe; 159 S.<\/p>","protected":false},"excerpt":{"rendered":"<p>Zehn Wandervorschl\u00e4ge am Ufer des Comer Sees. Die Antica Strada Regina ist ein alter Weg zwischen Como und Chiavenna, den in fr\u00fcheren Zeiten H\u00e4ndler, Bauern und Gewerbetreibende als Nord-S\u00fcd-Verbindung genutzt haben. Heute ist der Sentiero eine willkommende Wandergelegenheit auf antiken Steinpfaden am Westufer des Comer Sees, auf Trampelpfaden, teilweise auch auf Stra\u00dfen, die allerdings wenig [&#8230;]\n","protected":false},"featured_media":33525,"template":"","meta":[],"product_brand":[],"product_cat":[21605],"product_tag":[],"class_list":{"0":"post-153341","1":"product","2":"type-product","3":"status-publish","4":"has-post-thumbnail","6":"product_cat-wanderfuehrer-trekking","7":"pa_autor-marcarini","8":"pa_erscheinungsjahr-21776","9":"pa_region-italien","10":"pa_sprache-de","12":"first","13":"outofstock","14":"taxable","15":"shipping-taxable","16":"purchasable","17":"product-type-simple"},"_links":{"self":[{"href":"https:\/\/pizbube.ch\/en\/wp-json\/wp\/v2\/product\/153341","targetHints":{"allow":["GET"]}}],"collection":[{"href":"https:\/\/pizbube.ch\/en\/wp-json\/wp\/v2\/product"}],"about":[{"href":"https:\/\/pizbube.ch\/en\/wp-json\/wp\/v2\/types\/product"}],"wp:featuredmedia":[{"embeddable":true,"href":"https:\/\/pizbube.ch\/en\/wp-json\/wp\/v2\/media\/33525"}],"wp:attachment":[{"href":"https:\/\/pizbube.ch\/en\/wp-json\/wp\/v2\/media?parent=153341"}],"wp:term":[{"taxonomy":"product_brand","embeddable":true,"href":"https:\/\/pizbube.ch\/en\/wp-json\/wp\/v2\/product_brand?post=153341"},{"taxonomy":"product_cat","embeddable":true,"href":"https:\/\/pizbube.ch\/en\/wp-json\/wp\/v2\/product_cat?post=153341"},{"taxonomy":"product_tag","embeddable":true,"href":"https:\/\/pizbube.ch\/en\/wp-json\/wp\/v2\/product_tag?post=153341"}],"curies":[{"name":"wp","href":"https:\/\/api.w.org\/{rel}","templated":true}]}}