{"id":153343,"date":"2021-01-15T12:36:36","date_gmt":"2021-01-15T12:36:36","guid":{"rendered":"https:\/\/codengine3.ch\/?product=import-placeholder-for-207892"},"modified":"2025-10-16T11:09:17","modified_gmt":"2025-10-16T09:09:17","slug":"lago-di-como-lago-di-lugano-150000","status":"publish","type":"product","link":"https:\/\/pizbube.ch\/en\/shop\/lago-di-como-lago-di-lugano-150000\/","title":{"rendered":"Lago di Como, Lago di Lugano 1:50&#8217;000"},"content":{"rendered":"<p>Kompass-Karte 91<\/p>\n<p>4in1 Wanderkarte 1:50000 mit Aktiv Guide und Detailkarten inklusive Karte zur<br \/>\noffline Verwendung in der KOMPASS-App. Fahrradfahren.<\/p>\n<p>KOMPASS Karten enthalten alles Wissenswerte f\u00fcr den Outdoor-Genie\u00dfer.<br \/>\nWander- und Radwege mit Markierungen je nach Schwierigkeitsgrad, entsprechende<br \/>\nH\u00f6henlinien und Vegetationsformen sowie umfassende touristische Informationen.<\/p>","protected":false},"excerpt":{"rendered":"<p>Kompass-Karte 91 4in1 Wanderkarte 1:50000 mit Aktiv Guide und Detailkarten inklusive Karte zur offline Verwendung in der KOMPASS-App. Fahrradfahren. KOMPASS Karten enthalten alles Wissenswerte f\u00fcr den Outdoor-Genie\u00dfer. Wander- und Radwege mit Markierungen je nach Schwierigkeitsgrad, entsprechende H\u00f6henlinien und Vegetationsformen sowie umfassende touristische Informationen.<\/p>","protected":false},"featured_media":181785,"template":"","meta":[],"product_brand":[],"product_cat":[21543],"product_tag":[],"class_list":{"0":"post-153343","1":"product","2":"type-product","3":"status-publish","4":"has-post-thumbnail","6":"product_cat-landkarten","7":"pa_autor-kompass","8":"pa_erscheinungsjahr-27013","9":"pa_region-italien","10":"pa_sprache-de-it","12":"first","13":"instock","14":"taxable","15":"shipping-taxable","16":"purchasable","17":"product-type-simple"},"_links":{"self":[{"href":"https:\/\/pizbube.ch\/en\/wp-json\/wp\/v2\/product\/153343","targetHints":{"allow":["GET"]}}],"collection":[{"href":"https:\/\/pizbube.ch\/en\/wp-json\/wp\/v2\/product"}],"about":[{"href":"https:\/\/pizbube.ch\/en\/wp-json\/wp\/v2\/types\/product"}],"wp:featuredmedia":[{"embeddable":true,"href":"https:\/\/pizbube.ch\/en\/wp-json\/wp\/v2\/media\/181785"}],"wp:attachment":[{"href":"https:\/\/pizbube.ch\/en\/wp-json\/wp\/v2\/media?parent=153343"}],"wp:term":[{"taxonomy":"product_brand","embeddable":true,"href":"https:\/\/pizbube.ch\/en\/wp-json\/wp\/v2\/product_brand?post=153343"},{"taxonomy":"product_cat","embeddable":true,"href":"https:\/\/pizbube.ch\/en\/wp-json\/wp\/v2\/product_cat?post=153343"},{"taxonomy":"product_tag","embeddable":true,"href":"https:\/\/pizbube.ch\/en\/wp-json\/wp\/v2\/product_tag?post=153343"}],"curies":[{"name":"wp","href":"https:\/\/api.w.org\/{rel}","templated":true}]}}