{"id":153348,"date":"2021-01-15T12:36:37","date_gmt":"2021-01-15T12:36:37","guid":{"rendered":"https:\/\/codengine3.ch\/?product=import-placeholder-for-207254"},"modified":"2021-01-15T16:01:14","modified_gmt":"2021-01-15T16:01:14","slug":"ueber-leben","status":"publish","type":"product","link":"https:\/\/pizbube.ch\/en\/shop\/ueber-leben\/","title":{"rendered":"\u00dcber Leben"},"content":{"rendered":"<p>Ein Lebensbogen zwischen Geburt und Tod, erz\u00e4hlt in 70 Botschaften:<br \/>\nUngeschminkt teilt Reinhold Messner, dessen Neugier und Zuversicht ungebrochen<br \/>\nsind, die Essenz seiner Lebenserfahrung und ringt um Begriffe wie Mut,<br \/>\nLeidenschaft und Verantwortung. Wie riecht Heimat? Wie viel Freiraum braucht<br \/>\nein Kind? Wie \u00fcberlebenswichtig sind Angst, Egoismus und Instinkt?<\/p>\n<p>Reinhold Messner skizziert in Etappen seinen Weg vom S\u00fcdtiroler Bergbub zum<br \/>\ngr\u00f6\u00dften Abenteurer unserer Zeit, zum kampflustigen Politiker, engagierten<br \/>\nBauern, Wanderfreund von Managern und Politikern, zum Gr\u00fcnder einer<br \/>\neinzigartigen Museumslandschaft, zum Ehemann, vierfachen Vater und<br \/>\nFamilienmenschen. In ungez\u00e4hlten Expeditionen hat er ausprobiert, wie<br \/>\n\u00dcberleben funktioniert. Freim\u00fctig h\u00e4lt er heute R\u00fcckschau auf sieben<br \/>\nJahrzehnte, die schon fr\u00fch von extremen Naturerlebnissen und Begegnungen mit<br \/>\ndem Tod gepr\u00e4gt waren, schreibt \u00fcber Ehrgeiz und Scham, Alptr\u00e4ume und das<br \/>\nAltern, \u00fcber Neuanf\u00e4nge und \u00fcber die F\u00e4higkeit, am Ende loszulassen.<\/p>\n<p>Taschenbuchausgabe, 2. Auflage 2017  <\/p>","protected":false},"excerpt":{"rendered":"<ul>\n<li><a href=\"https:\/\/pizbube.ch\/wp-content\/uploads\/attachments\/a_023\/7C7910DDF963DE1B0BA4599A6ACF2A9A.pdf\" target=\"_blank\" rel=\"noopener\">PDF: Leseprobe \u00dcber Leben<\/a><\/li>\n<\/ul>","protected":false},"featured_media":32795,"template":"","meta":[],"product_brand":[],"product_cat":[21542],"product_tag":[],"class_list":{"0":"post-153348","1":"product","2":"type-product","3":"status-publish","4":"has-post-thumbnail","6":"product_cat-sachbuecher-dokumentationen","7":"pa_autor-messner","8":"pa_erscheinungsjahr-21574","9":"pa_region-deutschland","10":"pa_sprache-de","12":"first","13":"instock","14":"taxable","15":"shipping-taxable","16":"purchasable","17":"product-type-simple"},"_links":{"self":[{"href":"https:\/\/pizbube.ch\/en\/wp-json\/wp\/v2\/product\/153348","targetHints":{"allow":["GET"]}}],"collection":[{"href":"https:\/\/pizbube.ch\/en\/wp-json\/wp\/v2\/product"}],"about":[{"href":"https:\/\/pizbube.ch\/en\/wp-json\/wp\/v2\/types\/product"}],"wp:featuredmedia":[{"embeddable":true,"href":"https:\/\/pizbube.ch\/en\/wp-json\/wp\/v2\/media\/32795"}],"wp:attachment":[{"href":"https:\/\/pizbube.ch\/en\/wp-json\/wp\/v2\/media?parent=153348"}],"wp:term":[{"taxonomy":"product_brand","embeddable":true,"href":"https:\/\/pizbube.ch\/en\/wp-json\/wp\/v2\/product_brand?post=153348"},{"taxonomy":"product_cat","embeddable":true,"href":"https:\/\/pizbube.ch\/en\/wp-json\/wp\/v2\/product_cat?post=153348"},{"taxonomy":"product_tag","embeddable":true,"href":"https:\/\/pizbube.ch\/en\/wp-json\/wp\/v2\/product_tag?post=153348"}],"curies":[{"name":"wp","href":"https:\/\/api.w.org\/{rel}","templated":true}]}}