{"id":153351,"date":"2021-01-15T12:36:37","date_gmt":"2021-01-15T12:36:37","guid":{"rendered":"https:\/\/codengine3.ch\/?product=import-placeholder-for-207201"},"modified":"2024-12-04T15:52:07","modified_gmt":"2024-12-04T14:52:07","slug":"in-den-eisigen-tod","status":"publish","type":"product","link":"https:\/\/pizbube.ch\/en\/shop\/in-den-eisigen-tod\/","title":{"rendered":"In den eisigen Tod"},"content":{"rendered":"<p>Robert F. Scotts Expedition zum S\u00fcdpol<\/p>\n<p>Die gro\u00dfe, tragische Geschichte von der Entdeckung des S\u00fcdpols:<br \/>\nIm November 1911 verlie\u00dfen Robert F. Scott und vier Begleiter ihr Basislager<br \/>\nin der Antarktis, um als erste Menschen \u00fcberhaupt im Wettlauf mit einer<br \/>\nnorwegischen Expedition den S\u00fcdpol zu erreichen. Als sie am 17. Januar 1912<br \/>\nendlich am Ziel eintrafen, mussten sie feststellen, dass das norwegische Team<br \/>\num Roald Amundsen schon da gewesen war. Tief entt\u00e4uscht kehrten die M\u00e4nner um,<br \/>\nv\u00f6llig entkr\u00e4ftet starben sie auf dem R\u00fcckweg. Anhand zahlreicher<br \/>\nOriginalquellen wie des sp\u00e4ter bei dem Toten gefundenen Tagebuchs von Scott,<br \/>\nschildert Diana Preston in einer fesselnden Erz\u00e4hlung die gescheiterte<br \/>\nExpedition, die zu den gro\u00dfen Trag\u00f6dien in der Geschichte der Entdeckungen<br \/>\nz\u00e4hlt.<\/p>\n<p>352 Seiten; Taschenbuch<br \/>\n<span class=\"value\">Bildstrecke SW-Abbildungen<\/span><\/p>","protected":false},"excerpt":{"rendered":"<p>Robert F. Scotts Expedition zum S\u00fcdpol Die gro\u00dfe, tragische Geschichte von der Entdeckung des S\u00fcdpols: Im November 1911 verlie\u00dfen Robert F. Scott und vier Begleiter ihr Basislager in der Antarktis, um als erste Menschen \u00fcberhaupt im Wettlauf mit einer norwegischen Expedition den S\u00fcdpol zu erreichen. Als sie am 17. Januar 1912 endlich am Ziel eintrafen, [&#8230;]\n","protected":false},"featured_media":177503,"template":"","meta":[],"product_brand":[],"product_cat":[21542],"product_tag":[],"class_list":{"0":"post-153351","1":"product","2":"type-product","3":"status-publish","4":"has-post-thumbnail","6":"product_cat-sachbuecher-dokumentationen","7":"pa_autor-preston","8":"pa_erscheinungsjahr-27339","9":"pa_region-arktis-antarktis-groenland-island","10":"pa_sprache-de","12":"first","13":"instock","14":"taxable","15":"shipping-taxable","16":"purchasable","17":"product-type-simple"},"_links":{"self":[{"href":"https:\/\/pizbube.ch\/en\/wp-json\/wp\/v2\/product\/153351","targetHints":{"allow":["GET"]}}],"collection":[{"href":"https:\/\/pizbube.ch\/en\/wp-json\/wp\/v2\/product"}],"about":[{"href":"https:\/\/pizbube.ch\/en\/wp-json\/wp\/v2\/types\/product"}],"wp:featuredmedia":[{"embeddable":true,"href":"https:\/\/pizbube.ch\/en\/wp-json\/wp\/v2\/media\/177503"}],"wp:attachment":[{"href":"https:\/\/pizbube.ch\/en\/wp-json\/wp\/v2\/media?parent=153351"}],"wp:term":[{"taxonomy":"product_brand","embeddable":true,"href":"https:\/\/pizbube.ch\/en\/wp-json\/wp\/v2\/product_brand?post=153351"},{"taxonomy":"product_cat","embeddable":true,"href":"https:\/\/pizbube.ch\/en\/wp-json\/wp\/v2\/product_cat?post=153351"},{"taxonomy":"product_tag","embeddable":true,"href":"https:\/\/pizbube.ch\/en\/wp-json\/wp\/v2\/product_tag?post=153351"}],"curies":[{"name":"wp","href":"https:\/\/api.w.org\/{rel}","templated":true}]}}