{"id":153354,"date":"2021-01-15T12:36:38","date_gmt":"2021-01-15T12:36:38","guid":{"rendered":"https:\/\/codengine3.ch\/?product=import-placeholder-for-205836"},"modified":"2024-08-10T10:23:55","modified_gmt":"2024-08-10T08:23:55","slug":"suedafrika-west","status":"publish","type":"product","link":"https:\/\/pizbube.ch\/en\/shop\/suedafrika-west\/","title":{"rendered":"S\u00fcdafrika West"},"content":{"rendered":"<p>Die sch\u00f6nsten Wanderungen und Trekkingtouren.<br \/>\n65 Touren in den Kap-Provinzen<\/p>\n<p>Der Wanderf\u00fchrer umfasst die drei Kap-Provinzen im Westteil des Landes, mit<br \/>\nK\u00fcsten, Bergen und Halbw\u00fcsten, unterteilt in acht ganz unterschiedliche<br \/>\nWandergebiete: Den Anfang machen die weltber\u00fchmte Halbinsel zwischen Kapstadt<br \/>\nund dem Kap der Guten Hoffnung sowie der mehr als 1000 m hohe Tafelberg. In<br \/>\nden Cape Winelands l\u00e4sst sich eine Gipfelbesteigung angenehm mit einer<br \/>\nWeinverkostung auf einem der vielen Weing\u00fcter verbinden.<\/p>\n<p>Die Garden Route lockt mit spektakul\u00e4ren K\u00fcstenabschnitten; Glattwale sind an<br \/>\nder Whale Coast der Overberg-Region zu beobachten. Auch die Trockengebiete der<br \/>\nKaroo gilt es zu Fu\u00df zu entdecken, ebenso die Savannen des Augrabies Falls<br \/>\nNational Park an der Grenze zu Namibia im Norden und die Sandd\u00fcnen am Rand des<br \/>\nAddo Elephant National Park im Osten. Und schlie\u00dflich darf auch die abgelegene<br \/>\nMondlandschaft der Cederberge nicht fehlen.<\/p>\n<p>Der Autor Walter Iwersen hat die Touren so ausgew\u00e4hlt, dass f\u00fcr jeden<br \/>\nGeschmack etwas dabei ist, von einfachen Spazierg\u00e4ngen \u00fcber anspruchsvolle<br \/>\nHalb- und Ganztages-Touren bis zu mehrt\u00e4gigen Trekkingrouten. Aufbereitet sind<br \/>\ndie Wandervorschl\u00e4ge in der bew\u00e4hrten Qualit\u00e4t der Rother Wanderf\u00fchrer. Exakte<br \/>\nRoutenbeschreibungen, Wanderk\u00e4rtchen und H\u00f6henprofile, detaillierte<br \/>\nInformationen zu Ausgangspunkten und Infrastruktur sowie viele Tipps<br \/>\nerleichtern die Planung der Ausfl\u00fcge und die Orientierung unterwegs.<br \/>\nFarbfotos, Karten. 192 S. Mit \u00dcbersichtskarte<\/p>\n<p>2. Auflage 2019<\/p>","protected":false},"excerpt":{"rendered":"<p>Die sch\u00f6nsten Wanderungen und Trekkingtouren. 65 Touren in den Kap-Provinzen Der Wanderf\u00fchrer umfasst die drei Kap-Provinzen im Westteil des Landes, mit K\u00fcsten, Bergen und Halbw\u00fcsten, unterteilt in acht ganz unterschiedliche Wandergebiete: Den Anfang machen die weltber\u00fchmte Halbinsel zwischen Kapstadt und dem Kap der Guten Hoffnung sowie der mehr als 1000 m hohe Tafelberg. In den [&#8230;]\n","protected":false},"featured_media":174305,"template":"","meta":[],"product_brand":[],"product_cat":[21605],"product_tag":[],"class_list":{"0":"post-153354","1":"product","2":"type-product","3":"status-publish","4":"has-post-thumbnail","6":"product_cat-wanderfuehrer-trekking","7":"pa_autor-iwersen","8":"pa_erscheinungsjahr-21586","9":"pa_region-afrika","10":"pa_sprache-de","12":"first","13":"instock","14":"taxable","15":"shipping-taxable","16":"purchasable","17":"product-type-simple"},"_links":{"self":[{"href":"https:\/\/pizbube.ch\/en\/wp-json\/wp\/v2\/product\/153354","targetHints":{"allow":["GET"]}}],"collection":[{"href":"https:\/\/pizbube.ch\/en\/wp-json\/wp\/v2\/product"}],"about":[{"href":"https:\/\/pizbube.ch\/en\/wp-json\/wp\/v2\/types\/product"}],"wp:featuredmedia":[{"embeddable":true,"href":"https:\/\/pizbube.ch\/en\/wp-json\/wp\/v2\/media\/174305"}],"wp:attachment":[{"href":"https:\/\/pizbube.ch\/en\/wp-json\/wp\/v2\/media?parent=153354"}],"wp:term":[{"taxonomy":"product_brand","embeddable":true,"href":"https:\/\/pizbube.ch\/en\/wp-json\/wp\/v2\/product_brand?post=153354"},{"taxonomy":"product_cat","embeddable":true,"href":"https:\/\/pizbube.ch\/en\/wp-json\/wp\/v2\/product_cat?post=153354"},{"taxonomy":"product_tag","embeddable":true,"href":"https:\/\/pizbube.ch\/en\/wp-json\/wp\/v2\/product_tag?post=153354"}],"curies":[{"name":"wp","href":"https:\/\/api.w.org\/{rel}","templated":true}]}}