{"id":153355,"date":"2021-01-15T12:36:38","date_gmt":"2021-01-15T12:36:38","guid":{"rendered":"https:\/\/codengine3.ch\/?product=import-placeholder-for-204402"},"modified":"2021-01-15T14:32:51","modified_gmt":"2021-01-15T14:32:51","slug":"suedafrika-drakensberge-giants-cup-trail","status":"publish","type":"product","link":"https:\/\/pizbube.ch\/en\/shop\/suedafrika-drakensberge-giants-cup-trail\/","title":{"rendered":"S\u00fcdafrika: Drakensberge Giants Cup Trail"},"content":{"rendered":"<p>Der Giant&#8217;s Cup Hiking Trail erschlie\u00dft dem Wanderer eine in vieler Hinsicht<br \/>\nfaszinierende und au\u00dfergew\u00f6hnliche Gebirgswelt &#8211; die Drakensberge S\u00fcdafrikas.<br \/>\nAls eines der \u00e4ltesten Gebirge der Welt bilden sie den steilen \u00dcbergang vom<br \/>\n\u00f6stlichen Tiefland S\u00fcdafrikas auf das Hochplateau Lesothos. Mit den unz\u00e4hligen<br \/>\nin Sandstein\u00fcberh\u00e4ngen zu findenden Felszeichnungen belegen sie Jahrtausende<br \/>\nmenschlicher Besiedlung durch die Buschm\u00e4nner. Au\u00dferdem beherbergen sie eines<br \/>\nder letzten unber\u00fchrten montanen und alpinen \u00d6kosysteme im s\u00fcdlichen Afrika.<br \/>\nDer in f\u00fcnf Tagen zu erwandernde Giant&#8217;s Cup Trail macht den Wanderer mit all<br \/>\ndiesen Besonderheiten vertraut und ist vom Schwierigkeitsgrad her von jedem<br \/>\ndurchschnittlich trainierten Menschen zu bew\u00e4ltigen. Es stehen auch wahlweise<br \/>\nein-, drei- oder viert\u00e4gige Etappen zur Verf\u00fcgung. Einige der teilweise<br \/>\nmehrt\u00e4gigen Abstecher, zu denen auch ein Tagesmarsch auf den Thebana Ntlenyan<br \/>\nz\u00e4hlt, bieten Highlights f\u00fcr erfahrene Wanderer mit sehr guter Kondition.<br \/>\nDas OutdoorHandbuch S\u00fcdafrika: Drakensberge gew\u00e4hrt zun\u00e4chst einen \u00dcberblick<br \/>\n\u00fcber Land und Leute und informiert in den Reise-Infos von A bis Z<br \/>\nbeispielsweise \u00fcber An- und Abreisem\u00f6glichkeiten, Einkaufstips sowie<br \/>\nVerhaltensregeln f\u00fcr den Nationalpark. Auch die wichtige Frage nach der<br \/>\nangemessenen Ausr\u00fcstung wird ausf\u00fchrlich behandelt. Die einzelnen Etappen sind<br \/>\ndetailliert beschrieben, so da\u00df auch unerfahrene Wanderer die Routen gut gehen<br \/>\nk\u00f6nnen. Ausf\u00fchrliche Karten, H\u00f6henprofile und bestechende Fotos begleiten die<br \/>\neinzelnen Abschnitte der beschriebenen Wanderung.<br \/>\n111 Seiten, 12 Karten, 19 farbige Abbildungen; 2. aktual. Auflg.  <\/p>","protected":false},"excerpt":{"rendered":"<p>Der Giant&#8217;s Cup Hiking Trail erschlie\u00dft dem Wanderer eine in vieler Hinsicht faszinierende und au\u00dfergew\u00f6hnliche Gebirgswelt &#8211; die Drakensberge S\u00fcdafrikas. Als eines der \u00e4ltesten Gebirge der Welt bilden sie den steilen \u00dcbergang vom \u00f6stlichen Tiefland S\u00fcdafrikas auf das Hochplateau Lesothos. Mit den unz\u00e4hligen in Sandstein\u00fcberh\u00e4ngen zu findenden Felszeichnungen belegen sie Jahrtausende menschlicher Besiedlung durch die [&#8230;]\n","protected":false},"featured_media":32266,"template":"","meta":[],"product_brand":[],"product_cat":[21605],"product_tag":[],"class_list":{"0":"post-153355","1":"product","2":"type-product","3":"status-publish","4":"has-post-thumbnail","6":"product_cat-wanderfuehrer-trekking","7":"pa_autor-stockmann","8":"pa_erscheinungsjahr-21830","9":"pa_region-afrika","10":"pa_sprache-de","12":"first","13":"instock","14":"taxable","15":"shipping-taxable","16":"purchasable","17":"product-type-simple"},"_links":{"self":[{"href":"https:\/\/pizbube.ch\/en\/wp-json\/wp\/v2\/product\/153355","targetHints":{"allow":["GET"]}}],"collection":[{"href":"https:\/\/pizbube.ch\/en\/wp-json\/wp\/v2\/product"}],"about":[{"href":"https:\/\/pizbube.ch\/en\/wp-json\/wp\/v2\/types\/product"}],"wp:featuredmedia":[{"embeddable":true,"href":"https:\/\/pizbube.ch\/en\/wp-json\/wp\/v2\/media\/32266"}],"wp:attachment":[{"href":"https:\/\/pizbube.ch\/en\/wp-json\/wp\/v2\/media?parent=153355"}],"wp:term":[{"taxonomy":"product_brand","embeddable":true,"href":"https:\/\/pizbube.ch\/en\/wp-json\/wp\/v2\/product_brand?post=153355"},{"taxonomy":"product_cat","embeddable":true,"href":"https:\/\/pizbube.ch\/en\/wp-json\/wp\/v2\/product_cat?post=153355"},{"taxonomy":"product_tag","embeddable":true,"href":"https:\/\/pizbube.ch\/en\/wp-json\/wp\/v2\/product_tag?post=153355"}],"curies":[{"name":"wp","href":"https:\/\/api.w.org\/{rel}","templated":true}]}}