{"id":153356,"date":"2021-01-15T12:36:38","date_gmt":"2021-01-15T12:36:38","guid":{"rendered":"https:\/\/codengine3.ch\/?product=import-placeholder-for-204401"},"modified":"2021-01-15T14:32:51","modified_gmt":"2021-01-15T14:32:51","slug":"suedafrika-wild-coast-trail","status":"publish","type":"product","link":"https:\/\/pizbube.ch\/en\/shop\/suedafrika-wild-coast-trail\/","title":{"rendered":"S\u00fcdafrika: Wild Coast Trail"},"content":{"rendered":"<p>F\u00fcr viele z\u00e4hlt die Wild Coast zu den sch\u00f6nsten K\u00fcstenabschnitten des<br \/>\nafrikanischen Kontinents. Der knapp 250 km lange Wild Coast Trail liegt in der<br \/>\nProvinz Eastern Cape in S\u00fcdafrika.<\/p>\n<p>Weitl\u00e4ufige, einsame Str\u00e4nde, Felsk\u00fcste und Wasserf\u00e4lle, die ins Meer st\u00fcrzen,<br \/>\ntiefblaue Lagunen, zahllose Meeresv\u00f6gel, Wale und Delfine entlang der K\u00fcste,<br \/>\nbewaldete Landspitzen, Graslandschaften mit den typischen reetgedeckten<br \/>\nRundh\u00fctten der einheimischen Xhosa kann man auf der Wanderung entlang dieses<br \/>\natemberaubenden K\u00fcstenabschnitts erleben.<\/p>\n<p>\u00dcbernachten kann man im eigenen Zelt, in den Rondavels der einheimischen Xhosa<br \/>\noder in luxuri\u00f6sen Ferienanlagen. Bei Sonnenaufgang einer Delfinschule beim<br \/>\nausgelassenen Springen oder Wale vorbeiziehen zu sehen ist etwas Einmaliges.<br \/>\nDas Beobachten der \u00fcber 300 Vogelarten, die im Bereich der Wild Coast leben,<br \/>\ntr\u00e4gt auch zur Kurzweiligkeit w\u00e4hrend der Wanderung bei.<\/p>\n<p>Ein Weitwanderf\u00fchrer der Extraklasse. Der 250 km lange K\u00fcstenweg ist<br \/>\nkeineswegs anstrengend &#8211; eher ein Trail f\u00fcr den Genusswanderer. Im Land der<br \/>\neinheimischen Xhosa gibt es Unterk\u00fcnfte und Herbergen, wenngleich der Weg<br \/>\n\u00fcberwiegend entlang einsamer kilometerlanger Str\u00e4nde verl\u00e4uft. Wale und<br \/>\nDelfine ziehen vorbei, Mangroven, eine sagenhafte Pflanzenvielfalt und eine<br \/>\nVogelwelt mit Seeadlern, Kingfishern begeistern den Wanderer.<br \/>\n140 Seiten, 7 Karten, 25 farbige Abbildungen, 17 schwarz-wei\u00df Abbildungen<\/p>","protected":false},"excerpt":{"rendered":"<ul>\n<li><b>INFO: Vergriffen, keine Neuauflage<b><\/li>\n<\/ul>","protected":false},"featured_media":32264,"template":"","meta":[],"product_brand":[],"product_cat":[21605],"product_tag":[],"class_list":{"0":"post-153356","1":"product","2":"type-product","3":"status-publish","4":"has-post-thumbnail","6":"product_cat-wanderfuehrer-trekking","7":"pa_autor-heckmann","8":"pa_erscheinungsjahr-21763","9":"pa_region-afrika","10":"pa_sprache-de","12":"first","13":"outofstock","14":"taxable","15":"shipping-taxable","16":"purchasable","17":"product-type-simple"},"_links":{"self":[{"href":"https:\/\/pizbube.ch\/en\/wp-json\/wp\/v2\/product\/153356","targetHints":{"allow":["GET"]}}],"collection":[{"href":"https:\/\/pizbube.ch\/en\/wp-json\/wp\/v2\/product"}],"about":[{"href":"https:\/\/pizbube.ch\/en\/wp-json\/wp\/v2\/types\/product"}],"wp:featuredmedia":[{"embeddable":true,"href":"https:\/\/pizbube.ch\/en\/wp-json\/wp\/v2\/media\/32264"}],"wp:attachment":[{"href":"https:\/\/pizbube.ch\/en\/wp-json\/wp\/v2\/media?parent=153356"}],"wp:term":[{"taxonomy":"product_brand","embeddable":true,"href":"https:\/\/pizbube.ch\/en\/wp-json\/wp\/v2\/product_brand?post=153356"},{"taxonomy":"product_cat","embeddable":true,"href":"https:\/\/pizbube.ch\/en\/wp-json\/wp\/v2\/product_cat?post=153356"},{"taxonomy":"product_tag","embeddable":true,"href":"https:\/\/pizbube.ch\/en\/wp-json\/wp\/v2\/product_tag?post=153356"}],"curies":[{"name":"wp","href":"https:\/\/api.w.org\/{rel}","templated":true}]}}