{"id":153359,"date":"2021-01-15T12:36:38","date_gmt":"2021-01-15T12:36:38","guid":{"rendered":"https:\/\/codengine3.ch\/?product=import-placeholder-for-207107"},"modified":"2021-01-15T14:55:12","modified_gmt":"2021-01-15T14:55:12","slug":"vesuv-leben-und-tod-am-brennenden-berg","status":"publish","type":"product","link":"https:\/\/pizbube.ch\/en\/shop\/vesuv-leben-und-tod-am-brennenden-berg\/","title":{"rendered":"Vesuv &#8211; Leben und Tod am brennenden Berg"},"content":{"rendered":"<p>\nWerner Lange f\u00fchrt den Leser durch Jahrhunderte einer feurigen Vesuvgeschichte<br \/>\nund l\u00e4sst Dichter, Schriftsteller, Bergwanderer zu Wort kommen, die<br \/>\naufschrieben, was sie erlebten und f\u00fchlten, geht mit ihnen \u00fcber d\u00fcstere<br \/>\nLavah\u00e4nge zum Gipfelkegel, der rot ist wie der Mars, und blickt hinab in den<br \/>\ngl\u00fchenden Kratergrund. Sp\u00e4ter f\u00e4hrt er mit der Schweizer Bahn hinauf und<br \/>\nbefragt Augenzeugen aller Art, so den L\u00fcgenbaron M\u00fcnchhausen, aber auch<br \/>\nM\u00e4nner, die der Wissenschaft vom Vulkanismus den Boden bereiteten; darunter<br \/>\nein Lord, der es riskiert, bei seinen Forschungen wie ein Schweinedieb<br \/>\nerschossen zu werden, ein Ingenieur, der in einer Eruptionswolke wie eine<br \/>\nlebende Fackel umherl\u00e4uft, ein Amtsvorsteher, der tapfer an seinem<br \/>\nschwankenden Schreibtisch ausharrt und aufzeichnet, was auf dem brennenden<br \/>\nBerg geschieht.  <\/p>\n<p>Er begegnet seltsamen Gestalten wie dem Kunsthistoriker, der dort oben nackt<br \/>\nauf kochender Lava Tauben br\u00e4t, erz\u00e4hlt von den Wirkungen vulkanischen Feuers<br \/>\nauf beiderlei Geschlechter, bevor er zum Gang durch die vom Vesuv<br \/>\nversch\u00fctteten St\u00e4dte einl\u00e4dt. Denn der Band will nicht allein vom Feuerberg<br \/>\nund von den Erlebnissen seiner Besucher erz\u00e4hlen, sondern auch von der<br \/>\nKulturgeschichte des Landstriches am Golf von Neapel. Schauplatz des<br \/>\nGeschehens sind deshalb ebenso das schweflige Pozzuoli, Neapels Katakomben,<br \/>\nKirchen und Palazzi, Pompeji oder der versunkene Hafen von Herculaneum.  <\/p>","protected":false},"excerpt":{"rendered":"<p>Werner Lange f\u00fchrt den Leser durch Jahrhunderte einer feurigen Vesuvgeschichte und l\u00e4sst Dichter, Schriftsteller, Bergwanderer zu Wort kommen, die aufschrieben, was sie erlebten und f\u00fchlten, geht mit ihnen \u00fcber d\u00fcstere Lavah\u00e4nge zum Gipfelkegel, der rot ist wie der Mars, und blickt hinab in den gl\u00fchenden Kratergrund. Sp\u00e4ter f\u00e4hrt er mit der Schweizer Bahn hinauf und [&#8230;]\n","protected":false},"featured_media":36713,"template":"","meta":[],"product_brand":[],"product_cat":[21542],"product_tag":[],"class_list":{"0":"post-153359","1":"product","2":"type-product","3":"status-publish","4":"has-post-thumbnail","6":"product_cat-sachbuecher-dokumentationen","7":"pa_autor-lange","8":"pa_erscheinungsjahr-21610","9":"pa_region-italien","10":"pa_sprache-de","12":"first","13":"outofstock","14":"taxable","15":"shipping-taxable","16":"purchasable","17":"product-type-simple"},"_links":{"self":[{"href":"https:\/\/pizbube.ch\/en\/wp-json\/wp\/v2\/product\/153359","targetHints":{"allow":["GET"]}}],"collection":[{"href":"https:\/\/pizbube.ch\/en\/wp-json\/wp\/v2\/product"}],"about":[{"href":"https:\/\/pizbube.ch\/en\/wp-json\/wp\/v2\/types\/product"}],"wp:featuredmedia":[{"embeddable":true,"href":"https:\/\/pizbube.ch\/en\/wp-json\/wp\/v2\/media\/36713"}],"wp:attachment":[{"href":"https:\/\/pizbube.ch\/en\/wp-json\/wp\/v2\/media?parent=153359"}],"wp:term":[{"taxonomy":"product_brand","embeddable":true,"href":"https:\/\/pizbube.ch\/en\/wp-json\/wp\/v2\/product_brand?post=153359"},{"taxonomy":"product_cat","embeddable":true,"href":"https:\/\/pizbube.ch\/en\/wp-json\/wp\/v2\/product_cat?post=153359"},{"taxonomy":"product_tag","embeddable":true,"href":"https:\/\/pizbube.ch\/en\/wp-json\/wp\/v2\/product_tag?post=153359"}],"curies":[{"name":"wp","href":"https:\/\/api.w.org\/{rel}","templated":true}]}}