{"id":153360,"date":"2021-01-15T12:36:38","date_gmt":"2021-01-15T12:36:38","guid":{"rendered":"https:\/\/codengine3.ch\/?product=import-placeholder-for-207143"},"modified":"2023-10-17T11:32:49","modified_gmt":"2023-10-17T09:32:49","slug":"stromboli-leuchtturm-des-mittelmeers","status":"publish","type":"product","link":"https:\/\/pizbube.ch\/en\/shop\/stromboli-leuchtturm-des-mittelmeers\/","title":{"rendered":"Stromboli &#8211; Leuchtturm des Mittelmeers"},"content":{"rendered":"<p><span class=\"value\">Unter den sieben \u00c4olischen oder Liparischen Inseln, die zum Weltkulturerbe geh\u00f6ren, ragt der Stromboli hervor. Seit Menschengedenken spuckt der Vulkan in kurzen Intervallen Lavafont\u00e4nen, die in der Fachliteratur zum Ausdruck &#171;strombolianische Aktivit\u00e4t&#187; gef\u00fchrt haben. Bei einer Bergbesteigung, aber schon von der Plattform der Pizzeria Osservatorio aus sind sie zu bewundern. Im Mittelalter wurde der Stromboli &#171;Leuchtturm des Mittelmeers&#187; genannt.<\/span><\/p>\n<p>Dank Fischfang, Malvasia-Wein und Segeltransport erlebte die Insel im 19. Jahr- hundert eine Bl\u00fctezeit, auf die aber eine Massenauswanderung folgte. Von den bei- nahe 3000 Einwohnern blieben nach dem Zweiten Weltkrieg kaum 400 \u00fcbrig. Erst das Erwachen des Tourismus, ausgel\u00f6st durch Roberto Rosselinis Film &#171;Stromboli, Terra di Dio&#187; mit Ingrid Bergman in der Titelrolle (1949), brachte allm\u00e4hlich wieder Leben in die Ruinen. Heute z\u00e4hlt die Insel zu den beliebten Urlaubszielen, wirkt als Magnet f\u00fcr Naturfreunde, Literaten, K\u00fcnstler und sogar Politiker wie den italienischen Staatspr\u00e4sidenten.<\/p>\n<p><span class=\"value\">Das Autorenpaar ist seit \u00fcber f\u00fcnfzig Jahren der archaischen Strahlkraft der Vulkan- insel verfallen. Es hat sich intensiv in ihre Geschichte, in die Geschicke der Einheimi- schen und Zugezogenen sowie in die Erdwissenschaft vertieft. Einen Schwerpunkt des Buchs bilden zwei Grossausbr\u00fcche im 21. Jahrhundert. Dabei kam es zu Glutwolken, Bergst\u00fcrzen, einem Tsunami und ergiebigen Lavastr\u00f6men auf dem \u00f6den Sektor der Feuerrutsche. Der reich illustrierte Band vermittelt einen spannenden \u00dcberblick und endet mit praktischen Informationen f\u00fcr Reiselustige und Entdecker.<\/span><\/p>","protected":false},"excerpt":{"rendered":"<p>Unter den sieben \u00c4olischen oder Liparischen Inseln, die zum Weltkulturerbe geh\u00f6ren, ragt der Stromboli hervor. Seit Menschengedenken spuckt der Vulkan in kurzen Intervallen Lavafont\u00e4nen, die in der Fachliteratur zum Ausdruck &#171;strombolianische Aktivit\u00e4t&#187; gef\u00fchrt haben. Bei einer Bergbesteigung, aber schon von der Plattform der Pizzeria Osservatorio aus sind sie zu bewundern. Im Mittelalter wurde der Stromboli [&#8230;]\n","protected":false},"featured_media":169978,"template":"","meta":[],"product_brand":[],"product_cat":[21542],"product_tag":[],"class_list":{"0":"post-153360","1":"product","2":"type-product","3":"status-publish","4":"has-post-thumbnail","6":"product_cat-sachbuecher-dokumentationen","7":"pa_autor-bollinger","8":"pa_erscheinungsjahr-21621","9":"pa_region-italien","10":"pa_sprache-de","12":"first","13":"onbackorder","14":"taxable","15":"shipping-taxable","16":"purchasable","17":"product-type-simple"},"_links":{"self":[{"href":"https:\/\/pizbube.ch\/en\/wp-json\/wp\/v2\/product\/153360","targetHints":{"allow":["GET"]}}],"collection":[{"href":"https:\/\/pizbube.ch\/en\/wp-json\/wp\/v2\/product"}],"about":[{"href":"https:\/\/pizbube.ch\/en\/wp-json\/wp\/v2\/types\/product"}],"wp:featuredmedia":[{"embeddable":true,"href":"https:\/\/pizbube.ch\/en\/wp-json\/wp\/v2\/media\/169978"}],"wp:attachment":[{"href":"https:\/\/pizbube.ch\/en\/wp-json\/wp\/v2\/media?parent=153360"}],"wp:term":[{"taxonomy":"product_brand","embeddable":true,"href":"https:\/\/pizbube.ch\/en\/wp-json\/wp\/v2\/product_brand?post=153360"},{"taxonomy":"product_cat","embeddable":true,"href":"https:\/\/pizbube.ch\/en\/wp-json\/wp\/v2\/product_cat?post=153360"},{"taxonomy":"product_tag","embeddable":true,"href":"https:\/\/pizbube.ch\/en\/wp-json\/wp\/v2\/product_tag?post=153360"}],"curies":[{"name":"wp","href":"https:\/\/api.w.org\/{rel}","templated":true}]}}