{"id":153361,"date":"2021-01-15T12:36:39","date_gmt":"2021-01-15T12:36:39","guid":{"rendered":"https:\/\/codengine3.ch\/?product=import-placeholder-for-206324"},"modified":"2021-01-15T14:48:07","modified_gmt":"2021-01-15T14:48:07","slug":"zwischen-visp-und-macugnaga","status":"publish","type":"product","link":"https:\/\/pizbube.ch\/en\/shop\/zwischen-visp-und-macugnaga\/","title":{"rendered":"Zwischen Visp und Macugnaga"},"content":{"rendered":"<p>Unterwegs auf S\u00e4umer- und Walserwegen  <\/p>\n<p>Der streckenweise noch erhaltene Saumpfad von Visp \u00fcber Visperterminen, Gspon,<br \/>\nSaas-Grund und \u00fcber den Moropass nach Macugnaga im italienischen Anzascatal<br \/>\nwar ein mittelalterlicher Handels- und Versorgungsweg, der sich sp\u00e4ter vom<br \/>\nH\u00f6hen- auf den Talweg verschob. Neben S\u00e4umern, Handelsleuten, Pilgern und<br \/>\nAbenteurern benutzen diesen Saumweg im 13. Jahrhundert auch Walserfamilien auf<br \/>\nihrer Reise in italienische Walsergebiete.<br \/>\nDer neue Kultur- und Wanderf\u00fchrer wartet nicht nur mit Wegbeschreibungen auf,<br \/>\nsondern informiert in Wort und Bild auch \u00fcber die Geschichte und die Menschen<br \/>\nan dieser alten Transitroute, \u00fcber ihr Leben, ihr Brauchtum, ihre Sprache und<br \/>\nihre Sagenwelt.  <\/p>","protected":false},"excerpt":{"rendered":"<p>Unterwegs auf S\u00e4umer- und Walserwegen Der streckenweise noch erhaltene Saumpfad von Visp \u00fcber Visperterminen, Gspon, Saas-Grund und \u00fcber den Moropass nach Macugnaga im italienischen Anzascatal war ein mittelalterlicher Handels- und Versorgungsweg, der sich sp\u00e4ter vom H\u00f6hen- auf den Talweg verschob. Neben S\u00e4umern, Handelsleuten, Pilgern und Abenteurern benutzen diesen Saumweg im 13. Jahrhundert auch Walserfamilien auf [&#8230;]\n","protected":false},"featured_media":35320,"template":"","meta":[],"product_brand":[],"product_cat":[21605],"product_tag":[],"class_list":{"0":"post-153361","1":"product","2":"type-product","3":"status-publish","4":"has-post-thumbnail","6":"product_cat-wanderfuehrer-trekking","7":"pa_autor-waibel","8":"pa_erscheinungsjahr-21830","9":"pa_region-schweiz","10":"pa_sprache-de","12":"first","13":"instock","14":"taxable","15":"shipping-taxable","16":"purchasable","17":"product-type-simple"},"_links":{"self":[{"href":"https:\/\/pizbube.ch\/en\/wp-json\/wp\/v2\/product\/153361","targetHints":{"allow":["GET"]}}],"collection":[{"href":"https:\/\/pizbube.ch\/en\/wp-json\/wp\/v2\/product"}],"about":[{"href":"https:\/\/pizbube.ch\/en\/wp-json\/wp\/v2\/types\/product"}],"wp:featuredmedia":[{"embeddable":true,"href":"https:\/\/pizbube.ch\/en\/wp-json\/wp\/v2\/media\/35320"}],"wp:attachment":[{"href":"https:\/\/pizbube.ch\/en\/wp-json\/wp\/v2\/media?parent=153361"}],"wp:term":[{"taxonomy":"product_brand","embeddable":true,"href":"https:\/\/pizbube.ch\/en\/wp-json\/wp\/v2\/product_brand?post=153361"},{"taxonomy":"product_cat","embeddable":true,"href":"https:\/\/pizbube.ch\/en\/wp-json\/wp\/v2\/product_cat?post=153361"},{"taxonomy":"product_tag","embeddable":true,"href":"https:\/\/pizbube.ch\/en\/wp-json\/wp\/v2\/product_tag?post=153361"}],"curies":[{"name":"wp","href":"https:\/\/api.w.org\/{rel}","templated":true}]}}