{"id":153364,"date":"2021-01-15T12:36:44","date_gmt":"2021-01-15T12:36:44","guid":{"rendered":"https:\/\/codengine3.ch\/?product=import-placeholder-for-206957"},"modified":"2024-02-15T17:14:45","modified_gmt":"2024-02-15T16:14:45","slug":"lawinen-und-risikomanagement","status":"publish","type":"product","link":"https:\/\/pizbube.ch\/en\/shop\/lawinen-und-risikomanagement\/","title":{"rendered":"Lawinen und Risikomanagement"},"content":{"rendered":"<p>Das beliebte Lehrbuch wurde vollst\u00e4ndig \u00fcberarbeitet und mit neuen Kapiteln erg\u00e4nzt. Die wichtigsten Themen: Werkzeuge und Strategien zur Minimierung des Risikos, pers\u00f6nliche Kompetenzen und Werte im Umgang mit dem Lawinenrisiko, Tourenplanung, Variantenfahren, Rettung.<\/p>\n<p>Das beliebte Lehrbuch erkl\u00e4rt, was du zur Einsch\u00e4tzung und Minimierung des Lawinenrisikos wissen musst.<br \/>\nEs richtet sich an alle die auf Skitouren, abseits der Pisten und mit Schneeschuhen unterwegs sind.<\/p>\n<p>Alles wie gewohnt kompetent und kompakt erkl\u00e4rt.<br \/>\nBrosch\u00fcre, 96 Seiten mit vielen Illustrationen<\/p>\n<p>72 Seiten, mit vielen Fotos und Illustrationen, 4-farbig, 18.0 x 24.5 cm, Deutsch<br \/>\n4. \u00fcberarbeitete Auflage 2011<\/p>","protected":false},"excerpt":{"rendered":"<p>Das beliebte Lehrbuch wurde vollst\u00e4ndig \u00fcberarbeitet und mit neuen Kapiteln erg\u00e4nzt. Die wichtigsten Themen: Werkzeuge und Strategien zur Minimierung des Risikos, pers\u00f6nliche Kompetenzen und Werte im Umgang mit dem Lawinenrisiko, Tourenplanung, Variantenfahren, Rettung. Das beliebte Lehrbuch erkl\u00e4rt, was du zur Einsch\u00e4tzung und Minimierung des Lawinenrisikos wissen musst. Es richtet sich an alle die auf Skitouren, [&#8230;]\n","protected":false},"featured_media":171170,"template":"","meta":[],"product_brand":[],"product_cat":[21538],"product_tag":[],"class_list":{"0":"post-153364","1":"product","2":"type-product","3":"status-publish","4":"has-post-thumbnail","6":"product_cat-lehrbuecher","7":"pa_autor-wicky-marbacher-mueller-wassermann","8":"pa_erscheinungsjahr-21610","9":"pa_region-alpin-winter","10":"pa_sprache-de","12":"first","13":"instock","14":"taxable","15":"shipping-taxable","16":"purchasable","17":"product-type-simple"},"_links":{"self":[{"href":"https:\/\/pizbube.ch\/en\/wp-json\/wp\/v2\/product\/153364","targetHints":{"allow":["GET"]}}],"collection":[{"href":"https:\/\/pizbube.ch\/en\/wp-json\/wp\/v2\/product"}],"about":[{"href":"https:\/\/pizbube.ch\/en\/wp-json\/wp\/v2\/types\/product"}],"wp:featuredmedia":[{"embeddable":true,"href":"https:\/\/pizbube.ch\/en\/wp-json\/wp\/v2\/media\/171170"}],"wp:attachment":[{"href":"https:\/\/pizbube.ch\/en\/wp-json\/wp\/v2\/media?parent=153364"}],"wp:term":[{"taxonomy":"product_brand","embeddable":true,"href":"https:\/\/pizbube.ch\/en\/wp-json\/wp\/v2\/product_brand?post=153364"},{"taxonomy":"product_cat","embeddable":true,"href":"https:\/\/pizbube.ch\/en\/wp-json\/wp\/v2\/product_cat?post=153364"},{"taxonomy":"product_tag","embeddable":true,"href":"https:\/\/pizbube.ch\/en\/wp-json\/wp\/v2\/product_tag?post=153364"}],"curies":[{"name":"wp","href":"https:\/\/api.w.org\/{rel}","templated":true}]}}