{"id":153365,"date":"2021-01-15T12:36:44","date_gmt":"2021-01-15T12:36:44","guid":{"rendered":"https:\/\/codengine3.ch\/?product=import-placeholder-for-203103"},"modified":"2021-01-15T12:54:08","modified_gmt":"2021-01-15T12:54:08","slug":"lawinenverschuetteten-suchgeraete-vergleichstest-lvs-98","status":"publish","type":"product","link":"https:\/\/pizbube.ch\/en\/shop\/lawinenverschuetteten-suchgeraete-vergleichstest-lvs-98\/","title":{"rendered":"Lawinenversch\u00fctteten- Suchger\u00e4te Vergleichstest LVS- 98"},"content":{"rendered":"<p>Ziel der Versuche war, den Stand der Technik abzukl\u00e4ren, den Ben\u00fctzern eine<br \/>\nverl\u00e4ssliche Beurteilung der am Markt erh\u00e4ltlichen Ger\u00e4te zu erm\u00f6glichen, und<br \/>\nden Herstellern St\u00e4rken und Schw\u00e4chen ihrer Produkte aufzuzeigen. Je f\u00fcnf LVS-<br \/>\nGer\u00e4te von sechs verschiedenen Herstellern wurden f\u00fcr den Test ber\u00fccksichtigt.<br \/>\nDrei der getesteten Ger\u00e4tetypen waren Neuentwicklungen mit optischen<br \/>\nSuchhilfen und teilweise digitaler Technologie: Arva 9000, Ortovox M1, Tracker<br \/>\nDTS.<\/p>","protected":false},"excerpt":{"rendered":"<p>Ziel der Versuche war, den Stand der Technik abzukl\u00e4ren, den Ben\u00fctzern eine verl\u00e4ssliche Beurteilung der am Markt erh\u00e4ltlichen Ger\u00e4te zu erm\u00f6glichen, und den Herstellern St\u00e4rken und Schw\u00e4chen ihrer Produkte aufzuzeigen. Je f\u00fcnf LVS- Ger\u00e4te von sechs verschiedenen Herstellern wurden f\u00fcr den Test ber\u00fccksichtigt. Drei der getesteten Ger\u00e4tetypen waren Neuentwicklungen mit optischen Suchhilfen und teilweise digitaler [&#8230;]\n","protected":false},"featured_media":45070,"template":"","meta":[],"product_brand":[],"product_cat":[21542],"product_tag":[],"class_list":{"0":"post-153365","1":"product","2":"type-product","3":"status-publish","4":"has-post-thumbnail","6":"product_cat-sachbuecher-dokumentationen","7":"pa_autor-kruesi-tschirky","8":"pa_erscheinungsjahr-22060","9":"pa_region-schweiz","10":"pa_sprache-de","12":"first","13":"instock","14":"taxable","15":"shipping-taxable","16":"purchasable","17":"product-type-simple"},"_links":{"self":[{"href":"https:\/\/pizbube.ch\/en\/wp-json\/wp\/v2\/product\/153365","targetHints":{"allow":["GET"]}}],"collection":[{"href":"https:\/\/pizbube.ch\/en\/wp-json\/wp\/v2\/product"}],"about":[{"href":"https:\/\/pizbube.ch\/en\/wp-json\/wp\/v2\/types\/product"}],"wp:featuredmedia":[{"embeddable":true,"href":"https:\/\/pizbube.ch\/en\/wp-json\/wp\/v2\/media\/45070"}],"wp:attachment":[{"href":"https:\/\/pizbube.ch\/en\/wp-json\/wp\/v2\/media?parent=153365"}],"wp:term":[{"taxonomy":"product_brand","embeddable":true,"href":"https:\/\/pizbube.ch\/en\/wp-json\/wp\/v2\/product_brand?post=153365"},{"taxonomy":"product_cat","embeddable":true,"href":"https:\/\/pizbube.ch\/en\/wp-json\/wp\/v2\/product_cat?post=153365"},{"taxonomy":"product_tag","embeddable":true,"href":"https:\/\/pizbube.ch\/en\/wp-json\/wp\/v2\/product_tag?post=153365"}],"curies":[{"name":"wp","href":"https:\/\/api.w.org\/{rel}","templated":true}]}}