{"id":153366,"date":"2021-01-15T12:36:45","date_gmt":"2021-01-15T12:36:45","guid":{"rendered":"https:\/\/codengine3.ch\/?product=import-placeholder-for-202496"},"modified":"2021-01-15T12:36:47","modified_gmt":"2021-01-15T12:36:47","slug":"guadarrama-con-esquis","status":"publish","type":"product","link":"https:\/\/pizbube.ch\/en\/shop\/guadarrama-con-esquis\/","title":{"rendered":"Guadarrama con esquis"},"content":{"rendered":"<p>la Sierra de Guadarrama y la de Ayll\u00f3n. Esta gu\u00eda nos ofrece una selecci\u00f3n de<br \/>\n20 itinerarios para recorrer con esqu\u00eds, en un espacio todav\u00eda no masificado.<\/p>","protected":false},"excerpt":{"rendered":"<p>la Sierra de Guadarrama y la de Ayll\u00f3n. Esta gu\u00eda nos ofrece una selecci\u00f3n de 20 itinerarios para recorrer con esqu\u00eds, en un espacio todav\u00eda no masificado.<\/p>","protected":false},"featured_media":45070,"template":"","meta":[],"product_brand":[],"product_cat":[21540],"product_tag":[],"class_list":{"0":"post-153366","1":"product","2":"type-product","3":"status-publish","4":"has-post-thumbnail","6":"product_cat-fuehrerliteratur-alpin-winter","7":"pa_autor-lasso","8":"pa_erscheinungsjahr-22242","9":"pa_region-spanien","10":"pa_sprache-sp","12":"first","13":"instock","14":"taxable","15":"shipping-taxable","16":"purchasable","17":"product-type-simple"},"_links":{"self":[{"href":"https:\/\/pizbube.ch\/en\/wp-json\/wp\/v2\/product\/153366","targetHints":{"allow":["GET"]}}],"collection":[{"href":"https:\/\/pizbube.ch\/en\/wp-json\/wp\/v2\/product"}],"about":[{"href":"https:\/\/pizbube.ch\/en\/wp-json\/wp\/v2\/types\/product"}],"wp:featuredmedia":[{"embeddable":true,"href":"https:\/\/pizbube.ch\/en\/wp-json\/wp\/v2\/media\/45070"}],"wp:attachment":[{"href":"https:\/\/pizbube.ch\/en\/wp-json\/wp\/v2\/media?parent=153366"}],"wp:term":[{"taxonomy":"product_brand","embeddable":true,"href":"https:\/\/pizbube.ch\/en\/wp-json\/wp\/v2\/product_brand?post=153366"},{"taxonomy":"product_cat","embeddable":true,"href":"https:\/\/pizbube.ch\/en\/wp-json\/wp\/v2\/product_cat?post=153366"},{"taxonomy":"product_tag","embeddable":true,"href":"https:\/\/pizbube.ch\/en\/wp-json\/wp\/v2\/product_tag?post=153366"}],"curies":[{"name":"wp","href":"https:\/\/api.w.org\/{rel}","templated":true}]}}