{"id":153367,"date":"2021-01-15T12:36:45","date_gmt":"2021-01-15T12:36:45","guid":{"rendered":"https:\/\/codengine3.ch\/?product=import-placeholder-for-207229"},"modified":"2021-01-15T16:00:59","modified_gmt":"2021-01-15T16:00:59","slug":"guadarrama-iniciacion-al-alpinismo-invernal","status":"publish","type":"product","link":"https:\/\/pizbube.ch\/en\/shop\/guadarrama-iniciacion-al-alpinismo-invernal\/","title":{"rendered":"Guadarrama. Iniciaci\u00f3n al alpinismo invernal"},"content":{"rendered":"<p>152 itinerarios de nieve, hielo y mixto  <\/p>\n<p>Las 152 v\u00edas propuestas se han estructurado en siete sectores: macizo de<br \/>\nPe\u00f1alara, Cabezas de Hierro, La Maliciosa, Siete Picos, Pe\u00f1a Cabrita, Cuerda<br \/>\nde las Buitreras y La Najarra. Todas las v\u00edas propuestas se encuentran<br \/>\nilustradas con fotograf\u00edas sobre las que se han trazado las l\u00edneas del<br \/>\nrecorrido. Adem\u00e1s, se incluye una breve descripci\u00f3n de cada una de ellas,<br \/>\nindicando su longitud e inclinaci\u00f3n m\u00e1xima. Tambi\u00e9n se advierte sobre posibles<br \/>\ncircunstancias que pueden dificultarnos la ejecuci\u00f3n de cualquiera de las<br \/>\nv\u00edas, como por ejemplo complicaciones por la escasez o acumulaci\u00f3n excesiva de<br \/>\nnieve. No tienes excusa para que a partir de ahora Guadarrama sea tu mejor<br \/>\nescuela de alpinismo.  <\/p>","protected":false},"excerpt":{"rendered":"<p>152 itinerarios de nieve, hielo y mixto Las 152 v\u00edas propuestas se han estructurado en siete sectores: macizo de Pe\u00f1alara, Cabezas de Hierro, La Maliciosa, Siete Picos, Pe\u00f1a Cabrita, Cuerda de las Buitreras y La Najarra. Todas las v\u00edas propuestas se encuentran ilustradas con fotograf\u00edas sobre las que se han trazado las l\u00edneas del recorrido. [&#8230;]\n","protected":false},"featured_media":36874,"template":"","meta":[],"product_brand":[],"product_cat":[21540],"product_tag":[],"class_list":{"0":"post-153367","1":"product","2":"type-product","3":"status-publish","4":"has-post-thumbnail","6":"product_cat-fuehrerliteratur-alpin-winter","7":"pa_autor-manzaneque","8":"pa_erscheinungsjahr-21610","9":"pa_region-spanien","10":"pa_sprache-sp","12":"first","13":"instock","14":"taxable","15":"shipping-taxable","16":"purchasable","17":"product-type-simple"},"_links":{"self":[{"href":"https:\/\/pizbube.ch\/en\/wp-json\/wp\/v2\/product\/153367","targetHints":{"allow":["GET"]}}],"collection":[{"href":"https:\/\/pizbube.ch\/en\/wp-json\/wp\/v2\/product"}],"about":[{"href":"https:\/\/pizbube.ch\/en\/wp-json\/wp\/v2\/types\/product"}],"wp:featuredmedia":[{"embeddable":true,"href":"https:\/\/pizbube.ch\/en\/wp-json\/wp\/v2\/media\/36874"}],"wp:attachment":[{"href":"https:\/\/pizbube.ch\/en\/wp-json\/wp\/v2\/media?parent=153367"}],"wp:term":[{"taxonomy":"product_brand","embeddable":true,"href":"https:\/\/pizbube.ch\/en\/wp-json\/wp\/v2\/product_brand?post=153367"},{"taxonomy":"product_cat","embeddable":true,"href":"https:\/\/pizbube.ch\/en\/wp-json\/wp\/v2\/product_cat?post=153367"},{"taxonomy":"product_tag","embeddable":true,"href":"https:\/\/pizbube.ch\/en\/wp-json\/wp\/v2\/product_tag?post=153367"}],"curies":[{"name":"wp","href":"https:\/\/api.w.org\/{rel}","templated":true}]}}