{"id":153370,"date":"2021-01-15T12:36:45","date_gmt":"2021-01-15T12:36:45","guid":{"rendered":"https:\/\/codengine3.ch\/?product=import-placeholder-for-204278"},"modified":"2021-01-15T14:31:34","modified_gmt":"2021-01-15T14:31:34","slug":"erlebnis-gitschenen","status":"publish","type":"product","link":"https:\/\/pizbube.ch\/en\/shop\/erlebnis-gitschenen\/","title":{"rendered":"Erlebnis Gitschenen"},"content":{"rendered":"<p>\nF\u00fchrer zu einer Alp in den Urner Bergen.  <\/p>\n<p>Die Alp Gitschenen liegt in der Gemeinde Isenthal, in der Zentralschweiz im<br \/>\nKanton Uri, s\u00fcdlich \u00fcber dem Vierwaldst\u00e4ttersee, 1600 Meter \u00fcber Meer, auf<br \/>\neiner einzigartigen Sonnenterrasse, fernab von Stress und Autol\u00e4rm und ist nur<br \/>\nauf Wanderwegen oder mit der Luftseilbahn erreichbar. Die Gegend wird von<br \/>\neiner ungew\u00f6hnlichen, malerischen Bergkulisse umrundet.<\/p>\n<p>Es ist eine noch heile, intakte Welt, geeignet zum Abschalten, Auftanken und<br \/>\nErholen&#8230;<\/p>\n<p>Wanderkarte mit Tourenvorschl\u00e4gen, 248 S.<\/p>","protected":false},"excerpt":{"rendered":"<ul>\n<li><b>INFO: vergriffen, keine Neuauflage\/Nachdruck<b><\/li>\n<\/ul>","protected":false},"featured_media":32101,"template":"","meta":[],"product_brand":[],"product_cat":[21542],"product_tag":[],"class_list":{"0":"post-153370","1":"product","2":"type-product","3":"status-publish","4":"has-post-thumbnail","6":"product_cat-sachbuecher-dokumentationen","7":"pa_autor-mueller","8":"pa_erscheinungsjahr-21763","9":"pa_region-schweiz","10":"pa_sprache-de","12":"first","13":"outofstock","14":"taxable","15":"shipping-taxable","16":"purchasable","17":"product-type-simple"},"_links":{"self":[{"href":"https:\/\/pizbube.ch\/en\/wp-json\/wp\/v2\/product\/153370","targetHints":{"allow":["GET"]}}],"collection":[{"href":"https:\/\/pizbube.ch\/en\/wp-json\/wp\/v2\/product"}],"about":[{"href":"https:\/\/pizbube.ch\/en\/wp-json\/wp\/v2\/types\/product"}],"wp:featuredmedia":[{"embeddable":true,"href":"https:\/\/pizbube.ch\/en\/wp-json\/wp\/v2\/media\/32101"}],"wp:attachment":[{"href":"https:\/\/pizbube.ch\/en\/wp-json\/wp\/v2\/media?parent=153370"}],"wp:term":[{"taxonomy":"product_brand","embeddable":true,"href":"https:\/\/pizbube.ch\/en\/wp-json\/wp\/v2\/product_brand?post=153370"},{"taxonomy":"product_cat","embeddable":true,"href":"https:\/\/pizbube.ch\/en\/wp-json\/wp\/v2\/product_cat?post=153370"},{"taxonomy":"product_tag","embeddable":true,"href":"https:\/\/pizbube.ch\/en\/wp-json\/wp\/v2\/product_tag?post=153370"}],"curies":[{"name":"wp","href":"https:\/\/api.w.org\/{rel}","templated":true}]}}