{"id":153371,"date":"2021-01-15T12:36:45","date_gmt":"2021-01-15T12:36:45","guid":{"rendered":"https:\/\/codengine3.ch\/?product=import-placeholder-for-206056"},"modified":"2022-05-24T17:40:14","modified_gmt":"2022-05-24T15:40:14","slug":"menschen-am-berg","status":"publish","type":"product","link":"https:\/\/pizbube.ch\/en\/shop\/menschen-am-berg\/","title":{"rendered":"Menschen am Berg"},"content":{"rendered":"<p>Geschichten vom Leben ganz oben<\/p>\n<p>Berge verk\u00f6rpern eins der letzten Abenteuer der Menschheit. Sie sind<br \/>\nmajest\u00e4tisch, m\u00e4chtig, ewig, aber auch archaisch und gef\u00e4hrlich. Diese<br \/>\nMischung fasziniert Bergsteiger und Skifahrer, Touristen und Einheimische,<br \/>\nAussteiger und Tunnelbauer gleicherma\u00dfen.<br \/>\nDie Journalistin Melanie M\u00fchl ist dieser Faszination nachgegangen und hat<br \/>\nMenschen besucht, die in den Bergen leben, die sich ihnen unterordnen, auf und<br \/>\nin ihnen arbeiten oder sie als Ort ihres Gl\u00fccks gew\u00e4hlt haben. Die Reportagen<br \/>\nsind gepr\u00e4gt von einer einf\u00fchlsamen Neugier, von einer genauen Beobachtung und<br \/>\nvon einem brillanten Stil, der dem Leser eine wunderbare Landschaft er\u00f6ffnet.<\/p>\n<p>Erweiterte Taschenbuchausgabe<\/p>","protected":false},"excerpt":{"rendered":"<p>Geschichten vom Leben ganz oben Berge verk\u00f6rpern eins der letzten Abenteuer der Menschheit. Sie sind majest\u00e4tisch, m\u00e4chtig, ewig, aber auch archaisch und gef\u00e4hrlich. Diese Mischung fasziniert Bergsteiger und Skifahrer, Touristen und Einheimische, Aussteiger und Tunnelbauer gleicherma\u00dfen. Die Journalistin Melanie M\u00fchl ist dieser Faszination nachgegangen und hat Menschen besucht, die in den Bergen leben, die sich [&#8230;]\n","protected":false},"featured_media":34951,"template":"","meta":[],"product_brand":[],"product_cat":[21542],"product_tag":[],"class_list":{"0":"post-153371","1":"product","2":"type-product","3":"status-publish","4":"has-post-thumbnail","6":"product_cat-sachbuecher-dokumentationen","7":"pa_autor-muhl","8":"pa_erscheinungsjahr-21610","9":"pa_region-schweiz","10":"pa_sprache-de","12":"first","13":"outofstock","14":"taxable","15":"shipping-taxable","16":"purchasable","17":"product-type-simple"},"_links":{"self":[{"href":"https:\/\/pizbube.ch\/en\/wp-json\/wp\/v2\/product\/153371","targetHints":{"allow":["GET"]}}],"collection":[{"href":"https:\/\/pizbube.ch\/en\/wp-json\/wp\/v2\/product"}],"about":[{"href":"https:\/\/pizbube.ch\/en\/wp-json\/wp\/v2\/types\/product"}],"wp:featuredmedia":[{"embeddable":true,"href":"https:\/\/pizbube.ch\/en\/wp-json\/wp\/v2\/media\/34951"}],"wp:attachment":[{"href":"https:\/\/pizbube.ch\/en\/wp-json\/wp\/v2\/media?parent=153371"}],"wp:term":[{"taxonomy":"product_brand","embeddable":true,"href":"https:\/\/pizbube.ch\/en\/wp-json\/wp\/v2\/product_brand?post=153371"},{"taxonomy":"product_cat","embeddable":true,"href":"https:\/\/pizbube.ch\/en\/wp-json\/wp\/v2\/product_cat?post=153371"},{"taxonomy":"product_tag","embeddable":true,"href":"https:\/\/pizbube.ch\/en\/wp-json\/wp\/v2\/product_tag?post=153371"}],"curies":[{"name":"wp","href":"https:\/\/api.w.org\/{rel}","templated":true}]}}