{"id":153373,"date":"2021-01-15T12:36:46","date_gmt":"2021-01-15T12:36:46","guid":{"rendered":"https:\/\/codengine3.ch\/?product=import-placeholder-for-202501"},"modified":"2023-12-16T11:14:40","modified_gmt":"2023-12-16T10:14:40","slug":"so-weit-die-haende-greifen","status":"publish","type":"product","link":"https:\/\/pizbube.ch\/en\/shop\/so-weit-die-haende-greifen\/","title":{"rendered":"So weit die H\u00e4nde greifen"},"content":{"rendered":"<p>Sportklettern: Verletzungen und Prophylaxe<\/p>\n<p>Das neue Standardwerk in Sachen Klettern und Gesundheit geht weit \u00fcber die<br \/>\nBetrachtung von \u00dcberlastungssch\u00e4den an den Grefiwerkzeugen hinaus. Vom<br \/>\nTraining \u00fcber die richtige Ern\u00e4hrung bis zur Rehabilitation behandeln die<br \/>\nAutoren, zwei bekannte Koryph\u00e4en im Bereich Kletterverletzungen, alle<br \/>\ndenkbaren medizinischen Aspekte zum Thema Sportklettern ab. Gut aufgemacht,<br \/>\nverst\u00e4ndlich und f\u00fcr alle, die intensiver klettern, sehr n\u00fctzlich.<\/p>\n<p>Das Standardwerk zum Thema Verletzungen! &#171;So weit die H\u00e4nde greifen&#187; ist im<br \/>\nUmfang seit der letzten Auflage 2009 noch einmal um 50 Seiten gewachsen, da<br \/>\nsich nicht nur das Klettern, sondern auch die medizinischen Erkenntnisse zum<br \/>\nThema Prophylaxe, aber auch in der Therapie, weiterentwickelt haben. Neben den<br \/>\nbeiden Autoren sind Beitr\u00e4ge von Stefan Hilgers, Christoph Keinath, Martin<br \/>\nSchlageter, Isabelle Sch\u00f6ffl, Eleonore Seidner, G\u00fcnter Straub und J\u00fcrgen Zapf<br \/>\nmit eingeflossen.<\/p>\n<p>Thomas Hochholzer, Volker Sch\u00f6ffl | 6. Auflage 2014 | 320 Seiten | viele<br \/>\nAbbildungen<\/p>","protected":false},"excerpt":{"rendered":"<p>Sportklettern: Verletzungen und Prophylaxe Das neue Standardwerk in Sachen Klettern und Gesundheit geht weit \u00fcber die Betrachtung von \u00dcberlastungssch\u00e4den an den Grefiwerkzeugen hinaus. Vom Training \u00fcber die richtige Ern\u00e4hrung bis zur Rehabilitation behandeln die Autoren, zwei bekannte Koryph\u00e4en im Bereich Kletterverletzungen, alle denkbaren medizinischen Aspekte zum Thema Sportklettern ab. Gut aufgemacht, verst\u00e4ndlich und f\u00fcr alle, [&#8230;]\n","protected":false},"featured_media":38005,"template":"","meta":[],"product_brand":[],"product_cat":[21538],"product_tag":[],"class_list":{"0":"post-153373","1":"product","2":"type-product","3":"status-publish","4":"has-post-thumbnail","6":"product_cat-lehrbuecher","7":"pa_autor-hochholzer-schoeffl","8":"pa_erscheinungsjahr-21550","9":"pa_region-medizin-recht","10":"pa_sprache-de","12":"first","13":"outofstock","14":"taxable","15":"shipping-taxable","16":"purchasable","17":"product-type-simple"},"_links":{"self":[{"href":"https:\/\/pizbube.ch\/en\/wp-json\/wp\/v2\/product\/153373","targetHints":{"allow":["GET"]}}],"collection":[{"href":"https:\/\/pizbube.ch\/en\/wp-json\/wp\/v2\/product"}],"about":[{"href":"https:\/\/pizbube.ch\/en\/wp-json\/wp\/v2\/types\/product"}],"wp:featuredmedia":[{"embeddable":true,"href":"https:\/\/pizbube.ch\/en\/wp-json\/wp\/v2\/media\/38005"}],"wp:attachment":[{"href":"https:\/\/pizbube.ch\/en\/wp-json\/wp\/v2\/media?parent=153373"}],"wp:term":[{"taxonomy":"product_brand","embeddable":true,"href":"https:\/\/pizbube.ch\/en\/wp-json\/wp\/v2\/product_brand?post=153373"},{"taxonomy":"product_cat","embeddable":true,"href":"https:\/\/pizbube.ch\/en\/wp-json\/wp\/v2\/product_cat?post=153373"},{"taxonomy":"product_tag","embeddable":true,"href":"https:\/\/pizbube.ch\/en\/wp-json\/wp\/v2\/product_tag?post=153373"}],"curies":[{"name":"wp","href":"https:\/\/api.w.org\/{rel}","templated":true}]}}