{"id":153375,"date":"2021-01-15T12:36:46","date_gmt":"2021-01-15T12:36:46","guid":{"rendered":"https:\/\/codengine3.ch\/?product=import-placeholder-for-205604"},"modified":"2021-01-15T14:42:31","modified_gmt":"2021-01-15T14:42:31","slug":"belastungen-der-finger-beim-sportklettern-im-vergleich","status":"publish","type":"product","link":"https:\/\/pizbube.ch\/en\/shop\/belastungen-der-finger-beim-sportklettern-im-vergleich\/","title":{"rendered":"Belastungen der Finger beim Sportklettern im Vergleich"},"content":{"rendered":"<p>Eine empirische Untersuchung.  <\/p>\n<p>Fingerverletzungen geh\u00f6ren zu den h\u00e4ufigsten Beschwerden im Klet\u00adter\u00adsport,<br \/>\ndeshalb stehen bei fast allen bisherigen Untersuchungen be\u00adz\u00fcg\u00adlich<br \/>\nVerletzungen und \u00dcberlastungsbeschwerden bei Sport\u00adklet\u00adterern die oberen<br \/>\nExtremit\u00e4ten im Vordergrund. F\u00fcr deren Vermei\u00addung ist die Identifikation von<br \/>\nRisikofaktoren grundlegend. Es be\u00adfas\u00adsen sich jedoch nur sehr wenige<br \/>\nUntersuchungen mit den auf\u00adtre\u00adten\u00adden Belastungen des passiven<br \/>\nBewegungsapparates der Finger.  <\/p>\n<p>Einge\u00adbettet in einem sportp\u00e4dagogischen Kontext befasst sich die zentrale<br \/>\nZielsetzung dieser Arbeit mit der Bestimmung von Belastungen ein\u00adzelner Finger<br \/>\nbeim Sportklettern und deren anatomischen Strukturen, durch den Vergleich<br \/>\nzwischen statischer und dynamischer Belastung nach ausgew\u00e4hlten<br \/>\nkletterspezifischen Griffpositionen (h\u00e4ngender Griff\u00adtyp und aufgestellter<br \/>\nGrifftyp) in Abh\u00e4ngigkeit der Finger\u00adgeo\u00admetrie.<\/p>\n<p>Die im Rahmen dieser Arbeit gewonnenen Erkenntnisse sollen durch ihre<br \/>\nAnwendung im Training ein m\u00f6glichst schonendes und ver\u00adletzungsfreies<br \/>\nTrainieren erm\u00f6glichen und somit Wege zu individuellen Grenzerfahrungen der<br \/>\nk\u00f6rperlichen Leistungsf\u00e4higkeit er\u00f6ffnen.<br \/>\n120 S.; Paperback<\/p>","protected":false},"excerpt":{"rendered":"<p>Eine empirische Untersuchung. Fingerverletzungen geh\u00f6ren zu den h\u00e4ufigsten Beschwerden im Klet\u00adter\u00adsport, deshalb stehen bei fast allen bisherigen Untersuchungen be\u00adz\u00fcg\u00adlich Verletzungen und \u00dcberlastungsbeschwerden bei Sport\u00adklet\u00adterern die oberen Extremit\u00e4ten im Vordergrund. F\u00fcr deren Vermei\u00addung ist die Identifikation von Risikofaktoren grundlegend. Es be\u00adfas\u00adsen sich jedoch nur sehr wenige Untersuchungen mit den auf\u00adtre\u00adten\u00adden Belastungen des passiven Bewegungsapparates der Finger. [&#8230;]\n","protected":false},"featured_media":34378,"template":"","meta":[],"product_brand":[],"product_cat":[21538],"product_tag":[],"class_list":{"0":"post-153375","1":"product","2":"type-product","3":"status-publish","4":"has-post-thumbnail","6":"product_cat-lehrbuecher","7":"pa_autor-allgaeuer","8":"pa_erscheinungsjahr-21591","9":"pa_region-medizin-recht","10":"pa_sprache-de","12":"first","13":"instock","14":"taxable","15":"shipping-taxable","16":"purchasable","17":"product-type-simple"},"_links":{"self":[{"href":"https:\/\/pizbube.ch\/en\/wp-json\/wp\/v2\/product\/153375","targetHints":{"allow":["GET"]}}],"collection":[{"href":"https:\/\/pizbube.ch\/en\/wp-json\/wp\/v2\/product"}],"about":[{"href":"https:\/\/pizbube.ch\/en\/wp-json\/wp\/v2\/types\/product"}],"wp:featuredmedia":[{"embeddable":true,"href":"https:\/\/pizbube.ch\/en\/wp-json\/wp\/v2\/media\/34378"}],"wp:attachment":[{"href":"https:\/\/pizbube.ch\/en\/wp-json\/wp\/v2\/media?parent=153375"}],"wp:term":[{"taxonomy":"product_brand","embeddable":true,"href":"https:\/\/pizbube.ch\/en\/wp-json\/wp\/v2\/product_brand?post=153375"},{"taxonomy":"product_cat","embeddable":true,"href":"https:\/\/pizbube.ch\/en\/wp-json\/wp\/v2\/product_cat?post=153375"},{"taxonomy":"product_tag","embeddable":true,"href":"https:\/\/pizbube.ch\/en\/wp-json\/wp\/v2\/product_tag?post=153375"}],"curies":[{"name":"wp","href":"https:\/\/api.w.org\/{rel}","templated":true}]}}