{"id":153377,"date":"2021-01-15T12:36:46","date_gmt":"2021-01-15T12:36:46","guid":{"rendered":"https:\/\/codengine3.ch\/?product=import-placeholder-for-203543"},"modified":"2021-01-15T14:24:16","modified_gmt":"2021-01-15T14:24:16","slug":"sportklettern-aktuelle-sportmedizinische-aspekte","status":"publish","type":"product","link":"https:\/\/pizbube.ch\/en\/shop\/sportklettern-aktuelle-sportmedizinische-aspekte\/","title":{"rendered":"Sportklettern Aktuelle sportmedizinische Aspekte"},"content":{"rendered":"<p>Was als Skript zu einer Fortbildungsveranstaltung f\u00fcr Sportmediziner gedacht<br \/>\nwar, ist wegen hoher Nachfrage nun als Buch zu haben.<br \/>\nVolker Sch\u00f6ffl und Thomas Hochholzer haben darin aktuelle sportmedizinische<br \/>\nAspekte des Sportkletterns zusammengetragen.<br \/>\nDie Beitr\u00e4ge wurden dabei in Skriptform belassen:<br \/>\n&#8211; Verletzungen und \u00dcberlastungserscheinungen beim Sportklettern<br \/>\n&#8211; Diagnosen von Fingerverletzungen<br \/>\n&#8211; Aspekte der Ern\u00e4hrung beim Sportklettern<br \/>\n&#8211; Tapeverb\u00e4nde<br \/>\n&#8211; Fingersch\u00e4den junger Leistungskletterer usw.<\/p>","protected":false},"excerpt":{"rendered":"<p>Was als Skript zu einer Fortbildungsveranstaltung f\u00fcr Sportmediziner gedacht war, ist wegen hoher Nachfrage nun als Buch zu haben. Volker Sch\u00f6ffl und Thomas Hochholzer haben darin aktuelle sportmedizinische Aspekte des Sportkletterns zusammengetragen. Die Beitr\u00e4ge wurden dabei in Skriptform belassen: &#8211; Verletzungen und \u00dcberlastungserscheinungen beim Sportklettern &#8211; Diagnosen von Fingerverletzungen &#8211; Aspekte der Ern\u00e4hrung beim Sportklettern [&#8230;]\n","protected":false},"featured_media":31176,"template":"","meta":[],"product_brand":[],"product_cat":[21538],"product_tag":[],"class_list":{"0":"post-153377","1":"product","2":"type-product","3":"status-publish","4":"has-post-thumbnail","6":"product_cat-lehrbuecher","7":"pa_autor-schoeffl-hochholzer","8":"pa_erscheinungsjahr-21920","9":"pa_region-medizin-recht","10":"pa_sprache-de","12":"first","13":"outofstock","14":"taxable","15":"shipping-taxable","16":"purchasable","17":"product-type-simple"},"_links":{"self":[{"href":"https:\/\/pizbube.ch\/en\/wp-json\/wp\/v2\/product\/153377","targetHints":{"allow":["GET"]}}],"collection":[{"href":"https:\/\/pizbube.ch\/en\/wp-json\/wp\/v2\/product"}],"about":[{"href":"https:\/\/pizbube.ch\/en\/wp-json\/wp\/v2\/types\/product"}],"wp:featuredmedia":[{"embeddable":true,"href":"https:\/\/pizbube.ch\/en\/wp-json\/wp\/v2\/media\/31176"}],"wp:attachment":[{"href":"https:\/\/pizbube.ch\/en\/wp-json\/wp\/v2\/media?parent=153377"}],"wp:term":[{"taxonomy":"product_brand","embeddable":true,"href":"https:\/\/pizbube.ch\/en\/wp-json\/wp\/v2\/product_brand?post=153377"},{"taxonomy":"product_cat","embeddable":true,"href":"https:\/\/pizbube.ch\/en\/wp-json\/wp\/v2\/product_cat?post=153377"},{"taxonomy":"product_tag","embeddable":true,"href":"https:\/\/pizbube.ch\/en\/wp-json\/wp\/v2\/product_tag?post=153377"}],"curies":[{"name":"wp","href":"https:\/\/api.w.org\/{rel}","templated":true}]}}