{"id":153379,"date":"2021-01-15T12:36:47","date_gmt":"2021-01-15T12:36:47","guid":{"rendered":"https:\/\/codengine3.ch\/?product=import-placeholder-for-202507"},"modified":"2021-01-15T12:36:51","modified_gmt":"2021-01-15T12:36:51","slug":"bergtourenparadies-oesterreich","status":"publish","type":"product","link":"https:\/\/pizbube.ch\/en\/shop\/bergtourenparadies-oesterreich\/","title":{"rendered":"Bergtourenparadies \u00d6sterreich"},"content":{"rendered":"<p>Bergsteigen kombiniert mit Bergwandern, Klettern, Schi- und Hochtouren. Mit<br \/>\ndiesen ausgew\u00e4hlten 111 Touren wollen die Autoren begr\u00fcnden und auch<br \/>\nanschaulich bewu\u00dft machen, da\u00df Bergsteigen und Bergwandern nicht von einer<br \/>\nbestimmten Anzahl von H\u00f6henmetern oder extremen Gel\u00e4ndeformen abh\u00e4ngt. Jede<br \/>\nTour wird genau beschrieben und vorgestellt, Tourenkarten und viele Hinweise<br \/>\nerm\u00f6glichen es dem Bergsteiger und Bergwanderer, seine Tour auszuw\u00e4hlen,<br \/>\nvorzubereiten und schlu\u00dfendlich sein pers\u00f6nliches Bergerlebnis zu erfahren.<\/p>","protected":false},"excerpt":{"rendered":"<ul>\n<li><b>INFO: Neuauflage unbestimmt<b><\/li>\n<\/ul>","protected":false},"featured_media":29903,"template":"","meta":[],"product_brand":[],"product_cat":[21544],"product_tag":[],"class_list":{"0":"post-153379","1":"product","2":"type-product","3":"status-publish","4":"has-post-thumbnail","6":"product_cat-fuehrerliteratur-alpin-sommer","7":"pa_autor-auferbauer","8":"pa_erscheinungsjahr-22292","9":"pa_region-oesterreich","10":"pa_sprache-de","12":"first","13":"outofstock","14":"taxable","15":"shipping-taxable","16":"purchasable","17":"product-type-simple"},"_links":{"self":[{"href":"https:\/\/pizbube.ch\/en\/wp-json\/wp\/v2\/product\/153379","targetHints":{"allow":["GET"]}}],"collection":[{"href":"https:\/\/pizbube.ch\/en\/wp-json\/wp\/v2\/product"}],"about":[{"href":"https:\/\/pizbube.ch\/en\/wp-json\/wp\/v2\/types\/product"}],"wp:featuredmedia":[{"embeddable":true,"href":"https:\/\/pizbube.ch\/en\/wp-json\/wp\/v2\/media\/29903"}],"wp:attachment":[{"href":"https:\/\/pizbube.ch\/en\/wp-json\/wp\/v2\/media?parent=153379"}],"wp:term":[{"taxonomy":"product_brand","embeddable":true,"href":"https:\/\/pizbube.ch\/en\/wp-json\/wp\/v2\/product_brand?post=153379"},{"taxonomy":"product_cat","embeddable":true,"href":"https:\/\/pizbube.ch\/en\/wp-json\/wp\/v2\/product_cat?post=153379"},{"taxonomy":"product_tag","embeddable":true,"href":"https:\/\/pizbube.ch\/en\/wp-json\/wp\/v2\/product_tag?post=153379"}],"curies":[{"name":"wp","href":"https:\/\/api.w.org\/{rel}","templated":true}]}}