{"id":153382,"date":"2021-01-15T12:36:52","date_gmt":"2021-01-15T12:36:52","guid":{"rendered":"https:\/\/codengine3.ch\/?product=import-placeholder-for-202513"},"modified":"2021-01-15T12:36:56","modified_gmt":"2021-01-15T12:36:56","slug":"ikarus-ueber-graubuenden","status":"publish","type":"product","link":"https:\/\/pizbube.ch\/en\/shop\/ikarus-ueber-graubuenden\/","title":{"rendered":"Ikarus \u00fcber Graub\u00fcnden"},"content":{"rendered":"<p>Ein neuartiger Bild- und Textband zum Kanton Graub\u00fcnden. In grossformatigen<br \/>\nLuftaufnahmen wird die Vielfalt des Kantons dargestellt. Begleitet werden die<br \/>\nBilder von poetischen Texten in deutscher, r\u00e4toromanischer und italienischer<br \/>\nSprache.  <\/p>","protected":false},"excerpt":{"rendered":"<p>Ein neuartiger Bild- und Textband zum Kanton Graub\u00fcnden. In grossformatigen Luftaufnahmen wird die Vielfalt des Kantons dargestellt. Begleitet werden die Bilder von poetischen Texten in deutscher, r\u00e4toromanischer und italienischer Sprache.<\/p>","protected":false},"featured_media":29910,"template":"","meta":[],"product_brand":[],"product_cat":[21542],"product_tag":[],"class_list":{"0":"post-153382","1":"product","2":"type-product","3":"status-publish","4":"has-post-thumbnail","6":"product_cat-sachbuecher-dokumentationen","7":"pa_autor-donatsch","8":"pa_erscheinungsjahr-22112","9":"pa_region-schweiz","10":"pa_sprache-d","11":"pa_sprache-i","12":"pa_sprache-raetoromanisch","14":"first","15":"outofstock","16":"taxable","17":"shipping-taxable","18":"purchasable","19":"product-type-simple"},"_links":{"self":[{"href":"https:\/\/pizbube.ch\/en\/wp-json\/wp\/v2\/product\/153382","targetHints":{"allow":["GET"]}}],"collection":[{"href":"https:\/\/pizbube.ch\/en\/wp-json\/wp\/v2\/product"}],"about":[{"href":"https:\/\/pizbube.ch\/en\/wp-json\/wp\/v2\/types\/product"}],"wp:featuredmedia":[{"embeddable":true,"href":"https:\/\/pizbube.ch\/en\/wp-json\/wp\/v2\/media\/29910"}],"wp:attachment":[{"href":"https:\/\/pizbube.ch\/en\/wp-json\/wp\/v2\/media?parent=153382"}],"wp:term":[{"taxonomy":"product_brand","embeddable":true,"href":"https:\/\/pizbube.ch\/en\/wp-json\/wp\/v2\/product_brand?post=153382"},{"taxonomy":"product_cat","embeddable":true,"href":"https:\/\/pizbube.ch\/en\/wp-json\/wp\/v2\/product_cat?post=153382"},{"taxonomy":"product_tag","embeddable":true,"href":"https:\/\/pizbube.ch\/en\/wp-json\/wp\/v2\/product_tag?post=153382"}],"curies":[{"name":"wp","href":"https:\/\/api.w.org\/{rel}","templated":true}]}}