{"id":153383,"date":"2021-01-15T12:36:52","date_gmt":"2021-01-15T12:36:52","guid":{"rendered":"https:\/\/codengine3.ch\/?product=import-placeholder-for-204970"},"modified":"2023-10-07T09:45:49","modified_gmt":"2023-10-07T07:45:49","slug":"eduard-spelterini-fotografien-des-ballonpioniers","status":"publish","type":"product","link":"https:\/\/pizbube.ch\/en\/shop\/eduard-spelterini-fotografien-des-ballonpioniers\/","title":{"rendered":"Eduard Spelterini &#8211; Fotografien des Ballonpioniers"},"content":{"rendered":"<p>Der Schweizer Eduard Spelterini (1852-1931) war einer der bedeutendsten<br \/>\nBallonpioniere des ausgehenden 19. Jahrhunderts und europaweit bekannt.<br \/>\nBesonders wichtig ist Spelterini bis heute, weil er seine Ballonfahrten seit<br \/>\n1893 f\u00fcr atemberaubende Luftaufnahmen nutzte. Und er war ein ungemein begabter<br \/>\nFotograf, der mit seiner Kamera die Alpen \u00fcberflog, Schweizer St\u00e4dte aufnahm,<br \/>\naber auch die Pyramiden von Giseh sowie St\u00e4dte und Landschaften in \u00c4gypten, im<br \/>\nOrient und in S\u00fcdafrika.<\/p>\n<p>Der Bildband versammelt erstmals seit 1928 die sch\u00f6nsten und spektakul\u00e4rsten<br \/>\nLuftaufnahmen, direkt ab den originalen Glasnegativen reproduziert. Der<br \/>\nSchriftsteller Alex Capus zeichnet in einem biografischen Portr\u00e4t die<br \/>\nabenteuerliche Lebensgeschichte Spelterinis nach, der Fotohistoriker Hubertus<br \/>\nvon Amelunxen sowie zwei weitere Autoren beleuchten die Bedeutung seiner<br \/>\nfotografischen und aviatischen Leistungen.<\/p>","protected":false},"excerpt":{"rendered":"<p>Der Schweizer Eduard Spelterini (1852-1931) war einer der bedeutendsten Ballonpioniere des ausgehenden 19. Jahrhunderts und europaweit bekannt. Besonders wichtig ist Spelterini bis heute, weil er seine Ballonfahrten seit 1893 f\u00fcr atemberaubende Luftaufnahmen nutzte. Und er war ein ungemein begabter Fotograf, der mit seiner Kamera die Alpen \u00fcberflog, Schweizer St\u00e4dte aufnahm, aber auch die Pyramiden von [&#8230;]\n","protected":false},"featured_media":169837,"template":"","meta":[],"product_brand":[],"product_cat":[21580,21542],"product_tag":[],"class_list":{"0":"post-153383","1":"product","2":"type-product","3":"status-publish","4":"has-post-thumbnail","6":"product_cat-kunst-kultur","7":"product_cat-sachbuecher-dokumentationen","8":"pa_autor-kramer-stadler","9":"pa_erscheinungsjahr-21842","10":"pa_region-schweiz","11":"pa_sprache-d","12":"pa_sprache-e","14":"first","15":"instock","16":"taxable","17":"shipping-taxable","18":"purchasable","19":"product-type-simple"},"_links":{"self":[{"href":"https:\/\/pizbube.ch\/en\/wp-json\/wp\/v2\/product\/153383","targetHints":{"allow":["GET"]}}],"collection":[{"href":"https:\/\/pizbube.ch\/en\/wp-json\/wp\/v2\/product"}],"about":[{"href":"https:\/\/pizbube.ch\/en\/wp-json\/wp\/v2\/types\/product"}],"wp:featuredmedia":[{"embeddable":true,"href":"https:\/\/pizbube.ch\/en\/wp-json\/wp\/v2\/media\/169837"}],"wp:attachment":[{"href":"https:\/\/pizbube.ch\/en\/wp-json\/wp\/v2\/media?parent=153383"}],"wp:term":[{"taxonomy":"product_brand","embeddable":true,"href":"https:\/\/pizbube.ch\/en\/wp-json\/wp\/v2\/product_brand?post=153383"},{"taxonomy":"product_cat","embeddable":true,"href":"https:\/\/pizbube.ch\/en\/wp-json\/wp\/v2\/product_cat?post=153383"},{"taxonomy":"product_tag","embeddable":true,"href":"https:\/\/pizbube.ch\/en\/wp-json\/wp\/v2\/product_tag?post=153383"}],"curies":[{"name":"wp","href":"https:\/\/api.w.org\/{rel}","templated":true}]}}