{"id":153386,"date":"2021-01-15T12:36:52","date_gmt":"2021-01-15T12:36:52","guid":{"rendered":"https:\/\/codengine3.ch\/?product=import-placeholder-for-203530"},"modified":"2021-01-15T14:24:12","modified_gmt":"2021-01-15T14:24:12","slug":"ubaye","status":"publish","type":"product","link":"https:\/\/pizbube.ch\/en\/shop\/ubaye\/","title":{"rendered":"Ubaye"},"content":{"rendered":"<p>Toutes les vall\u00e9es de l&#8217;Ubaye, du col de Larche au barrage de Serre-Pon\u00e7on.<br \/>\nCe toponeige est d\u00e9limit\u00e9 au nord par la ligne de cr\u00eate commune avec le<br \/>\nQueyras, au sud par l&#8217;axe des grands cols (Bonnette, Cayolle, Allos) et \u00e0<br \/>\nl&#8217;est par la cha\u00eene fronti\u00e8re avec l&#8217;Italie. De nombreux circuits d&#8217;un ou<br \/>\nplusieurs jours permettent aussi de communiquer avec ces massifs voisins.<br \/>\nAupillon, Grand Berard, Parpaillon, Mortice, Font-Sancte, Toillies, Rubren,<br \/>\nChambeyron, Sautron, Mo\u00efse, Enchastraye, Siguret, Restefond, Sanguini\u00e8re,<br \/>\nPelat, Seolane, Estrop, Les massifs de la Blanche, des Monges et du Blayeul<br \/>\nsont aussi couverts int\u00e9gralement. Toponeige, Alpes de Haute Provence, 320 p.<\/p>","protected":false},"excerpt":{"rendered":"<p>Toutes les vall\u00e9es de l&#8217;Ubaye, du col de Larche au barrage de Serre-Pon\u00e7on. Ce toponeige est d\u00e9limit\u00e9 au nord par la ligne de cr\u00eate commune avec le Queyras, au sud par l&#8217;axe des grands cols (Bonnette, Cayolle, Allos) et \u00e0 l&#8217;est par la cha\u00eene fronti\u00e8re avec l&#8217;Italie. De nombreux circuits d&#8217;un ou plusieurs jours permettent [&#8230;]\n","protected":false},"featured_media":31161,"template":"","meta":[],"product_brand":[],"product_cat":[21540],"product_tag":[],"class_list":{"0":"post-153386","1":"product","2":"type-product","3":"status-publish","4":"has-post-thumbnail","6":"product_cat-fuehrerliteratur-alpin-winter","7":"pa_autor-foucher","8":"pa_erscheinungsjahr-21920","9":"pa_region-frankreich","10":"pa_sprache-fr","12":"first","13":"instock","14":"taxable","15":"shipping-taxable","16":"purchasable","17":"product-type-simple"},"_links":{"self":[{"href":"https:\/\/pizbube.ch\/en\/wp-json\/wp\/v2\/product\/153386","targetHints":{"allow":["GET"]}}],"collection":[{"href":"https:\/\/pizbube.ch\/en\/wp-json\/wp\/v2\/product"}],"about":[{"href":"https:\/\/pizbube.ch\/en\/wp-json\/wp\/v2\/types\/product"}],"wp:featuredmedia":[{"embeddable":true,"href":"https:\/\/pizbube.ch\/en\/wp-json\/wp\/v2\/media\/31161"}],"wp:attachment":[{"href":"https:\/\/pizbube.ch\/en\/wp-json\/wp\/v2\/media?parent=153386"}],"wp:term":[{"taxonomy":"product_brand","embeddable":true,"href":"https:\/\/pizbube.ch\/en\/wp-json\/wp\/v2\/product_brand?post=153386"},{"taxonomy":"product_cat","embeddable":true,"href":"https:\/\/pizbube.ch\/en\/wp-json\/wp\/v2\/product_cat?post=153386"},{"taxonomy":"product_tag","embeddable":true,"href":"https:\/\/pizbube.ch\/en\/wp-json\/wp\/v2\/product_tag?post=153386"}],"curies":[{"name":"wp","href":"https:\/\/api.w.org\/{rel}","templated":true}]}}